{"id":1238,"date":"2021-11-16T13:29:40","date_gmt":"2021-11-16T13:29:40","guid":{"rendered":"https:\/\/jacaranda.nl\/over-ons\/"},"modified":"2026-03-12T07:15:05","modified_gmt":"2026-03-12T07:15:05","slug":"chi-siamo","status":"publish","type":"page","link":"https:\/\/jacaranda.nl\/it\/chi-siamo\/","title":{"rendered":"Chi siamo"},"content":{"rendered":"<div class=\"section section-pageheader is-small has-no-padding-top-d has-no-padding-bottom-d has-no-padding-bottom-m\">\n    <div class=\"pageheader-top\">\n                    <div class=\"pageheader-visual\">\n                                    <div class=\"image\">\n                        <img decoding=\"async\" src=\"https:\/\/jacaranda.nl\/wp-content\/uploads\/2021\/12\/dsc03036.jpg\" alt=\"\">\n                    <\/div>\n                                    <div class=\"image\">\n                        <img decoding=\"async\" src=\"https:\/\/jacaranda.nl\/wp-content\/uploads\/2021\/12\/dsc02912.jpg\" alt=\"\">\n                    <\/div>\n                                    <div class=\"image\">\n                        <img decoding=\"async\" src=\"https:\/\/jacaranda.nl\/wp-content\/uploads\/2021\/12\/dsc02919.jpg\" alt=\"\">\n                    <\/div>\n                            <\/div>\n                <div class=\"pageheader-content\">\n            <div class=\"container\">\n                                    <div class=\"inner\">\n                        <h1>A proposito di Jacaranda<\/h1>\n<p>Colorare la vita di migliaia di clienti in tutta Europa: questa \u00e8 la nostra missione. Fondata nel 1998, Jacaranda \u00e8 specializzata nella vendita all&#8217;ingrosso di decorazioni, come bouquet di fiori e ghirlande, realizzate con elementi naturali. Inoltre importiamo diversi prodotti, quali oggetti in vetro e in ceramica, cestini e vasi in zinco. Il nostro assortimento comprende oltre 4000 splendidi articoli provenienti da ogni angolo del mondo, come India, Cina, Turchia, Polonia, Germania e Paesi Bassi. Per ambienti interni ed esterni. Sempre di ottima qualit\u00e0 e, per quanto possibile, sostenibili.<\/p>\n<p>La nostra gamma di prodotti \u00e8 reperibile presso rivenditori all&#8217;ingrosso, vivaisti, floricoltori, centri di giardinaggio e fioristi nei Paesi Bassi e altrove.<\/p>\n                    <\/div>\n                            <\/div>\n        <\/div>\n    <\/div>\n<\/div>\n\n<div class=\"section section-content has-no-padding-bottom-d has-no-padding-bottom-m Wit\">\n    <div class=\"container\">\n                    <div class=\"content none\">\n                <h2>Negozio online<\/h2>\n<p>Desideri ordinare i nostri prodotti o proporli ai tuoi clienti? Niente di pi\u00f9 facile! Infatti i tuoi clienti possono ordinare i nostri articoli direttamente presso il tuo negozio online. Vuoi saperne di pi\u00f9? <strong>Richiedi le credenziali di accesso per il nostro fornitissimo webshop o contattaci per maggiori informazioni.<br \/>\n<\/strong><\/p>\n\n                                    <div class=\"button-holder\">\n                                                    <a href=\"https:\/\/shop.app4sales.net\/jacaranda\/\" target=\"_blank\"\n                               class=\"button \">Vai al negozio online<\/a>\n                                                <\/div>\n                            <\/div>\n            <\/div>\n<\/div>\n\n<div class=\"section section-image-content has-no-padding-bottom-d has-no-padding-bottom-m\">\n    <div class=\"container\">\n        <div class=\"image-content has-image-left\">\n\n                            <div class=\"image\">\n                    <img decoding=\"async\" src=\"https:\/\/jacaranda.nl\/wp-content\/uploads\/2022\/01\/Webp.net-compress-image3.jpg\" alt=\"\"\/>\n                <\/div>\n            \n            <div class=\"content\">\n                                    <h2>Non solo fiori e piante<\/h2>\n<p>Il nostro team \u00e8 composto da persone provenienti dal settore dell&#8217;import-export di piante e fiori. Grazie alla lunga esperienza maturata in questo ambito e alla passione per tutto quello che cresce e fiorisce, il passaggio alle decorazioni realizzate con materiali naturali \u00e8 stato pressoch\u00e9 spontaneo. Da azienda nata come produttore di bouquet di fiori secchi, oggi forniamo un ampio ventaglio di articoli che consentono di dare maggiore risalto ai fiori e alle piante. Basti pensare a oggetti in ceramica, cestini e altri materiali decorativi.<\/p>\n                \n                <div class=\"button-holder\">\n                    \n                                    <\/div>\n            <\/div>\n        <\/div>\n    <\/div>\n<\/div>\n\n<div class=\"section section-team\">\n    <div class=\"container\">\n                <div class=\"intro\">\n            <h2>La nostra squadra<\/h2>\n        <\/div>\n                \n                <div class=\"team-wrapper\">\n            <div class=\"team\">\n                                <div class=\"team-member\">\n                                        <div class=\"member-image\">\n                        <img decoding=\"async\" src=\"https:\/\/jacaranda.nl\/wp-content\/uploads\/2022\/12\/team-anoniem-man.jpg\" alt=\"\"\/>\n                    <\/div>\n                                        <div class=\"member-content\">\n                                                <h3>Vincent Schouten<\/h3>\n                                                \n                                                <span class=\"function\">Direttore Generale Vendite<\/span>\n                        \n                                                <a href=\"mailto:vincent@jacaranda.nl\"><span\n                                class=\"email-address\">vincent@jacaranda.nl<\/span><\/a>\n                                            <\/div>\n                <\/div>\n                                <div class=\"team-member\">\n                                        <div class=\"member-image\">\n                        <img decoding=\"async\" src=\"https:\/\/jacaranda.nl\/wp-content\/uploads\/2022\/12\/team-anoniem-vrouw.jpg\" alt=\"\"\/>\n                    <\/div>\n                                        <div class=\"member-content\">\n                                                <h3>Daniela Battaglia<\/h3>\n                                                \n                                                <span class=\"function\">Responsabile clienti<\/span>\n                        \n                                                <a href=\"mailto:daniela@jacaranda.nl\"><span\n                                class=\"email-address\">daniela@jacaranda.nl<\/span><\/a>\n                                            <\/div>\n                <\/div>\n                                <div class=\"team-member\">\n                                        <div class=\"member-image\">\n                        <img decoding=\"async\" src=\"https:\/\/jacaranda.nl\/wp-content\/uploads\/2022\/12\/team-anoniem-man.jpg\" alt=\"\"\/>\n                    <\/div>\n                                        <div class=\"member-content\">\n                                                <h3>Erwin de Beer<\/h3>\n                                                \n                                                <span class=\"function\">Responsabile clienti<\/span>\n                        \n                                                <a href=\"mailto:erwin@jacaranda.nl\"><span\n                                class=\"email-address\">erwin@jacarana.nl<\/span><\/a>\n                                            <\/div>\n                <\/div>\n                                <div class=\"team-member\">\n                                        <div class=\"member-image\">\n                        <img decoding=\"async\" src=\"https:\/\/jacaranda.nl\/wp-content\/uploads\/2022\/12\/team-anoniem-vrouw.jpg\" alt=\"\"\/>\n                    <\/div>\n                                        <div class=\"member-content\">\n                                                <h3>Kate Kulesza<\/h3>\n                                                \n                                                <span class=\"function\">Responsabile clienti<\/span>\n                        \n                                                <a href=\"mailto:kate@jacaranda.nl\"><span\n                                class=\"email-address\">kate@jacaranda.nl<\/span><\/a>\n                                            <\/div>\n                <\/div>\n                                <div class=\"team-member\">\n                                        <div class=\"member-image\">\n                        <img decoding=\"async\" src=\"https:\/\/jacaranda.nl\/wp-content\/uploads\/2022\/12\/team-anoniem-vrouw.jpg\" alt=\"\"\/>\n                    <\/div>\n                                        <div class=\"member-content\">\n                                                <h3>Anouk Dekkers<\/h3>\n                                                \n                                                <span class=\"function\">acquirente junior<\/span>\n                        \n                                                <a href=\"mailto:anouk@jacaranda.nl\"><span\n                                class=\"email-address\">anouk@jacaranda.nl<\/span><\/a>\n                                            <\/div>\n                <\/div>\n                                <div class=\"team-member\">\n                                        <div class=\"member-image\">\n                        <img decoding=\"async\" src=\"https:\/\/jacaranda.nl\/wp-content\/uploads\/2022\/12\/team-anoniem-vrouw.jpg\" alt=\"\"\/>\n                    <\/div>\n                                        <div class=\"member-content\">\n                                                <h3>Annette Schouten<\/h3>\n                                                \n                                                <span class=\"function\">Amministrazione<\/span>\n                        \n                                                <a href=\"mailto:annette@jacaranda.nl\"><span\n                                class=\"email-address\">annette@jacaranda.nl<\/span><\/a>\n                                            <\/div>\n                <\/div>\n                                <div class=\"team-member\">\n                                        <div class=\"member-image\">\n                        <img decoding=\"async\" src=\"https:\/\/jacaranda.nl\/wp-content\/uploads\/2022\/12\/team-anoniem-vrouw.jpg\" alt=\"\"\/>\n                    <\/div>\n                                        <div class=\"member-content\">\n                                                <h3>Aim\u00e9e Schouten<\/h3>\n                                                \n                                                <span class=\"function\">Amministrazione<\/span>\n                        \n                                                <a href=\"http:\/\/mailto.aimee@jacaranda.nl\"><span\n                                class=\"email-address\">aimee@jacaranda.nl<\/span><\/a>\n                                            <\/div>\n                <\/div>\n                                <div class=\"team-member\">\n                                        <div class=\"member-image\">\n                        <img decoding=\"async\" src=\"https:\/\/jacaranda.nl\/wp-content\/uploads\/2022\/12\/team-anoniem-man.jpg\" alt=\"\"\/>\n                    <\/div>\n                                        <div class=\"member-content\">\n                                                <h3>Zico de Swaan<\/h3>\n                                                \n                                                <span class=\"function\">addetto alla logistica<\/span>\n                        \n                                            <\/div>\n                <\/div>\n                                <div class=\"team-member\">\n                                        <div class=\"member-image\">\n                        <img decoding=\"async\" src=\"https:\/\/jacaranda.nl\/wp-content\/uploads\/2022\/12\/team-anoniem-man.jpg\" alt=\"\"\/>\n                    <\/div>\n                                        <div class=\"member-content\">\n                                                <h3>Arek Nelkowski<\/h3>\n                                                \n                                                <span class=\"function\">addetto alla logistica<\/span>\n                        \n                                            <\/div>\n                <\/div>\n                                <div class=\"team-member\">\n                                        <div class=\"member-image\">\n                        <img decoding=\"async\" src=\"https:\/\/jacaranda.nl\/wp-content\/uploads\/2022\/12\/team-anoniem-vrouw.jpg\" alt=\"\"\/>\n                    <\/div>\n                                        <div class=\"member-content\">\n                                                <h3>Patrycja Nelkowska<\/h3>\n                                                \n                                                <span class=\"function\">addetto alla logistica<\/span>\n                        \n                                            <\/div>\n                <\/div>\n                            <\/div>\n        <\/div>\n            <\/div>\n<\/div>\n\n<div class=\"section section-content has-no-padding-bottom-d has-no-padding-bottom-m Wit\">\n    <div class=\"container\">\n                    <div class=\"content none\">\n                <h2>La nostra missione<\/h2>\n<p>Jacaranda si impegna a sviluppare continuamente nuove tendenze in collaborazione con i fornitori. Insieme conferiamo un valore aggiunto ai prodotti destinati ai nostri clienti. Attraverso la costruzione di una relazione basata sulla fiducia con clienti e fornitori, ci adoperiamo per creare un futuro in cui sostenibilit\u00e0 e prodotti attraenti vanno di pari passo.<\/p>\n\n                            <\/div>\n            <\/div>\n<\/div>\n\n<div class=\"section section-full-image has-no-padding-bottom-d has-no-padding-bottom-m\">\n\n        <div class=\"full-image\">\n        <img decoding=\"async\" src=\"https:\/\/jacaranda.nl\/wp-content\/uploads\/2021\/12\/dsc02918.jpg\" alt=\"\" \/>\n    <\/div>\n    <\/div>\n\n<div class=\"section section-image-content has-no-padding-bottom-d has-no-padding-bottom-m\">\n    <div class=\"container\">\n        <div class=\"image-content has-image-right\">\n\n                            <div class=\"image\">\n                    <img decoding=\"async\" src=\"https:\/\/jacaranda.nl\/wp-content\/uploads\/2022\/01\/20211215_123338.jpg\" alt=\"\"\/>\n                <\/div>\n            \n            <div class=\"content\">\n                                    <h2>Storia di Jacaranda<\/h2>\n<p>Jacaranda \u00e8 nata nel 1998. Il fondatore, il signor Van Zoomeren, importava nei Paesi Bassi meravigliosi fiori secchi provenienti dalla Polonia e dall&#8217;India, destinati a una vasta clientela. Il nome Jacaranda \u00e8 ispirato all&#8217;omonima pianta. Durante uno dei suoi viaggi, il primo proprietario rimase affascinato da questo bellissimo albero e dal suo colore viola, che si riflette anche nel logo aziendale.<\/p>\n<p>Dal 2009 il proprietario di Jacaranda \u00e8 Vincent Schouten. Vincent ha ampliato l&#8217;assortimento, inizialmente composto solo da fiori secchi, con l&#8217;aggiunta di oggetti decorativi per la casa e per il giardino. Da quel momento Jacaranda non \u00e8 pi\u00f9 solo lo specialista in fiori secchi per eccellenza, ma \u00e8 anche il f<strong>ornitore di un&#8217;ampia gamma di articoli decorativi realizzati con materiali naturali<\/strong>, quali vasi in terracotta, cestini e vasi in vetro.<\/p>\n                \n                <div class=\"button-holder\">\n                    \n                                    <\/div>\n            <\/div>\n        <\/div>\n    <\/div>\n<\/div>\n\n<div class=\"section section-content has-no-padding-bottom-d has-no-padding-bottom-m Wit\">\n    <div class=\"container\">\n                    <div class=\"content none\">\n                <h2>Attivit\u00e0 sostenibili e responsabili<\/h2>\n<p>Per Jacaranda operare in modo sostenibile \u00e8 molto importante. <strong>Lavoriamo esclusivamente con aziende certificate in cui i requisiti ambientali e di sicurezza sono rigorosamente regolamentati<\/strong> e controllati periodicamente. Ci preme inoltre che le condizioni di lavoro presso i nostri fornitori siano soddisfacenti. Per verificare questo aspetto, visitiamo le fabbriche dei fornitori due volte all&#8217;anno. Possiamo pertanto garantire che non si verifichino situazioni inaccettabili, come il lavoro minorile.<\/p>\n<p>Tutti i nostri prodotti sono realizzati con cura e con amore. Inoltre scegliamo di lavorare con f<strong>ornitori che adottano pratiche sostenibili.<\/strong> Per esempio offriamo numerosi prodotti creati con vetro riciclato e cestini realizzati con materiali sostenibili.<\/p>\n\n                            <\/div>\n            <\/div>\n<\/div>\n\n<div class=\"section section-cta has-no-padding-bottom-d has-no-padding-bottom-m \">\n    <div class=\"cta\">\n        <div class=\"container\">\n            <div class=\"cta-content\">\n\n                                <div class=\"content\">\n                    <h2>Assortimento in costante evoluzione<\/h2>\n<p>Il nostro webshop offre sempre spunti interessanti e originali. Con oltre 4000 prodotti c&#8217;\u00e8 qualcosa per tutti i gusti. Inoltre il ricco assortimento viene rinnovato continuamente. Teniamo conto dei nuovi trend e partecipiamo alle fiere per rimanere sempre aggiornati. Infatti nel nostro vasto assortimento puoi trovare in ogni momento gli articoli pi\u00f9 trendy.<\/p>\n                <\/div>\n                \n                                <div>\n                    <a class=\"button is-cta\" href=\"https:\/\/shop.app4sales.net\/jacaranda\" target=\"_blank\">Vai al webshop<\/a>\n                <\/div>\n                            <\/div>\n        <\/div>\n    <\/div>\n<\/div>\n\n<div class=\"section section-image-content \">\n    <div class=\"container\">\n        <div class=\"image-content has-image-left\">\n\n                            <div class=\"image\">\n                    <img decoding=\"async\" src=\"https:\/\/jacaranda.nl\/wp-content\/uploads\/2023\/09\/Afbeelding-van-WhatsApp-op-2023-09-18-om-14.42.58.jpg\" alt=\"Jacaranda sfeerfoto\"\/>\n                <\/div>\n            \n            <div class=\"content\">\n                                    <h2>Perch\u00e9 scegliere Jacaranda?<\/h2>\n<ul>\n<li>Pi\u00f9 di 4000 prodotti disponibili a magazzino<\/li>\n<li>Webshop ben fornito con un vasto assortimento<\/li>\n<li>Fornitori sostenibili che operano in modo equo e onesto<\/li>\n<li>Sempre aggiornati sulle nuove tendenze<\/li>\n<li>Consegna rapida<\/li>\n<li>Trasporti giornalieri in tutta Europa<\/li>\n<li>Consegna mediante scatolone, bancale, rimorchio o container<\/li>\n<li>Team entusiasta e motivato<\/li>\n<\/ul>\n                \n                <div class=\"button-holder\">\n                    \n                                    <\/div>\n            <\/div>\n        <\/div>\n    <\/div>\n<\/div>","protected":false},"excerpt":{"rendered":"","protected":false},"author":1,"featured_media":0,"parent":0,"menu_order":0,"comment_status":"closed","ping_status":"closed","template":"","meta":{"_acf_changed":false,"footnotes":""},"class_list":["post-1238","page","type-page","status-publish","hentry"],"acf":[],"yoast_head":"<!-- This site is optimized with the Yoast SEO plugin v23.1 - https:\/\/yoast.com\/wordpress\/plugins\/seo\/ -->\n<title>Chi siamo - Jacaranda B.V.<\/title>\n<meta name=\"description\" content=\"Sinds 1998 is Jacaranda d\u00e9 groothandel voor o.a. keramiek, decoratie, glas en droogbloemen. Voor groothandel, opplanters, kwekers, tuincentra en bloemisten.\" \/>\n<meta name=\"robots\" content=\"index, follow, max-snippet:-1, max-image-preview:large, max-video-preview:-1\" \/>\n<link rel=\"canonical\" href=\"https:\/\/jacaranda.nl\/it\/chi-siamo\/\" \/>\n<meta property=\"og:locale\" content=\"it_IT\" \/>\n<meta property=\"og:type\" content=\"article\" \/>\n<meta property=\"og:title\" content=\"Chi siamo - Jacaranda B.V.\" \/>\n<meta property=\"og:description\" content=\"Sinds 1998 is Jacaranda d\u00e9 groothandel voor o.a. keramiek, decoratie, glas en droogbloemen. Voor groothandel, opplanters, kwekers, tuincentra en bloemisten.\" \/>\n<meta property=\"og:url\" content=\"https:\/\/jacaranda.nl\/it\/chi-siamo\/\" \/>\n<meta property=\"og:site_name\" content=\"Jacaranda B.V.\" \/>\n<meta property=\"article:modified_time\" content=\"2026-03-12T07:15:05+00:00\" \/>\n<meta name=\"twitter:card\" content=\"summary_large_image\" \/>\n<script type=\"application\/ld+json\" class=\"yoast-schema-graph\">{\"@context\":\"https:\/\/schema.org\",\"@graph\":[{\"@type\":\"WebPage\",\"@id\":\"https:\/\/jacaranda.nl\/it\/chi-siamo\/\",\"url\":\"https:\/\/jacaranda.nl\/it\/chi-siamo\/\",\"name\":\"Chi siamo - Jacaranda B.V.\",\"isPartOf\":{\"@id\":\"https:\/\/jacaranda.nl\/#website\"},\"datePublished\":\"2021-11-16T13:29:40+00:00\",\"dateModified\":\"2026-03-12T07:15:05+00:00\",\"description\":\"Sinds 1998 is Jacaranda d\u00e9 groothandel voor o.a. keramiek, decoratie, glas en droogbloemen. Voor groothandel, opplanters, kwekers, tuincentra en bloemisten.\",\"breadcrumb\":{\"@id\":\"https:\/\/jacaranda.nl\/it\/chi-siamo\/#breadcrumb\"},\"inLanguage\":\"it-IT\",\"potentialAction\":[{\"@type\":\"ReadAction\",\"target\":[\"https:\/\/jacaranda.nl\/it\/chi-siamo\/\"]}]},{\"@type\":\"BreadcrumbList\",\"@id\":\"https:\/\/jacaranda.nl\/it\/chi-siamo\/#breadcrumb\",\"itemListElement\":[{\"@type\":\"ListItem\",\"position\":1,\"name\":\"Home\",\"item\":\"https:\/\/jacaranda.nl\/it\/\"},{\"@type\":\"ListItem\",\"position\":2,\"name\":\"Chi siamo\"}]},{\"@type\":\"WebSite\",\"@id\":\"https:\/\/jacaranda.nl\/#website\",\"url\":\"https:\/\/jacaranda.nl\/\",\"name\":\"Jacaranda B.V.\",\"description\":\"D\u00e9 groothandel voor potten, decoratie en meer\",\"publisher\":{\"@id\":\"https:\/\/jacaranda.nl\/#organization\"},\"potentialAction\":[{\"@type\":\"SearchAction\",\"target\":{\"@type\":\"EntryPoint\",\"urlTemplate\":\"https:\/\/jacaranda.nl\/?s={search_term_string}\"},\"query-input\":\"required name=search_term_string\"}],\"inLanguage\":\"it-IT\"},{\"@type\":\"Organization\",\"@id\":\"https:\/\/jacaranda.nl\/#organization\",\"name\":\"Jacaranda B.V.\",\"url\":\"https:\/\/jacaranda.nl\/\",\"logo\":{\"@type\":\"ImageObject\",\"inLanguage\":\"it-IT\",\"@id\":\"https:\/\/jacaranda.nl\/#\/schema\/logo\/image\/\",\"url\":\"https:\/\/jacaranda.nl\/wp-content\/uploads\/2021\/11\/social-og-image.png\",\"contentUrl\":\"https:\/\/jacaranda.nl\/wp-content\/uploads\/2021\/11\/social-og-image.png\",\"width\":1200,\"height\":627,\"caption\":\"Jacaranda B.V.\"},\"image\":{\"@id\":\"https:\/\/jacaranda.nl\/#\/schema\/logo\/image\/\"}}]}<\/script>\n<!-- \/ Yoast SEO plugin. -->","yoast_head_json":{"title":"Chi siamo - Jacaranda B.V.","description":"Sinds 1998 is Jacaranda d\u00e9 groothandel voor o.a. keramiek, decoratie, glas en droogbloemen. Voor groothandel, opplanters, kwekers, tuincentra en bloemisten.","robots":{"index":"index","follow":"follow","max-snippet":"max-snippet:-1","max-image-preview":"max-image-preview:large","max-video-preview":"max-video-preview:-1"},"canonical":"https:\/\/jacaranda.nl\/it\/chi-siamo\/","og_locale":"it_IT","og_type":"article","og_title":"Chi siamo - Jacaranda B.V.","og_description":"Sinds 1998 is Jacaranda d\u00e9 groothandel voor o.a. keramiek, decoratie, glas en droogbloemen. Voor groothandel, opplanters, kwekers, tuincentra en bloemisten.","og_url":"https:\/\/jacaranda.nl\/it\/chi-siamo\/","og_site_name":"Jacaranda B.V.","article_modified_time":"2026-03-12T07:15:05+00:00","twitter_card":"summary_large_image","schema":{"@context":"https:\/\/schema.org","@graph":[{"@type":"WebPage","@id":"https:\/\/jacaranda.nl\/it\/chi-siamo\/","url":"https:\/\/jacaranda.nl\/it\/chi-siamo\/","name":"Chi siamo - Jacaranda B.V.","isPartOf":{"@id":"https:\/\/jacaranda.nl\/#website"},"datePublished":"2021-11-16T13:29:40+00:00","dateModified":"2026-03-12T07:15:05+00:00","description":"Sinds 1998 is Jacaranda d\u00e9 groothandel voor o.a. keramiek, decoratie, glas en droogbloemen. Voor groothandel, opplanters, kwekers, tuincentra en bloemisten.","breadcrumb":{"@id":"https:\/\/jacaranda.nl\/it\/chi-siamo\/#breadcrumb"},"inLanguage":"it-IT","potentialAction":[{"@type":"ReadAction","target":["https:\/\/jacaranda.nl\/it\/chi-siamo\/"]}]},{"@type":"BreadcrumbList","@id":"https:\/\/jacaranda.nl\/it\/chi-siamo\/#breadcrumb","itemListElement":[{"@type":"ListItem","position":1,"name":"Home","item":"https:\/\/jacaranda.nl\/it\/"},{"@type":"ListItem","position":2,"name":"Chi siamo"}]},{"@type":"WebSite","@id":"https:\/\/jacaranda.nl\/#website","url":"https:\/\/jacaranda.nl\/","name":"Jacaranda B.V.","description":"D\u00e9 groothandel voor potten, decoratie en meer","publisher":{"@id":"https:\/\/jacaranda.nl\/#organization"},"potentialAction":[{"@type":"SearchAction","target":{"@type":"EntryPoint","urlTemplate":"https:\/\/jacaranda.nl\/?s={search_term_string}"},"query-input":"required name=search_term_string"}],"inLanguage":"it-IT"},{"@type":"Organization","@id":"https:\/\/jacaranda.nl\/#organization","name":"Jacaranda B.V.","url":"https:\/\/jacaranda.nl\/","logo":{"@type":"ImageObject","inLanguage":"it-IT","@id":"https:\/\/jacaranda.nl\/#\/schema\/logo\/image\/","url":"https:\/\/jacaranda.nl\/wp-content\/uploads\/2021\/11\/social-og-image.png","contentUrl":"https:\/\/jacaranda.nl\/wp-content\/uploads\/2021\/11\/social-og-image.png","width":1200,"height":627,"caption":"Jacaranda B.V."},"image":{"@id":"https:\/\/jacaranda.nl\/#\/schema\/logo\/image\/"}}]}},"_links":{"self":[{"href":"https:\/\/jacaranda.nl\/it\/wp-json\/wp\/v2\/pages\/1238","targetHints":{"allow":["GET"]}}],"collection":[{"href":"https:\/\/jacaranda.nl\/it\/wp-json\/wp\/v2\/pages"}],"about":[{"href":"https:\/\/jacaranda.nl\/it\/wp-json\/wp\/v2\/types\/page"}],"author":[{"embeddable":true,"href":"https:\/\/jacaranda.nl\/it\/wp-json\/wp\/v2\/users\/1"}],"replies":[{"embeddable":true,"href":"https:\/\/jacaranda.nl\/it\/wp-json\/wp\/v2\/comments?post=1238"}],"version-history":[{"count":10,"href":"https:\/\/jacaranda.nl\/it\/wp-json\/wp\/v2\/pages\/1238\/revisions"}],"predecessor-version":[{"id":2303,"href":"https:\/\/jacaranda.nl\/it\/wp-json\/wp\/v2\/pages\/1238\/revisions\/2303"}],"wp:attachment":[{"href":"https:\/\/jacaranda.nl\/it\/wp-json\/wp\/v2\/media?parent=1238"}],"curies":[{"name":"wp","href":"https:\/\/api.w.org\/{rel}","templated":true}]}}