{"id":1235,"date":"2021-12-06T10:55:20","date_gmt":"2021-12-06T10:55:20","guid":{"rendered":"https:\/\/jacaranda.nl\/manden-hout-zink\/"},"modified":"2022-01-13T15:44:34","modified_gmt":"2022-01-13T15:44:34","slug":"cestini-legno-e-zinco","status":"publish","type":"page","link":"https:\/\/jacaranda.nl\/it\/negozio\/cestini-legno-e-zinco\/","title":{"rendered":"Cestini, legno e zinco"},"content":{"rendered":"<div class=\"section section-pageheader is-small has-no-padding-top-d has-no-padding-bottom-d has-no-padding-top-m has-no-padding-bottom-m\">\n    <div class=\"pageheader-top\">\n                    <div class=\"pageheader-visual\">\n                                    <div class=\"image\">\n                        <img decoding=\"async\" src=\"https:\/\/jacaranda.nl\/wp-content\/uploads\/2021\/12\/img_83558552.jpg\" alt=\"\">\n                    <\/div>\n                            <\/div>\n                <div class=\"pageheader-content\">\n            <div class=\"container\">\n                                    <div class=\"inner\">\n                        <h1>Ordina dal grossista in vasi di fiori (con un tocco sostenibile)<\/h1>\n                    <\/div>\n                            <\/div>\n        <\/div>\n    <\/div>\n<\/div>\n\n<div class=\"section section-content has-no-padding-bottom-d has-no-padding-bottom-m Wit\">\n    <div class=\"container\">\n                    <div class=\"content aligned-full\">\n                <h2>Il grossista di vasi di fior<\/h2>\n<p>Jacaranda \u00e8 il fornitore all&#8217;ingrosso per eccellenza di vasi per fiori, cestini e fioriere. Naturalmente nel nostro ricco assortimento non mancano i vasi in ceramica di ogni dimensione, a cui si aggiungono cestini di vimini, fioriere e vasi in zinco e in legno. Teniamo conto delle nuove tendenze e proponiamo un assortimento in linea con lo stile contemporaneo, in grado di soddisfare le esigenze dei tuoi clienti. Garantiamo inoltre che i nostri articoli vengono prodotti in condizioni di lavoro eque e in modo sostenibile.<\/p>\n\n                                    <div class=\"button-holder\">\n                                                    <a href=\"https:\/\/shop.app4sales.net\/jacaranda\/\" target=\"\"\n                               class=\"button \">Visita il negozio online<\/a>\n                                                <\/div>\n                            <\/div>\n            <\/div>\n<\/div>\n\n<div class=\"section section-image-content has-no-padding-bottom-d has-no-padding-bottom-m\">\n    <div class=\"container\">\n        <div class=\"image-content has-image-left\">\n\n                            <div class=\"image\">\n                    <img decoding=\"async\" src=\"https:\/\/jacaranda.nl\/wp-content\/uploads\/2022\/01\/img_83558135-1.jpg\" alt=\"\"\/>\n                <\/div>\n            \n            <div class=\"content\">\n                                    <h2>Fornitore all&#8217;ingrosso di vasi per fiori dal 1998<\/h2>\n<p>Dal 1998 operiamo nel settore dei fiori e delle piante in qualit\u00e0 di fornitore all&#8217;ingrosso di vasi per fiori. Conosciamo a fondo il nostro mestiere e sappiamo cogliere la bellezza e la qualit\u00e0. Lo si intuisce dal <strong>nostro ampio e variegato assortimento di prodotti realizzati con cura<\/strong> in paesi quali India, Cina, Turchia, Polonia e Germania. Sempre in condizioni di lavoro eque, un aspetto sul quale non transigiamo.<\/p>\n<p>I nostri clienti sono principalmente commercianti all&#8217;ingrosso di fiori e piante e centri di giardinaggio, situati nei Paesi Bassi e altrove. Ti interessa saperne di pi\u00f9? Richiedi le credenziali di accesso per il nostro negozio online, cos\u00ec anche tu potrai deliziare i tuoi clienti con vasi di alta qualit\u00e0.<\/p>\n                \n                <div class=\"button-holder\">\n                    \n                                    <\/div>\n            <\/div>\n        <\/div>\n    <\/div>\n<\/div>\n\n<div class=\"section section-content has-no-padding-bottom-d has-no-padding-bottom-m Wit\">\n    <div class=\"container\">\n                    <div class=\"content aligned-full\">\n                <h2>Ampia scelta di cestini di vimini<\/h2>\n<p>Oltre ai vasi per fiori, di cui siamo gli specialisti assoluti, vendiamo anche cestini di vimini. Disponiamo di <strong>un&#8217;ampia scelta di cestini di vimini di ogni forma e dimensione<\/strong>. Negli interni in stile rustico, i cestini creano un&#8217;atmosfera confortevole e accogliente e conferiscono calore e intimit\u00e0 alla casa e al giardino. I cestini di vimini si prestano bene come contenitori ornamentali per fiori secchi.<\/p>\n<p>Questo materiale intrecciato non passa mai di moda e ha un aspetto naturale che ben si adatta a diversi stili di arredamento. Fornisci spunti interessanti ai consumatori, per esempio riempiendo un cestino (foderato) con bulbi di narcisi, giacinti o muscari in primavera. Oppure sistema nel cesto una bella pianta da appartamento, per un risultato di grande effetto in soggiorno o in camera da letto.<\/p>\n<p>Disponiamo di un&#8217;ampia gamma di cestini realizzati in rattan, vimini e bamb\u00f9:<\/p>\n<ul>\n<li>Il <strong>rattan<\/strong> deriva da una palma e si presenta sotto forma di liana dura e solida (contrariamente al bamb\u00f9 che \u00e8 cavo). Questo materiale si presta perfettamente alla produzione di splendidi complementi di arredo.<\/li>\n<li>Il salice da <strong>vimini<\/strong> \u00e8 una pianta acquatica i cui rami vengono spesso intrecciati per realizzare cestini, sedie e borse. Si adatta bene agli interni in stile classico e naturale ed \u00e8 facile da verniciare nel proprio colore preferito.<\/li>\n<li>Il <strong>bamb\u00f9<\/strong> \u00e8 un&#8217;erba a crescita molto rapida i cui steli diventano duri. Il bamb\u00f9 ha un aspetto caratteristico e una durezza paragonabile al legno di quercia. Un altro vantaggio \u00e8 che il bamb\u00f9 praticamente non si dilata e non si restringe.<\/li>\n<\/ul>\n<p>I nostri cestini vengono prodotti in Cina presso fabbriche certificate che non si servono di lavoro minorile. I prodotti vengono realizzati con materiali sostenibili. Due volte all&#8217;anno visitiamo le fabbriche con cui lavoriamo per verificare le condizioni di lavoro, la qualit\u00e0 e la sostenibilit\u00e0 dei prodotti.<\/p>\n\n                                    <div class=\"button-holder\">\n                                                    <a href=\"https:\/\/shop.app4sales.net\/jacaranda\/#catalog?edition=35\" target=\"_blank\"\n                               class=\"button \">Scopri i nostri cestini<\/a>\n                                                <\/div>\n                            <\/div>\n            <\/div>\n<\/div>\n\n<div class=\"section section-image-content \">\n    <div class=\"container\">\n        <div class=\"image-content has-image-left\">\n\n                            <div class=\"image\">\n                    <img decoding=\"async\" src=\"https:\/\/jacaranda.nl\/wp-content\/uploads\/2022\/01\/img_83558533.jpg\" alt=\"\"\/>\n                <\/div>\n            \n            <div class=\"content\">\n                                    <h2>Secchi in zinco<\/h2>\n<p>In passato numerosi oggetti di uso domestico erano realizzati in zinco. Non c&#8217;\u00e8 da stupirsi, poich\u00e9 lo zinco \u00e8 un materiale resistente che non arrugginisce. Forse lo zinco richiama alla mente le pattumiere di una volta. Ma in realt\u00e0 \u00e8 un materiale molto pi\u00f9 versatile, come puoi osservare visionando i nostri prodotti. Jacaranda \u00e8 il fornitore all&#8217;ingrosso per eccellenza di vasi per fiori in zinco. Disponiamo inoltre di un ricco assortimento di decorazioni per la casa in zinco, come secchi, annaffiatoi e lanterne.<\/p>\n<p>Lo zinco offre numerosi vantaggi:<\/p>\n<ul>\n<li>Gli oggetti in zinco hanno una durata straordinariamente lunga.<\/li>\n<li>Lo zinco \u00e8 facile da fondere e quindi da riutilizzare.<\/li>\n<li>Lo zinco \u00e8 resistente alle intemperie e non arrugginisce, quindi \u00e8 adatto per interni ed esterni.<\/li>\n<li>Lo zinco non richiede praticamente manutenzione.<\/li>\n<li>Lo zinco \u00e8 facilmente verniciabile.<\/li>\n<li>Lo zinco diventa sempre pi\u00f9 bello con il passare del tempo.<\/li>\n<\/ul>\n                \n                <div class=\"button-holder\">\n                                            <a class=\"button has-arrow\" href=\"https:\/\/shop.app4sales.net\/jacaranda\/#catalog?edition=29\"\n                           target=\"_blank\">Scopri i prodotti in zinco<\/a>\n                    \n                                    <\/div>\n            <\/div>\n        <\/div>\n    <\/div>\n<\/div>\n\n<div class=\"section section-image-content \">\n    <div class=\"container\">\n        <div class=\"image-content has-image-right\">\n\n                            <div class=\"image\">\n                    <img decoding=\"async\" src=\"https:\/\/jacaranda.nl\/wp-content\/uploads\/2022\/01\/1C394FF3243BE42401ED098B6CB3BD2012594EB9.jpg\" alt=\"\"\/>\n                <\/div>\n            \n            <div class=\"content\">\n                                    <h2>Fioriere in legno<\/h2>\n<p>Le fioriere in legno sono oggetti senza tempo e possono accogliere piante diverse, sia in casa che fuori. Puoi sistemare al loro interno attraenti piante aromatiche, utilizzarle all&#8217;esterno come recipienti per piante di grandi dimensioni o collocare una fila di vasetti in legno sul davanzale della finestra. La fioriera conferisce un aspetto unico alla pianta che contiene. Inoltre le fioriere in legno sono sostenibili e di facile manutenzione, e hanno una durata straordinariamente lunga.<\/p>\n                \n                <div class=\"button-holder\">\n                    \n                                    <\/div>\n            <\/div>\n        <\/div>\n    <\/div>\n<\/div>\n\n<div class=\"section section-cta has-no-padding-bottom-d has-no-padding-bottom-m \">\n    <div class=\"cta\">\n        <div class=\"container\">\n            <div class=\"cta-content\">\n\n                                <div class=\"content\">\n                    <h2>Scopri il nostro assortimento di vasi per fiori<\/h2>\n<p>Sei curioso di conoscere i nostri prodotti, per venderli direttamente o per far felici i tuoi clienti? Jacaranda, specializzata nella vendita all&#8217;ingrosso di vasi per fiori, ti offre un&#8217;ampia scelta. Scopri la nostra eclettica collezione di vasi, cestini e fioriere nel negozio online. Richiedi subito le credenziali di accesso e componi il tuo assortimento.<\/p>\n<p>Naturalmente sei sempre il benvenuto presso il nostro <strong>showroom<\/strong> di Aalsmeer. In alternativa saremo lieti di farti visita con il nostro showroom itinerante, a bordo del quale potrai visionare gran parte della collezione disponibile per la vendita all&#8217;ingrosso. Siamo a tua disposizione per fornirti informazioni e spunti interessanti.<\/p>\n                <\/div>\n                \n                                <div>\n                    <a class=\"button is-cta\" href=\"https:\/\/jacaranda.nl\/it\/contact\/\" target=\"\">Contattaci<\/a>\n                <\/div>\n                            <\/div>\n        <\/div>\n    <\/div>\n<\/div>","protected":false},"excerpt":{"rendered":"","protected":false},"author":1,"featured_media":0,"parent":1240,"menu_order":0,"comment_status":"closed","ping_status":"closed","template":"","meta":{"_acf_changed":false,"footnotes":""},"class_list":["post-1235","page","type-page","status-publish","hentry"],"acf":[],"yoast_head":"<!-- This site is optimized with the Yoast SEO plugin v23.1 - https:\/\/yoast.com\/wordpress\/plugins\/seo\/ -->\n<title>Cestini, legno e zinco - Jacaranda B.V.<\/title>\n<meta name=\"description\" content=\"Wil je bloempotten aanbieden die duurzaam zijn en van goede kwaliteit? Jacaranda is d\u00e9 groothandel in bloempotten van keramiek, glas, hout, zink en meer.\" \/>\n<meta name=\"robots\" content=\"index, follow, max-snippet:-1, max-image-preview:large, max-video-preview:-1\" \/>\n<link rel=\"canonical\" href=\"https:\/\/jacaranda.nl\/it\/negozio\/cestini-legno-e-zinco\/\" \/>\n<meta property=\"og:locale\" content=\"it_IT\" \/>\n<meta property=\"og:type\" content=\"article\" \/>\n<meta property=\"og:title\" content=\"Cestini, legno e zinco - Jacaranda B.V.\" \/>\n<meta property=\"og:description\" content=\"Wil je bloempotten aanbieden die duurzaam zijn en van goede kwaliteit? Jacaranda is d\u00e9 groothandel in bloempotten van keramiek, glas, hout, zink en meer.\" \/>\n<meta property=\"og:url\" content=\"https:\/\/jacaranda.nl\/it\/negozio\/cestini-legno-e-zinco\/\" \/>\n<meta property=\"og:site_name\" content=\"Jacaranda B.V.\" \/>\n<meta property=\"article:modified_time\" content=\"2022-01-13T15:44:34+00:00\" \/>\n<meta name=\"twitter:card\" content=\"summary_large_image\" \/>\n<script type=\"application\/ld+json\" class=\"yoast-schema-graph\">{\"@context\":\"https:\/\/schema.org\",\"@graph\":[{\"@type\":\"WebPage\",\"@id\":\"https:\/\/jacaranda.nl\/it\/negozio\/cestini-legno-e-zinco\/\",\"url\":\"https:\/\/jacaranda.nl\/it\/negozio\/cestini-legno-e-zinco\/\",\"name\":\"Cestini, legno e zinco - Jacaranda B.V.\",\"isPartOf\":{\"@id\":\"https:\/\/jacaranda.nl\/#website\"},\"datePublished\":\"2021-12-06T10:55:20+00:00\",\"dateModified\":\"2022-01-13T15:44:34+00:00\",\"description\":\"Wil je bloempotten aanbieden die duurzaam zijn en van goede kwaliteit? Jacaranda is d\u00e9 groothandel in bloempotten van keramiek, glas, hout, zink en meer.\",\"breadcrumb\":{\"@id\":\"https:\/\/jacaranda.nl\/it\/negozio\/cestini-legno-e-zinco\/#breadcrumb\"},\"inLanguage\":\"it-IT\",\"potentialAction\":[{\"@type\":\"ReadAction\",\"target\":[\"https:\/\/jacaranda.nl\/it\/negozio\/cestini-legno-e-zinco\/\"]}]},{\"@type\":\"BreadcrumbList\",\"@id\":\"https:\/\/jacaranda.nl\/it\/negozio\/cestini-legno-e-zinco\/#breadcrumb\",\"itemListElement\":[{\"@type\":\"ListItem\",\"position\":1,\"name\":\"Home\",\"item\":\"https:\/\/jacaranda.nl\/it\/\"},{\"@type\":\"ListItem\",\"position\":2,\"name\":\"Negozio\",\"item\":\"https:\/\/jacaranda.nl\/it\/negozio\/\"},{\"@type\":\"ListItem\",\"position\":3,\"name\":\"Cestini, legno e zinco\"}]},{\"@type\":\"WebSite\",\"@id\":\"https:\/\/jacaranda.nl\/#website\",\"url\":\"https:\/\/jacaranda.nl\/\",\"name\":\"Jacaranda B.V.\",\"description\":\"D\u00e9 groothandel voor potten, decoratie en meer\",\"publisher\":{\"@id\":\"https:\/\/jacaranda.nl\/#organization\"},\"potentialAction\":[{\"@type\":\"SearchAction\",\"target\":{\"@type\":\"EntryPoint\",\"urlTemplate\":\"https:\/\/jacaranda.nl\/?s={search_term_string}\"},\"query-input\":\"required name=search_term_string\"}],\"inLanguage\":\"it-IT\"},{\"@type\":\"Organization\",\"@id\":\"https:\/\/jacaranda.nl\/#organization\",\"name\":\"Jacaranda B.V.\",\"url\":\"https:\/\/jacaranda.nl\/\",\"logo\":{\"@type\":\"ImageObject\",\"inLanguage\":\"it-IT\",\"@id\":\"https:\/\/jacaranda.nl\/#\/schema\/logo\/image\/\",\"url\":\"https:\/\/jacaranda.nl\/wp-content\/uploads\/2021\/11\/social-og-image.png\",\"contentUrl\":\"https:\/\/jacaranda.nl\/wp-content\/uploads\/2021\/11\/social-og-image.png\",\"width\":1200,\"height\":627,\"caption\":\"Jacaranda B.V.\"},\"image\":{\"@id\":\"https:\/\/jacaranda.nl\/#\/schema\/logo\/image\/\"}}]}<\/script>\n<!-- \/ Yoast SEO plugin. -->","yoast_head_json":{"title":"Cestini, legno e zinco - Jacaranda B.V.","description":"Wil je bloempotten aanbieden die duurzaam zijn en van goede kwaliteit? Jacaranda is d\u00e9 groothandel in bloempotten van keramiek, glas, hout, zink en meer.","robots":{"index":"index","follow":"follow","max-snippet":"max-snippet:-1","max-image-preview":"max-image-preview:large","max-video-preview":"max-video-preview:-1"},"canonical":"https:\/\/jacaranda.nl\/it\/negozio\/cestini-legno-e-zinco\/","og_locale":"it_IT","og_type":"article","og_title":"Cestini, legno e zinco - Jacaranda B.V.","og_description":"Wil je bloempotten aanbieden die duurzaam zijn en van goede kwaliteit? Jacaranda is d\u00e9 groothandel in bloempotten van keramiek, glas, hout, zink en meer.","og_url":"https:\/\/jacaranda.nl\/it\/negozio\/cestini-legno-e-zinco\/","og_site_name":"Jacaranda B.V.","article_modified_time":"2022-01-13T15:44:34+00:00","twitter_card":"summary_large_image","schema":{"@context":"https:\/\/schema.org","@graph":[{"@type":"WebPage","@id":"https:\/\/jacaranda.nl\/it\/negozio\/cestini-legno-e-zinco\/","url":"https:\/\/jacaranda.nl\/it\/negozio\/cestini-legno-e-zinco\/","name":"Cestini, legno e zinco - Jacaranda B.V.","isPartOf":{"@id":"https:\/\/jacaranda.nl\/#website"},"datePublished":"2021-12-06T10:55:20+00:00","dateModified":"2022-01-13T15:44:34+00:00","description":"Wil je bloempotten aanbieden die duurzaam zijn en van goede kwaliteit? Jacaranda is d\u00e9 groothandel in bloempotten van keramiek, glas, hout, zink en meer.","breadcrumb":{"@id":"https:\/\/jacaranda.nl\/it\/negozio\/cestini-legno-e-zinco\/#breadcrumb"},"inLanguage":"it-IT","potentialAction":[{"@type":"ReadAction","target":["https:\/\/jacaranda.nl\/it\/negozio\/cestini-legno-e-zinco\/"]}]},{"@type":"BreadcrumbList","@id":"https:\/\/jacaranda.nl\/it\/negozio\/cestini-legno-e-zinco\/#breadcrumb","itemListElement":[{"@type":"ListItem","position":1,"name":"Home","item":"https:\/\/jacaranda.nl\/it\/"},{"@type":"ListItem","position":2,"name":"Negozio","item":"https:\/\/jacaranda.nl\/it\/negozio\/"},{"@type":"ListItem","position":3,"name":"Cestini, legno e zinco"}]},{"@type":"WebSite","@id":"https:\/\/jacaranda.nl\/#website","url":"https:\/\/jacaranda.nl\/","name":"Jacaranda B.V.","description":"D\u00e9 groothandel voor potten, decoratie en meer","publisher":{"@id":"https:\/\/jacaranda.nl\/#organization"},"potentialAction":[{"@type":"SearchAction","target":{"@type":"EntryPoint","urlTemplate":"https:\/\/jacaranda.nl\/?s={search_term_string}"},"query-input":"required name=search_term_string"}],"inLanguage":"it-IT"},{"@type":"Organization","@id":"https:\/\/jacaranda.nl\/#organization","name":"Jacaranda B.V.","url":"https:\/\/jacaranda.nl\/","logo":{"@type":"ImageObject","inLanguage":"it-IT","@id":"https:\/\/jacaranda.nl\/#\/schema\/logo\/image\/","url":"https:\/\/jacaranda.nl\/wp-content\/uploads\/2021\/11\/social-og-image.png","contentUrl":"https:\/\/jacaranda.nl\/wp-content\/uploads\/2021\/11\/social-og-image.png","width":1200,"height":627,"caption":"Jacaranda B.V."},"image":{"@id":"https:\/\/jacaranda.nl\/#\/schema\/logo\/image\/"}}]}},"_links":{"self":[{"href":"https:\/\/jacaranda.nl\/it\/wp-json\/wp\/v2\/pages\/1235","targetHints":{"allow":["GET"]}}],"collection":[{"href":"https:\/\/jacaranda.nl\/it\/wp-json\/wp\/v2\/pages"}],"about":[{"href":"https:\/\/jacaranda.nl\/it\/wp-json\/wp\/v2\/types\/page"}],"author":[{"embeddable":true,"href":"https:\/\/jacaranda.nl\/it\/wp-json\/wp\/v2\/users\/1"}],"replies":[{"embeddable":true,"href":"https:\/\/jacaranda.nl\/it\/wp-json\/wp\/v2\/comments?post=1235"}],"version-history":[{"count":0,"href":"https:\/\/jacaranda.nl\/it\/wp-json\/wp\/v2\/pages\/1235\/revisions"}],"up":[{"embeddable":true,"href":"https:\/\/jacaranda.nl\/it\/wp-json\/wp\/v2\/pages\/1240"}],"wp:attachment":[{"href":"https:\/\/jacaranda.nl\/it\/wp-json\/wp\/v2\/media?parent=1235"}],"curies":[{"name":"wp","href":"https:\/\/api.w.org\/{rel}","templated":true}]}}