{"id":1303,"date":"2021-11-16T13:28:50","date_gmt":"2021-11-16T13:28:50","guid":{"rendered":"https:\/\/jacaranda.nl\/home\/"},"modified":"2022-01-25T14:35:53","modified_gmt":"2022-01-25T14:35:53","slug":"home","status":"publish","type":"page","link":"https:\/\/jacaranda.nl\/fr\/","title":{"rendered":"Home"},"content":{"rendered":"<div class=\"section section-pageheader has-no-padding-top-d has-no-padding-bottom-d has-no-padding-bottom-m\">\n    <div class=\"pageheader-top\">\n        <div class=\"pageheader-visual\">\n                                                <div class=\"image\">\n                        <img decoding=\"async\" src=\"https:\/\/jacaranda.nl\/wp-content\/uploads\/2021\/12\/20211103_100000.jpg\" alt=\"\">\n                    <\/div>\n                                    <div class=\"image\">\n                        <img decoding=\"async\" src=\"https:\/\/jacaranda.nl\/wp-content\/uploads\/2021\/12\/img_83558110_5.jpg\" alt=\"\">\n                    <\/div>\n                                    <div class=\"image\">\n                        <img decoding=\"async\" src=\"https:\/\/jacaranda.nl\/wp-content\/uploads\/2021\/12\/img_83558135.jpg\" alt=\"\">\n                    <\/div>\n                                    <\/div>\n                    <div class=\"pageheader-logo\">\n                <img decoding=\"async\" src=\"https:\/\/jacaranda.nl\/wp-content\/uploads\/2021\/12\/jacaranda-logo-full.svg\" alt=\"\">\n            <\/div>\n            <\/div>\n\n            <div class=\"pageheader-cards has-negative-margin-top\">\n            <div class=\"container\">\n                <div class=\"pageheader-cards-holder\">\n                                            <div class=\"card\">\n                                                            <div class=\"card-image\">\n                                    <img decoding=\"async\" src=\"https:\/\/jacaranda.nl\/wp-content\/uploads\/2021\/12\/img_83558552.jpg\" alt=\"\">\n                                <\/div>\n                                                        <div class=\"card-content\">\n                                                                    <div class=\"inner\">\n                                        <h2>Paniers, bois et zinc<\/h2>\n                                    <\/div>\n                                \n                                                                    <div class=\"link-holder\">\n                                        <a href=\"https:\/\/jacaranda.nl\/fr\/producten\/paniers-bois-et-zinc\/\"\n                                           target=\"\"><span>Lire plus<\/span><\/a>\n                                    <\/div>\n                                                            <\/div>\n                        <\/div>\n                                            <div class=\"card\">\n                                                            <div class=\"card-image\">\n                                    <img decoding=\"async\" src=\"https:\/\/jacaranda.nl\/wp-content\/uploads\/2021\/12\/img_83558534-scaled.jpg\" alt=\"\">\n                                <\/div>\n                                                        <div class=\"card-content\">\n                                                                    <div class=\"inner\">\n                                        <h2>Articles de d\u00e9coration<\/h2>\n                                    <\/div>\n                                \n                                                                    <div class=\"link-holder\">\n                                        <a href=\"https:\/\/jacaranda.nl\/fr\/producten\/decoration\/\"\n                                           target=\"\"><span>Lire plus<\/span><\/a>\n                                    <\/div>\n                                                            <\/div>\n                        <\/div>\n                                            <div class=\"card\">\n                                                            <div class=\"card-image\">\n                                    <img decoding=\"async\" src=\"https:\/\/jacaranda.nl\/wp-content\/uploads\/2021\/12\/img_83558544.jpg\" alt=\"\">\n                                <\/div>\n                                                        <div class=\"card-content\">\n                                                                    <div class=\"inner\">\n                                        <h2>C\u00e9ramique<\/h2>\n                                    <\/div>\n                                \n                                                                    <div class=\"link-holder\">\n                                        <a href=\"https:\/\/jacaranda.nl\/fr\/producten\/ceramique\/\"\n                                           target=\"\"><span>Lire plus<\/span><\/a>\n                                    <\/div>\n                                                            <\/div>\n                        <\/div>\n                                            <div class=\"card\">\n                                                            <div class=\"card-image\">\n                                    <img decoding=\"async\" src=\"https:\/\/jacaranda.nl\/wp-content\/uploads\/2021\/12\/20211110_121219.jpg\" alt=\"\">\n                                <\/div>\n                                                        <div class=\"card-content\">\n                                                                    <div class=\"inner\">\n                                        <h2>Verrerie<\/h2>\n                                    <\/div>\n                                \n                                                                    <div class=\"link-holder\">\n                                        <a href=\"https:\/\/jacaranda.nl\/fr\/producten\/articles-en-verre\/\"\n                                           target=\"\"><span>Lire plus<\/span><\/a>\n                                    <\/div>\n                                                            <\/div>\n                        <\/div>\n                                            <div class=\"card\">\n                                                            <div class=\"card-image\">\n                                    <img decoding=\"async\" src=\"https:\/\/jacaranda.nl\/wp-content\/uploads\/2022\/01\/20220103_112019.jpg\" alt=\"\">\n                                <\/div>\n                                                        <div class=\"card-content\">\n                                                                    <div class=\"inner\">\n                                        <h2>Fleurs s\u00e9ch\u00e9es<\/h2>\n                                    <\/div>\n                                \n                                                                    <div class=\"link-holder\">\n                                        <a href=\"https:\/\/jacaranda.nl\/fr\/producten\/fleurs-sechees\/\"\n                                           target=\"\"><span>Lire plus<\/span><\/a>\n                                    <\/div>\n                                                            <\/div>\n                        <\/div>\n                                    <\/div>\n            <\/div>\n        <\/div>\n    <\/div>\n\n<div class=\"section section-image-content has-no-padding-bottom-d has-no-padding-bottom-m\">\n    <div class=\"container\">\n        <div class=\"image-content has-image-left\">\n\n                            <div class=\"image\">\n                    <img decoding=\"async\" src=\"https:\/\/jacaranda.nl\/wp-content\/uploads\/2022\/01\/img_20211215_134856__HpruL.jpg\" alt=\"\"\/>\n                <\/div>\n            \n            <div class=\"content\">\n                                    <h1>Votre grossiste en d\u00e9coration pour l&rsquo;int\u00e9rieur et l&rsquo;ext\u00e9rieur<\/h1>\n<p>Jacaranda est le grossiste par excellence en mati\u00e8re d\u2019articles de d\u00e9coration naturelle, de bouquets de fleurs s\u00e9ch\u00e9es, d\u2019articles en verre, en c\u00e9ramique et plus encore. Nous vendons nos produits aux jardineries et aux grossistes en fleurs et en plantes, aux Pays-Bas et \u00e0 l&rsquo;\u00e9tranger. Vous recherchez de magnifiques mat\u00e9riels de d\u00e9coration pour l&rsquo;int\u00e9rieur et l&rsquo;ext\u00e9rieur pour ravir vos clients\u00a0? Alors vous \u00eates chez nous \u00e0 la bonne adresse. Nous donnons de la couleur \u00e0 la vie de milliers de clients. Nous le faisons, car nous sommes passionn\u00e9s par les mat\u00e9riaux d\u00e9coratifs naturels, la verrerie et la c\u00e9ramique et aussi gr\u00e2ce \u00e0 notre longue exp\u00e9rience dans le domaine des fleurs et des plantes.<\/p>\n                \n                <div class=\"button-holder\">\n                                            <a class=\"button has-arrow\" href=\"https:\/\/jacaranda.nl\/fr\/over-ons\/\"\n                           target=\"\">En savoir plus sur Jacaranda<\/a>\n                    \n                                    <\/div>\n            <\/div>\n        <\/div>\n    <\/div>\n<\/div>\n\n<div class=\"section section-image-content \">\n    <div class=\"container\">\n        <div class=\"image-content has-image-right\">\n\n                            <div class=\"image\">\n                    <img decoding=\"async\" src=\"https:\/\/jacaranda.nl\/wp-content\/uploads\/2022\/01\/20211103_094655.jpg\" alt=\"\"\/>\n                <\/div>\n            \n            <div class=\"content\">\n                                    <h2>Une gamme tendance 365 jours par an<\/h2>\n<p>Bien s\u00fbr, nous nous adaptons aux saisons et aux th\u00e8mes\u00a0: le printemps, P\u00e2ques ou justement l&rsquo;automne et No\u00ebl\u00a0? <strong>Nous proposons les plus beaux produits pour chaque saison<\/strong>\u00a0; notre gamme de produits s\u2019adapte donc constamment. Et ce n&rsquo;est pas le choix qui manque. Voyez par vous-m\u00eame. Nous avons des pots, des vases, des articles en verre et d&rsquo;autres belles choses de toutes formes et tailles. Et toujours en phase avec les derni\u00e8res tendances.<\/p>\n<p>Vous pourrez trouver les derni\u00e8res nouvelles sur notre page actus. C\u2019est l\u00e0 que vous trouverez plus d\u2019informations sur les produits tr\u00e8s tendance pour la saison \u00e0 venir, entre autres.<\/p>\n                \n                <div class=\"button-holder\">\n                    \n                                    <\/div>\n            <\/div>\n        <\/div>\n    <\/div>\n<\/div>\n\n<div class=\"section section-full-image has-no-padding-top-d has-no-padding-bottom-d has-no-padding-top-m has-no-padding-bottom-m\">\n\n    <\/div>\n\n<div class=\"section section-content has-no-padding-bottom-d has-no-padding-bottom-m Wit\">\n    <div class=\"container\">\n                    <div class=\"content none\">\n                <h2>Fabriqu\u00e9s dans le souci de la qualit\u00e9<\/h2>\n<p>Nos produits sont toujours de bonne qualit\u00e9. De cette fa\u00e7on, nous pouvons vous garantir que vos clients en profiteront pendant des ann\u00e9es. Nous vendons une large gamme de produits, tels que des paniers, des articles de d\u00e9coration, des bouquets de fleurs s\u00e9ch\u00e9es et de la c\u00e9ramique. Tous ces produits ont un point commun\u00a0: ils sont fabriqu\u00e9s dans le respect de l\u2019environnement. Par exemple, nous utilisons du verre recycl\u00e9 pour certains de nos produits.<\/p>\n<p>D&rsquo;o\u00f9 viennent nos produits\u00a0? Du monde entier. Toujours aupr\u00e8s de fournisseurs soigneusement s\u00e9lectionn\u00e9s qui travaillent dans des conditions strictes. Chacun d&rsquo;entre eux est certifi\u00e9 et nous les visitons \u00e9galement deux fois par an pour nous assurer de la <strong>bonne qualit\u00e9 et de l&rsquo;\u00e9quit\u00e9 des processus de travail<\/strong>.<\/p>\n\n                            <\/div>\n            <\/div>\n<\/div>\n\n<div class=\"section section-image-content \">\n    <div class=\"container\">\n        <div class=\"image-content has-image-left\">\n\n                            <div class=\"image\">\n                    <img decoding=\"async\" src=\"https:\/\/jacaranda.nl\/wp-content\/uploads\/2022\/01\/20220104_115548.jpg\" alt=\"\"\/>\n                <\/div>\n            \n            <div class=\"content\">\n                                    <h2>Visitez notre showroom<\/h2>\n<p>Vous souhaitez vraiment voir nos produits\u00a0? Nous vous invitons \u00e0 venir visiter notre showroom. Notre showroom \u00e0 Aalsmeer est <strong>le lieu par excellence o\u00f9 les grossistes, les d\u00e9taillants et les fleuristes peuvent s&rsquo;inspirer et acheter directement nos produits<\/strong>. D&rsquo;une superficie de plus de 3\u00a0000 m2 , il vaut la peine d&rsquo;\u00eatre visit\u00e9. La plupart des produits sont de stock et nous pouvons les livrer rapidement et efficacement. Venez nous rendre visite. Nous serions heureux de vous rencontrer et de vous montrer nos produits.<\/p>\n                \n                <div class=\"button-holder\">\n                                            <a class=\"button has-arrow\" href=\"https:\/\/jacaranda.nl\/fr\/contact\/\"\n                           target=\"\">Prendre rendez-vous<\/a>\n                    \n                                    <\/div>\n            <\/div>\n        <\/div>\n    <\/div>\n<\/div>\n\n<div class=\"section section-cta has-no-padding-top-d has-no-padding-bottom-d has-no-padding-top-m has-no-padding-bottom-m \">\n    <div class=\"cta\">\n        <div class=\"container\">\n            <div class=\"cta-content\">\n\n                                <div class=\"content\">\n                    <h2>Showroom mobile<\/h2>\n<p>Outre notre showroom \u00e0 Aalsmeer, nous disposons \u00e9galement d&rsquo;un showroom mobile. Ce bus contient tous nos \u00e9chantillons pour que nous puissions les montrer \u00e0 nos clients dans tous les Pays-Bas et \u00e0 l&rsquo;\u00e9tranger. Une mani\u00e8re personnalis\u00e9e et agr\u00e9able de faire connaissance avec notre gamme de produits\u00a0! <strong>Souhaitez-vous que nous vous rendions visite et que nous vous pr\u00e9sentions nos produits devant votre entreprise\u00a0? Contactez-nous pour fixer une date<\/strong>.<\/p>\n                <\/div>\n                \n                                <div>\n                    <a class=\"button is-cta\" href=\"https:\/\/jacaranda.nl\/fr\/contact\/\" target=\"\">Fixer un rendez-vous<\/a>\n                <\/div>\n                            <\/div>\n        <\/div>\n    <\/div>\n<\/div>","protected":false},"excerpt":{"rendered":"","protected":false},"author":1,"featured_media":0,"parent":0,"menu_order":0,"comment_status":"closed","ping_status":"closed","template":"","meta":{"_acf_changed":false,"footnotes":""},"class_list":["post-1303","page","type-page","status-publish","hentry"],"acf":[],"yoast_head":"<!-- This site is optimized with the Yoast SEO plugin v23.1 - https:\/\/yoast.com\/wordpress\/plugins\/seo\/ -->\n<title>Jacaranda B.V. - D\u00e9 groothandel voor potten, decoratie en meer<\/title>\n<meta name=\"description\" content=\"Bied via Jacaranda jouw klanten een mooi aanbod van decoratie, glas, droogbloemen, keramiek en meer. Bekijk hier ons assortiment en mogelijkheden.\" \/>\n<meta name=\"robots\" content=\"index, follow, max-snippet:-1, max-image-preview:large, max-video-preview:-1\" \/>\n<link rel=\"canonical\" href=\"https:\/\/jacaranda.nl\/fr\/\" \/>\n<meta property=\"og:locale\" content=\"fr_FR\" \/>\n<meta property=\"og:type\" content=\"article\" \/>\n<meta property=\"og:title\" content=\"Jacaranda B.V. - D\u00e9 groothandel voor potten, decoratie en meer\" \/>\n<meta property=\"og:description\" content=\"Bied via Jacaranda jouw klanten een mooi aanbod van decoratie, glas, droogbloemen, keramiek en meer. Bekijk hier ons assortiment en mogelijkheden.\" \/>\n<meta property=\"og:url\" content=\"https:\/\/jacaranda.nl\/fr\/\" \/>\n<meta property=\"og:site_name\" content=\"Jacaranda B.V.\" \/>\n<meta property=\"article:modified_time\" content=\"2022-01-25T14:35:53+00:00\" \/>\n<meta name=\"twitter:card\" content=\"summary_large_image\" \/>\n<script type=\"application\/ld+json\" class=\"yoast-schema-graph\">{\"@context\":\"https:\/\/schema.org\",\"@graph\":[{\"@type\":\"WebPage\",\"@id\":\"https:\/\/jacaranda.nl\/fr\/\",\"url\":\"https:\/\/jacaranda.nl\/fr\/\",\"name\":\"Jacaranda B.V. - D\u00e9 groothandel voor potten, decoratie en meer\",\"isPartOf\":{\"@id\":\"https:\/\/jacaranda.nl\/#website\"},\"datePublished\":\"2021-11-16T13:28:50+00:00\",\"dateModified\":\"2022-01-25T14:35:53+00:00\",\"description\":\"Bied via Jacaranda jouw klanten een mooi aanbod van decoratie, glas, droogbloemen, keramiek en meer. Bekijk hier ons assortiment en mogelijkheden.\",\"breadcrumb\":{\"@id\":\"https:\/\/jacaranda.nl\/fr\/#breadcrumb\"},\"inLanguage\":\"fr-FR\",\"potentialAction\":[{\"@type\":\"ReadAction\",\"target\":[\"https:\/\/jacaranda.nl\/fr\/\"]}]},{\"@type\":\"BreadcrumbList\",\"@id\":\"https:\/\/jacaranda.nl\/fr\/#breadcrumb\",\"itemListElement\":[{\"@type\":\"ListItem\",\"position\":1,\"name\":\"Home\",\"item\":\"https:\/\/jacaranda.nl\/fr\/\"},{\"@type\":\"ListItem\",\"position\":2,\"name\":\"Home\"}]},{\"@type\":\"WebSite\",\"@id\":\"https:\/\/jacaranda.nl\/#website\",\"url\":\"https:\/\/jacaranda.nl\/\",\"name\":\"Jacaranda B.V.\",\"description\":\"D\u00e9 groothandel voor potten, decoratie en meer\",\"publisher\":{\"@id\":\"https:\/\/jacaranda.nl\/#organization\"},\"potentialAction\":[{\"@type\":\"SearchAction\",\"target\":{\"@type\":\"EntryPoint\",\"urlTemplate\":\"https:\/\/jacaranda.nl\/?s={search_term_string}\"},\"query-input\":\"required name=search_term_string\"}],\"inLanguage\":\"fr-FR\"},{\"@type\":\"Organization\",\"@id\":\"https:\/\/jacaranda.nl\/#organization\",\"name\":\"Jacaranda B.V.\",\"url\":\"https:\/\/jacaranda.nl\/\",\"logo\":{\"@type\":\"ImageObject\",\"inLanguage\":\"fr-FR\",\"@id\":\"https:\/\/jacaranda.nl\/#\/schema\/logo\/image\/\",\"url\":\"https:\/\/jacaranda.nl\/wp-content\/uploads\/2021\/11\/social-og-image.png\",\"contentUrl\":\"https:\/\/jacaranda.nl\/wp-content\/uploads\/2021\/11\/social-og-image.png\",\"width\":1200,\"height\":627,\"caption\":\"Jacaranda B.V.\"},\"image\":{\"@id\":\"https:\/\/jacaranda.nl\/#\/schema\/logo\/image\/\"}}]}<\/script>\n<!-- \/ Yoast SEO plugin. -->","yoast_head_json":{"title":"Jacaranda B.V. - D\u00e9 groothandel voor potten, decoratie en meer","description":"Bied via Jacaranda jouw klanten een mooi aanbod van decoratie, glas, droogbloemen, keramiek en meer. Bekijk hier ons assortiment en mogelijkheden.","robots":{"index":"index","follow":"follow","max-snippet":"max-snippet:-1","max-image-preview":"max-image-preview:large","max-video-preview":"max-video-preview:-1"},"canonical":"https:\/\/jacaranda.nl\/fr\/","og_locale":"fr_FR","og_type":"article","og_title":"Jacaranda B.V. - D\u00e9 groothandel voor potten, decoratie en meer","og_description":"Bied via Jacaranda jouw klanten een mooi aanbod van decoratie, glas, droogbloemen, keramiek en meer. Bekijk hier ons assortiment en mogelijkheden.","og_url":"https:\/\/jacaranda.nl\/fr\/","og_site_name":"Jacaranda B.V.","article_modified_time":"2022-01-25T14:35:53+00:00","twitter_card":"summary_large_image","schema":{"@context":"https:\/\/schema.org","@graph":[{"@type":"WebPage","@id":"https:\/\/jacaranda.nl\/fr\/","url":"https:\/\/jacaranda.nl\/fr\/","name":"Jacaranda B.V. - D\u00e9 groothandel voor potten, decoratie en meer","isPartOf":{"@id":"https:\/\/jacaranda.nl\/#website"},"datePublished":"2021-11-16T13:28:50+00:00","dateModified":"2022-01-25T14:35:53+00:00","description":"Bied via Jacaranda jouw klanten een mooi aanbod van decoratie, glas, droogbloemen, keramiek en meer. Bekijk hier ons assortiment en mogelijkheden.","breadcrumb":{"@id":"https:\/\/jacaranda.nl\/fr\/#breadcrumb"},"inLanguage":"fr-FR","potentialAction":[{"@type":"ReadAction","target":["https:\/\/jacaranda.nl\/fr\/"]}]},{"@type":"BreadcrumbList","@id":"https:\/\/jacaranda.nl\/fr\/#breadcrumb","itemListElement":[{"@type":"ListItem","position":1,"name":"Home","item":"https:\/\/jacaranda.nl\/fr\/"},{"@type":"ListItem","position":2,"name":"Home"}]},{"@type":"WebSite","@id":"https:\/\/jacaranda.nl\/#website","url":"https:\/\/jacaranda.nl\/","name":"Jacaranda B.V.","description":"D\u00e9 groothandel voor potten, decoratie en meer","publisher":{"@id":"https:\/\/jacaranda.nl\/#organization"},"potentialAction":[{"@type":"SearchAction","target":{"@type":"EntryPoint","urlTemplate":"https:\/\/jacaranda.nl\/?s={search_term_string}"},"query-input":"required name=search_term_string"}],"inLanguage":"fr-FR"},{"@type":"Organization","@id":"https:\/\/jacaranda.nl\/#organization","name":"Jacaranda B.V.","url":"https:\/\/jacaranda.nl\/","logo":{"@type":"ImageObject","inLanguage":"fr-FR","@id":"https:\/\/jacaranda.nl\/#\/schema\/logo\/image\/","url":"https:\/\/jacaranda.nl\/wp-content\/uploads\/2021\/11\/social-og-image.png","contentUrl":"https:\/\/jacaranda.nl\/wp-content\/uploads\/2021\/11\/social-og-image.png","width":1200,"height":627,"caption":"Jacaranda B.V."},"image":{"@id":"https:\/\/jacaranda.nl\/#\/schema\/logo\/image\/"}}]}},"_links":{"self":[{"href":"https:\/\/jacaranda.nl\/fr\/wp-json\/wp\/v2\/pages\/1303","targetHints":{"allow":["GET"]}}],"collection":[{"href":"https:\/\/jacaranda.nl\/fr\/wp-json\/wp\/v2\/pages"}],"about":[{"href":"https:\/\/jacaranda.nl\/fr\/wp-json\/wp\/v2\/types\/page"}],"author":[{"embeddable":true,"href":"https:\/\/jacaranda.nl\/fr\/wp-json\/wp\/v2\/users\/1"}],"replies":[{"embeddable":true,"href":"https:\/\/jacaranda.nl\/fr\/wp-json\/wp\/v2\/comments?post=1303"}],"version-history":[{"count":0,"href":"https:\/\/jacaranda.nl\/fr\/wp-json\/wp\/v2\/pages\/1303\/revisions"}],"wp:attachment":[{"href":"https:\/\/jacaranda.nl\/fr\/wp-json\/wp\/v2\/media?parent=1303"}],"curies":[{"name":"wp","href":"https:\/\/api.w.org\/{rel}","templated":true}]}}