{"id":1300,"date":"2021-11-16T13:29:40","date_gmt":"2021-11-16T13:29:40","guid":{"rendered":"https:\/\/jacaranda.nl\/over-ons\/"},"modified":"2026-03-12T07:14:16","modified_gmt":"2026-03-12T07:14:16","slug":"a-propos-de-nous","status":"publish","type":"page","link":"https:\/\/jacaranda.nl\/fr\/a-propos-de-nous\/","title":{"rendered":"\u00c0 propos de nous"},"content":{"rendered":"<div class=\"section section-pageheader is-small has-no-padding-top-d has-no-padding-bottom-d has-no-padding-bottom-m\">\n    <div class=\"pageheader-top\">\n                    <div class=\"pageheader-visual\">\n                                    <div class=\"image\">\n                        <img decoding=\"async\" src=\"https:\/\/jacaranda.nl\/wp-content\/uploads\/2021\/12\/dsc03036.jpg\" alt=\"\">\n                    <\/div>\n                                    <div class=\"image\">\n                        <img decoding=\"async\" src=\"https:\/\/jacaranda.nl\/wp-content\/uploads\/2021\/12\/dsc02912.jpg\" alt=\"\">\n                    <\/div>\n                                    <div class=\"image\">\n                        <img decoding=\"async\" src=\"https:\/\/jacaranda.nl\/wp-content\/uploads\/2021\/12\/dsc02919.jpg\" alt=\"\">\n                    <\/div>\n                            <\/div>\n                <div class=\"pageheader-content\">\n            <div class=\"container\">\n                                    <div class=\"inner\">\n                        <h1>\u00c0 propos de Jacaranda<\/h1>\n<p>Donner de la couleur \u00e0 la vie de milliers de clients dans toute l&rsquo;Europe, tel est notre objectif. En 1998, nous avons commenc\u00e9 comme grossiste dans le secteur des articles de d\u00e9coration naturelle comme les bouquets et les couronnes. Parall\u00e8lement, nous importons \u00e9galement d&rsquo;autres produits, tels que les articles en verre, en c\u00e9ramique, les paniers et les pots en zinc. Nous importons plus de 4\u00a0000 beaux produits de pays du monde entier, comme l&rsquo;Inde, la Chine, la Turquie, la Pologne, l&rsquo;Allemagne et les Pays-Bas. Pour l&rsquo;int\u00e9rieur et l&rsquo;ext\u00e9rieur. Toujours de bonne qualit\u00e9 et, si possible, durables.<\/p>\n                    <\/div>\n                            <\/div>\n        <\/div>\n    <\/div>\n<\/div>\n\n<div class=\"section section-content has-no-padding-bottom-d has-no-padding-bottom-m Wit\">\n    <div class=\"container\">\n                    <div class=\"content none\">\n                <h2>Notre boutique en ligne<\/h2>\n<p>Vous souhaitez commander nos produits ou les proposer \u00e0 votre client\u00a0? C&rsquo;est tr\u00e8s facile, car vous pouvez laisser les clients commander notre gamme de produits directement dans votre boutique en ligne. Vous voudriez en savoir plus\u00a0? <strong>Demandez un code d\u2019acc\u00e8s \u00e0 notre boutique en ligne tr\u00e8s \u00e9tendue ou contactez-nous pour plus d&rsquo;informations.<br \/>\n<\/strong><\/p>\n\n                                    <div class=\"button-holder\">\n                                                    <a href=\"https:\/\/shop.app4sales.net\/jacaranda\/\" target=\"_blank\"\n                               class=\"button \">Aller \u00e0 la boutique en ligne<\/a>\n                                                <\/div>\n                            <\/div>\n            <\/div>\n<\/div>\n\n<div class=\"section section-image-content has-no-padding-bottom-d has-no-padding-bottom-m\">\n    <div class=\"container\">\n        <div class=\"image-content has-image-left\">\n\n                            <div class=\"image\">\n                    <img decoding=\"async\" src=\"https:\/\/jacaranda.nl\/wp-content\/uploads\/2022\/01\/Webp.net-compress-image3.jpg\" alt=\"\"\/>\n                <\/div>\n            \n            <div class=\"content\">\n                                    <h2>Plus que des fleurs et des plantes<\/h2>\n<p>\u00c0 l&rsquo;origine, notre \u00e9quipe est issue du secteur de l&rsquo;exportation et de l&rsquo;importation de plantes et de fleurs. Nos nombreuses ann\u00e9es d&rsquo;exp\u00e9rience dans ce secteur et notre amour de tout ce qui pousse et fleurit ont rendu le passage aux mat\u00e9riels de d\u00e9coration naturels vraiment logique. Alors que nous avions commenc\u00e9 avec des bouquets de fleurs s\u00e9ch\u00e9es, nous fournissons d\u00e9sormais tout ce dont vous pouvez avoir besoin pour mettre les fleurs et les plantes davantage en valeur. Pensez aux articles en c\u00e9ramique, aux paniers et autres mat\u00e9riels de d\u00e9coration.<\/p>\n                \n                <div class=\"button-holder\">\n                    \n                                    <\/div>\n            <\/div>\n        <\/div>\n    <\/div>\n<\/div>\n\n<div class=\"section section-team\">\n    <div class=\"container\">\n                <div class=\"intro\">\n            <h2>Notre \u00e9quipe<\/h2>\n        <\/div>\n                \n                <div class=\"team-wrapper\">\n            <div class=\"team\">\n                                <div class=\"team-member\">\n                                        <div class=\"member-image\">\n                        <img decoding=\"async\" src=\"https:\/\/jacaranda.nl\/wp-content\/uploads\/2022\/12\/team-anoniem-man.jpg\" alt=\"\"\/>\n                    <\/div>\n                                        <div class=\"member-content\">\n                                                <h3>Vincent Schouten<\/h3>\n                                                \n                                                <span class=\"function\">Directeur g\u00e9n\u00e9ral des ventes<\/span>\n                        \n                                                <a href=\"mailto:vincent@jacaranda.nl\"><span\n                                class=\"email-address\">vincent@jacaranda.nl<\/span><\/a>\n                                            <\/div>\n                <\/div>\n                                <div class=\"team-member\">\n                                        <div class=\"member-image\">\n                        <img decoding=\"async\" src=\"https:\/\/jacaranda.nl\/wp-content\/uploads\/2022\/12\/team-anoniem-vrouw.jpg\" alt=\"\"\/>\n                    <\/div>\n                                        <div class=\"member-content\">\n                                                <h3>Daniela Battaglia<\/h3>\n                                                \n                                                <span class=\"function\">Gestionnaire de compte<\/span>\n                        \n                                                <a href=\"mailto:daniela@jacaranda.nl\"><span\n                                class=\"email-address\">daniela@jacaranda.nl<\/span><\/a>\n                                            <\/div>\n                <\/div>\n                                <div class=\"team-member\">\n                                        <div class=\"member-image\">\n                        <img decoding=\"async\" src=\"https:\/\/jacaranda.nl\/wp-content\/uploads\/2022\/12\/team-anoniem-man.jpg\" alt=\"\"\/>\n                    <\/div>\n                                        <div class=\"member-content\">\n                                                <h3>Erwin de Beer <\/h3>\n                                                \n                                                <span class=\"function\">Gestionnaire de compte<\/span>\n                        \n                                                <a href=\"mailto:erwin@jacaranda.nl\"><span\n                                class=\"email-address\">erwin@jacaranda.nl<\/span><\/a>\n                                            <\/div>\n                <\/div>\n                                <div class=\"team-member\">\n                                        <div class=\"member-image\">\n                        <img decoding=\"async\" src=\"https:\/\/jacaranda.nl\/wp-content\/uploads\/2022\/12\/team-anoniem-vrouw.jpg\" alt=\"\"\/>\n                    <\/div>\n                                        <div class=\"member-content\">\n                                                <h3>Kate Kulesza<\/h3>\n                                                \n                                                <span class=\"function\">Gestionnaire de compte<\/span>\n                        \n                                                <a href=\"mailto:kate@jacaranda.nl\"><span\n                                class=\"email-address\">kate@jacaranda.nl<\/span><\/a>\n                                            <\/div>\n                <\/div>\n                                <div class=\"team-member\">\n                                        <div class=\"member-image\">\n                        <img decoding=\"async\" src=\"https:\/\/jacaranda.nl\/wp-content\/uploads\/2022\/12\/team-anoniem-vrouw.jpg\" alt=\"\"\/>\n                    <\/div>\n                                        <div class=\"member-content\">\n                                                <h3>Anouk Dekkers<\/h3>\n                                                \n                                                <span class=\"function\">Acheteur junior<\/span>\n                        \n                                                <a href=\"mailto:anouk@jacaranda.nl\"><span\n                                class=\"email-address\">anouk@jacaranda.nl<\/span><\/a>\n                                            <\/div>\n                <\/div>\n                                <div class=\"team-member\">\n                                        <div class=\"member-image\">\n                        <img decoding=\"async\" src=\"https:\/\/jacaranda.nl\/wp-content\/uploads\/2022\/12\/team-anoniem-vrouw.jpg\" alt=\"\"\/>\n                    <\/div>\n                                        <div class=\"member-content\">\n                                                <h3>Annette Schouten<\/h3>\n                                                \n                                                <span class=\"function\">Administration<\/span>\n                        \n                                                <a href=\"mailto:annette@jacaranda.nl\"><span\n                                class=\"email-address\">annette@jacaranda.nl<\/span><\/a>\n                                            <\/div>\n                <\/div>\n                                <div class=\"team-member\">\n                                        <div class=\"member-image\">\n                        <img decoding=\"async\" src=\"https:\/\/jacaranda.nl\/wp-content\/uploads\/2022\/12\/team-anoniem-vrouw.jpg\" alt=\"\"\/>\n                    <\/div>\n                                        <div class=\"member-content\">\n                                                <h3>Aim\u00e9e Schouten<\/h3>\n                                                \n                                                <span class=\"function\">Administration<\/span>\n                        \n                                                <a href=\"http:\/\/mailto.aimee@jacaranda.nl\"><span\n                                class=\"email-address\">aimee@jacaranda.nl<\/span><\/a>\n                                            <\/div>\n                <\/div>\n                                <div class=\"team-member\">\n                                        <div class=\"member-image\">\n                        <img decoding=\"async\" src=\"https:\/\/jacaranda.nl\/wp-content\/uploads\/2022\/12\/team-anoniem-man.jpg\" alt=\"\"\/>\n                    <\/div>\n                                        <div class=\"member-content\">\n                                                <h3>Zico de Swaan<\/h3>\n                                                \n                                                <span class=\"function\">employ\u00e9 logistique<\/span>\n                        \n                                            <\/div>\n                <\/div>\n                                <div class=\"team-member\">\n                                        <div class=\"member-image\">\n                        <img decoding=\"async\" src=\"https:\/\/jacaranda.nl\/wp-content\/uploads\/2022\/12\/team-anoniem-man.jpg\" alt=\"\"\/>\n                    <\/div>\n                                        <div class=\"member-content\">\n                                                <h3>Arek Nelkowski<\/h3>\n                                                \n                                                <span class=\"function\">employ\u00e9 logistique<\/span>\n                        \n                                            <\/div>\n                <\/div>\n                                <div class=\"team-member\">\n                                        <div class=\"member-image\">\n                        <img decoding=\"async\" src=\"https:\/\/jacaranda.nl\/wp-content\/uploads\/2022\/12\/team-anoniem-vrouw.jpg\" alt=\"\"\/>\n                    <\/div>\n                                        <div class=\"member-content\">\n                                                <h3>Patrycja Nelkowska<\/h3>\n                                                \n                                                <span class=\"function\">employ\u00e9 logistique<\/span>\n                        \n                                            <\/div>\n                <\/div>\n                            <\/div>\n        <\/div>\n            <\/div>\n<\/div>\n\n<div class=\"section section-content has-no-padding-bottom-d has-no-padding-bottom-m Wit\">\n    <div class=\"container\">\n                    <div class=\"content none\">\n                <h2>Notre mission<\/h2>\n<p>Chez Jacaranda, nous souhaitons constamment d\u00e9velopper de nouvelles tendances avec nos fournisseurs. Ensemble, nous ajoutons de la valeur \u00e0 votre produit. En \u00e9tablissant une relation de confiance avec nos clients et nos fournisseurs, nous travaillons ensemble \u00e0 un avenir o\u00f9 durabilit\u00e9 et beaux produits vont de pair.<\/p>\n\n                            <\/div>\n            <\/div>\n<\/div>\n\n<div class=\"section section-full-image has-no-padding-bottom-d has-no-padding-bottom-m\">\n\n        <div class=\"full-image\">\n        <img decoding=\"async\" src=\"https:\/\/jacaranda.nl\/wp-content\/uploads\/2021\/12\/dsc02918.jpg\" alt=\"\" \/>\n    <\/div>\n    <\/div>\n\n<div class=\"section section-image-content has-no-padding-bottom-d has-no-padding-bottom-m\">\n    <div class=\"container\">\n        <div class=\"image-content has-image-right\">\n\n                            <div class=\"image\">\n                    <img decoding=\"async\" src=\"https:\/\/jacaranda.nl\/wp-content\/uploads\/2022\/01\/20211215_123338.jpg\" alt=\"\"\/>\n                <\/div>\n            \n            <div class=\"content\">\n                                    <h2>L&rsquo;histoire de Jacaranda<\/h2>\n<p>Nous avons cr\u00e9\u00e9 Jacaranda en 1998. Le fondateur, M. Van Zoomeren organisait l\u2019importation aux Pays-Bas des plus belles fleurs s\u00e9ch\u00e9es de Pologne et d&rsquo;Inde pour une large client\u00e8le. Le nom Jacaranda vient du Jacaranda Mimosifolia ou Arbre foug\u00e8re. Le premier propri\u00e9taire de Jacaranda \u00e9tait fascin\u00e9 par ce bel arbre et sa couleur pourpre lors d&rsquo;un de ses voyages. Cette couleur se retrouve \u00e9galement dans notre logo.<\/p>\n<p>Depuis 2009, c&rsquo;est Vincent Schouten le propri\u00e9taire de Jacaranda. Il a \u00e9tendu la gamme des fleurs s\u00e9ch\u00e9es aux articles de d\u00e9coration pour la maison et le jardin. Depuis, Jacaranda est devenue non seulement un sp\u00e9cialiste des fleurs s\u00e9ch\u00e9es, mais aussi un <strong>fournisseur de toutes sortes de mat\u00e9riels de d\u00e9coration naturels<\/strong>, tels que des pots, des paniers et des vases en verre.<\/p>\n                \n                <div class=\"button-holder\">\n                    \n                                    <\/div>\n            <\/div>\n        <\/div>\n    <\/div>\n<\/div>\n\n<div class=\"section section-content has-no-padding-bottom-d has-no-padding-bottom-m Wit\">\n    <div class=\"container\">\n                    <div class=\"content none\">\n                <h2>Entrepreneuriat durable et responsable<\/h2>\n<p>Entreprendre de fa\u00e7on durable est tr\u00e8s important pour nous.<strong> Nous ne travaillons qu&rsquo;avec des entreprises certifi\u00e9es dont les exigences en mati\u00e8re d&rsquo;environnement et de s\u00e9curit\u00e9 sont parfaitement r\u00e9glement\u00e9es<\/strong> et r\u00e9guli\u00e8rement contr\u00f4l\u00e9es. Il est \u00e9galement tr\u00e8s important pour nous que les conditions de travail chez nos fournisseurs soient conformes. C&rsquo;est pourquoi nous visitons les usines de nos fournisseurs deux fois par an pour contr\u00f4ler ces exigences. Cela nous permet de garantir, entre autres, qu\u2019il n\u2019y a pas de travail des enfants.<\/p>\n<p>Nos produits sont toujours fabriqu\u00e9s avec soin et passion. En outre, nous aimons travailler avec des <strong>fournisseurs durables<\/strong>. Par exemple, nous proposons de nombreux produits en verre recycl\u00e9 et des paniers fabriqu\u00e9s \u00e0 partir de mat\u00e9riaux durables.<\/p>\n\n                            <\/div>\n            <\/div>\n<\/div>\n\n<div class=\"section section-cta has-no-padding-bottom-d has-no-padding-bottom-m \">\n    <div class=\"cta\">\n        <div class=\"container\">\n            <div class=\"cta-content\">\n\n                                <div class=\"content\">\n                    <h2>Une gamme en constante \u00e9volution<\/h2>\n<p>Vous ne cesserez d\u2019\u00eatre surpris(e) par le choix dans notre boutique en ligne. Avec plus de 4\u00a0000 produits, le choix est en effet tr\u00e8s grand. En outre, nous renouvelons constamment notre gamme de produits. Nous suivons de pr\u00e8s les tendances et visitons les salons professionnels pour nous tenir inform\u00e9s. Vous trouverez donc toujours les produits les plus tendance dans notre large gamme.<\/p>\n                <\/div>\n                \n                                <div>\n                    <a class=\"button is-cta\" href=\"https:\/\/shop.app4sales.net\/jacaranda\" target=\"_blank\">Aller sur la boutique en ligne<\/a>\n                <\/div>\n                            <\/div>\n        <\/div>\n    <\/div>\n<\/div>\n\n<div class=\"section section-image-content \">\n    <div class=\"container\">\n        <div class=\"image-content has-image-left\">\n\n                            <div class=\"image\">\n                    <img decoding=\"async\" src=\"https:\/\/jacaranda.nl\/wp-content\/uploads\/2023\/09\/Afbeelding-van-WhatsApp-op-2023-09-18-om-14.42.58.jpg\" alt=\"Jacaranda sfeerfoto\"\/>\n                <\/div>\n            \n            <div class=\"content\">\n                                    <h2>Pourquoi Jacaranda\u00a0?<\/h2>\n<ul>\n<li>Plus de 4 000 produits directement en stock<\/li>\n<li>Une boutique en ligne bien fournie avec un large \u00e9ventail de produits<\/li>\n<li>Des fournisseurs durables qui travaillent de mani\u00e8re honn\u00eate<\/li>\n<li>Toujours en phase avec les derni\u00e8res tendances<\/li>\n<li>Livraison rapide<\/li>\n<li>Transport quotidien dans toute l&rsquo;Europe<\/li>\n<li>Livraison par bo\u00eete, palette, remorque ou conteneur<\/li>\n<li>Une \u00e9quipe enthousiaste et motiv\u00e9e<\/li>\n<\/ul>\n                \n                <div class=\"button-holder\">\n                    \n                                    <\/div>\n            <\/div>\n        <\/div>\n    <\/div>\n<\/div>","protected":false},"excerpt":{"rendered":"","protected":false},"author":1,"featured_media":0,"parent":0,"menu_order":0,"comment_status":"closed","ping_status":"closed","template":"","meta":{"_acf_changed":false,"footnotes":""},"class_list":["post-1300","page","type-page","status-publish","hentry"],"acf":[],"yoast_head":"<!-- This site is optimized with the Yoast SEO plugin v23.1 - https:\/\/yoast.com\/wordpress\/plugins\/seo\/ -->\n<title>\u00c0 propos de nous - Jacaranda B.V.<\/title>\n<meta name=\"description\" content=\"Sinds 1998 is Jacaranda d\u00e9 groothandel voor o.a. keramiek, decoratie, glas en droogbloemen. Voor groothandel, opplanters, kwekers, tuincentra en bloemisten.\" \/>\n<meta name=\"robots\" content=\"index, follow, max-snippet:-1, max-image-preview:large, max-video-preview:-1\" \/>\n<link rel=\"canonical\" href=\"https:\/\/jacaranda.nl\/fr\/a-propos-de-nous\/\" \/>\n<meta property=\"og:locale\" content=\"fr_FR\" \/>\n<meta property=\"og:type\" content=\"article\" \/>\n<meta property=\"og:title\" content=\"\u00c0 propos de nous - Jacaranda B.V.\" \/>\n<meta property=\"og:description\" content=\"Sinds 1998 is Jacaranda d\u00e9 groothandel voor o.a. keramiek, decoratie, glas en droogbloemen. Voor groothandel, opplanters, kwekers, tuincentra en bloemisten.\" \/>\n<meta property=\"og:url\" content=\"https:\/\/jacaranda.nl\/fr\/a-propos-de-nous\/\" \/>\n<meta property=\"og:site_name\" content=\"Jacaranda B.V.\" \/>\n<meta property=\"article:modified_time\" content=\"2026-03-12T07:14:16+00:00\" \/>\n<meta name=\"twitter:card\" content=\"summary_large_image\" \/>\n<script type=\"application\/ld+json\" class=\"yoast-schema-graph\">{\"@context\":\"https:\/\/schema.org\",\"@graph\":[{\"@type\":\"WebPage\",\"@id\":\"https:\/\/jacaranda.nl\/fr\/a-propos-de-nous\/\",\"url\":\"https:\/\/jacaranda.nl\/fr\/a-propos-de-nous\/\",\"name\":\"\u00c0 propos de nous - Jacaranda B.V.\",\"isPartOf\":{\"@id\":\"https:\/\/jacaranda.nl\/#website\"},\"datePublished\":\"2021-11-16T13:29:40+00:00\",\"dateModified\":\"2026-03-12T07:14:16+00:00\",\"description\":\"Sinds 1998 is Jacaranda d\u00e9 groothandel voor o.a. keramiek, decoratie, glas en droogbloemen. Voor groothandel, opplanters, kwekers, tuincentra en bloemisten.\",\"breadcrumb\":{\"@id\":\"https:\/\/jacaranda.nl\/fr\/a-propos-de-nous\/#breadcrumb\"},\"inLanguage\":\"fr-FR\",\"potentialAction\":[{\"@type\":\"ReadAction\",\"target\":[\"https:\/\/jacaranda.nl\/fr\/a-propos-de-nous\/\"]}]},{\"@type\":\"BreadcrumbList\",\"@id\":\"https:\/\/jacaranda.nl\/fr\/a-propos-de-nous\/#breadcrumb\",\"itemListElement\":[{\"@type\":\"ListItem\",\"position\":1,\"name\":\"Home\",\"item\":\"https:\/\/jacaranda.nl\/fr\/\"},{\"@type\":\"ListItem\",\"position\":2,\"name\":\"\u00c0 propos de nous\"}]},{\"@type\":\"WebSite\",\"@id\":\"https:\/\/jacaranda.nl\/#website\",\"url\":\"https:\/\/jacaranda.nl\/\",\"name\":\"Jacaranda B.V.\",\"description\":\"D\u00e9 groothandel voor potten, decoratie en meer\",\"publisher\":{\"@id\":\"https:\/\/jacaranda.nl\/#organization\"},\"potentialAction\":[{\"@type\":\"SearchAction\",\"target\":{\"@type\":\"EntryPoint\",\"urlTemplate\":\"https:\/\/jacaranda.nl\/?s={search_term_string}\"},\"query-input\":\"required name=search_term_string\"}],\"inLanguage\":\"fr-FR\"},{\"@type\":\"Organization\",\"@id\":\"https:\/\/jacaranda.nl\/#organization\",\"name\":\"Jacaranda B.V.\",\"url\":\"https:\/\/jacaranda.nl\/\",\"logo\":{\"@type\":\"ImageObject\",\"inLanguage\":\"fr-FR\",\"@id\":\"https:\/\/jacaranda.nl\/#\/schema\/logo\/image\/\",\"url\":\"https:\/\/jacaranda.nl\/wp-content\/uploads\/2021\/11\/social-og-image.png\",\"contentUrl\":\"https:\/\/jacaranda.nl\/wp-content\/uploads\/2021\/11\/social-og-image.png\",\"width\":1200,\"height\":627,\"caption\":\"Jacaranda B.V.\"},\"image\":{\"@id\":\"https:\/\/jacaranda.nl\/#\/schema\/logo\/image\/\"}}]}<\/script>\n<!-- \/ Yoast SEO plugin. -->","yoast_head_json":{"title":"\u00c0 propos de nous - Jacaranda B.V.","description":"Sinds 1998 is Jacaranda d\u00e9 groothandel voor o.a. keramiek, decoratie, glas en droogbloemen. Voor groothandel, opplanters, kwekers, tuincentra en bloemisten.","robots":{"index":"index","follow":"follow","max-snippet":"max-snippet:-1","max-image-preview":"max-image-preview:large","max-video-preview":"max-video-preview:-1"},"canonical":"https:\/\/jacaranda.nl\/fr\/a-propos-de-nous\/","og_locale":"fr_FR","og_type":"article","og_title":"\u00c0 propos de nous - Jacaranda B.V.","og_description":"Sinds 1998 is Jacaranda d\u00e9 groothandel voor o.a. keramiek, decoratie, glas en droogbloemen. Voor groothandel, opplanters, kwekers, tuincentra en bloemisten.","og_url":"https:\/\/jacaranda.nl\/fr\/a-propos-de-nous\/","og_site_name":"Jacaranda B.V.","article_modified_time":"2026-03-12T07:14:16+00:00","twitter_card":"summary_large_image","schema":{"@context":"https:\/\/schema.org","@graph":[{"@type":"WebPage","@id":"https:\/\/jacaranda.nl\/fr\/a-propos-de-nous\/","url":"https:\/\/jacaranda.nl\/fr\/a-propos-de-nous\/","name":"\u00c0 propos de nous - Jacaranda B.V.","isPartOf":{"@id":"https:\/\/jacaranda.nl\/#website"},"datePublished":"2021-11-16T13:29:40+00:00","dateModified":"2026-03-12T07:14:16+00:00","description":"Sinds 1998 is Jacaranda d\u00e9 groothandel voor o.a. keramiek, decoratie, glas en droogbloemen. Voor groothandel, opplanters, kwekers, tuincentra en bloemisten.","breadcrumb":{"@id":"https:\/\/jacaranda.nl\/fr\/a-propos-de-nous\/#breadcrumb"},"inLanguage":"fr-FR","potentialAction":[{"@type":"ReadAction","target":["https:\/\/jacaranda.nl\/fr\/a-propos-de-nous\/"]}]},{"@type":"BreadcrumbList","@id":"https:\/\/jacaranda.nl\/fr\/a-propos-de-nous\/#breadcrumb","itemListElement":[{"@type":"ListItem","position":1,"name":"Home","item":"https:\/\/jacaranda.nl\/fr\/"},{"@type":"ListItem","position":2,"name":"\u00c0 propos de nous"}]},{"@type":"WebSite","@id":"https:\/\/jacaranda.nl\/#website","url":"https:\/\/jacaranda.nl\/","name":"Jacaranda B.V.","description":"D\u00e9 groothandel voor potten, decoratie en meer","publisher":{"@id":"https:\/\/jacaranda.nl\/#organization"},"potentialAction":[{"@type":"SearchAction","target":{"@type":"EntryPoint","urlTemplate":"https:\/\/jacaranda.nl\/?s={search_term_string}"},"query-input":"required name=search_term_string"}],"inLanguage":"fr-FR"},{"@type":"Organization","@id":"https:\/\/jacaranda.nl\/#organization","name":"Jacaranda B.V.","url":"https:\/\/jacaranda.nl\/","logo":{"@type":"ImageObject","inLanguage":"fr-FR","@id":"https:\/\/jacaranda.nl\/#\/schema\/logo\/image\/","url":"https:\/\/jacaranda.nl\/wp-content\/uploads\/2021\/11\/social-og-image.png","contentUrl":"https:\/\/jacaranda.nl\/wp-content\/uploads\/2021\/11\/social-og-image.png","width":1200,"height":627,"caption":"Jacaranda B.V."},"image":{"@id":"https:\/\/jacaranda.nl\/#\/schema\/logo\/image\/"}}]}},"_links":{"self":[{"href":"https:\/\/jacaranda.nl\/fr\/wp-json\/wp\/v2\/pages\/1300","targetHints":{"allow":["GET"]}}],"collection":[{"href":"https:\/\/jacaranda.nl\/fr\/wp-json\/wp\/v2\/pages"}],"about":[{"href":"https:\/\/jacaranda.nl\/fr\/wp-json\/wp\/v2\/types\/page"}],"author":[{"embeddable":true,"href":"https:\/\/jacaranda.nl\/fr\/wp-json\/wp\/v2\/users\/1"}],"replies":[{"embeddable":true,"href":"https:\/\/jacaranda.nl\/fr\/wp-json\/wp\/v2\/comments?post=1300"}],"version-history":[{"count":10,"href":"https:\/\/jacaranda.nl\/fr\/wp-json\/wp\/v2\/pages\/1300\/revisions"}],"predecessor-version":[{"id":2301,"href":"https:\/\/jacaranda.nl\/fr\/wp-json\/wp\/v2\/pages\/1300\/revisions\/2301"}],"wp:attachment":[{"href":"https:\/\/jacaranda.nl\/fr\/wp-json\/wp\/v2\/media?parent=1300"}],"curies":[{"name":"wp","href":"https:\/\/api.w.org\/{rel}","templated":true}]}}