{"id":1056,"date":"2021-11-16T13:28:50","date_gmt":"2021-11-16T13:28:50","guid":{"rendered":"https:\/\/jacaranda.nl\/home\/"},"modified":"2022-01-25T14:33:56","modified_gmt":"2022-01-25T14:33:56","slug":"home","status":"publish","type":"page","link":"https:\/\/jacaranda.nl\/de\/","title":{"rendered":"Home"},"content":{"rendered":"<div class=\"section section-pageheader has-no-padding-top-d has-no-padding-bottom-d has-no-padding-bottom-m\">\n    <div class=\"pageheader-top\">\n        <div class=\"pageheader-visual\">\n                                                <div class=\"image\">\n                        <img decoding=\"async\" src=\"https:\/\/jacaranda.nl\/wp-content\/uploads\/2021\/12\/20211103_100000.jpg\" alt=\"\">\n                    <\/div>\n                                    <div class=\"image\">\n                        <img decoding=\"async\" src=\"https:\/\/jacaranda.nl\/wp-content\/uploads\/2021\/12\/img_83558110_5.jpg\" alt=\"\">\n                    <\/div>\n                                    <div class=\"image\">\n                        <img decoding=\"async\" src=\"https:\/\/jacaranda.nl\/wp-content\/uploads\/2021\/12\/img_83558135.jpg\" alt=\"\">\n                    <\/div>\n                                    <\/div>\n                    <div class=\"pageheader-logo\">\n                <img decoding=\"async\" src=\"https:\/\/jacaranda.nl\/wp-content\/uploads\/2021\/12\/jacaranda-logo-full.svg\" alt=\"\">\n            <\/div>\n            <\/div>\n\n            <div class=\"pageheader-cards has-negative-margin-top\">\n            <div class=\"container\">\n                <div class=\"pageheader-cards-holder\">\n                                            <div class=\"card\">\n                                                            <div class=\"card-image\">\n                                    <img decoding=\"async\" src=\"https:\/\/jacaranda.nl\/wp-content\/uploads\/2021\/12\/img_83558552.jpg\" alt=\"\">\n                                <\/div>\n                                                        <div class=\"card-content\">\n                                                                    <div class=\"inner\">\n                                        <h2>K\u00f6rbe, Holz und Zink<\/h2>\n                                    <\/div>\n                                \n                                                                    <div class=\"link-holder\">\n                                        <a href=\"https:\/\/jacaranda.nl\/de\/producten\/korbe-holz-und-zink\/\"\n                                           target=\"\"><span>Weiterlesen<\/span><\/a>\n                                    <\/div>\n                                                            <\/div>\n                        <\/div>\n                                            <div class=\"card\">\n                                                            <div class=\"card-image\">\n                                    <img decoding=\"async\" src=\"https:\/\/jacaranda.nl\/wp-content\/uploads\/2021\/12\/img_83558534-scaled.jpg\" alt=\"\">\n                                <\/div>\n                                                        <div class=\"card-content\">\n                                                                    <div class=\"inner\">\n                                        <h2>Dekorationsartikel<\/h2>\n                                    <\/div>\n                                \n                                                                    <div class=\"link-holder\">\n                                        <a href=\"https:\/\/jacaranda.nl\/de\/producten\/dekorationsartikel\/\"\n                                           target=\"\"><span>Weiterlesen<\/span><\/a>\n                                    <\/div>\n                                                            <\/div>\n                        <\/div>\n                                            <div class=\"card\">\n                                                            <div class=\"card-image\">\n                                    <img decoding=\"async\" src=\"https:\/\/jacaranda.nl\/wp-content\/uploads\/2021\/12\/img_83558544.jpg\" alt=\"\">\n                                <\/div>\n                                                        <div class=\"card-content\">\n                                                                    <div class=\"inner\">\n                                        <h2>Keramik<\/h2>\n                                    <\/div>\n                                \n                                                                    <div class=\"link-holder\">\n                                        <a href=\"https:\/\/jacaranda.nl\/de\/producten\/keramik\/\"\n                                           target=\"\"><span>Weiterlesen<\/span><\/a>\n                                    <\/div>\n                                                            <\/div>\n                        <\/div>\n                                            <div class=\"card\">\n                                                            <div class=\"card-image\">\n                                    <img decoding=\"async\" src=\"https:\/\/jacaranda.nl\/wp-content\/uploads\/2021\/12\/20211110_121219.jpg\" alt=\"\">\n                                <\/div>\n                                                        <div class=\"card-content\">\n                                                                    <div class=\"inner\">\n                                        <h2>Glaswaren<\/h2>\n                                    <\/div>\n                                \n                                                                    <div class=\"link-holder\">\n                                        <a href=\"https:\/\/jacaranda.nl\/de\/producten\/glaswaren\/\"\n                                           target=\"\"><span>Weiterlesen<\/span><\/a>\n                                    <\/div>\n                                                            <\/div>\n                        <\/div>\n                                            <div class=\"card\">\n                                                            <div class=\"card-image\">\n                                    <img decoding=\"async\" src=\"https:\/\/jacaranda.nl\/wp-content\/uploads\/2022\/01\/20220103_112019.jpg\" alt=\"\">\n                                <\/div>\n                                                        <div class=\"card-content\">\n                                                                    <div class=\"inner\">\n                                        <h2>Getrocknete Blumen<\/h2>\n                                    <\/div>\n                                \n                                                                    <div class=\"link-holder\">\n                                        <a href=\"https:\/\/jacaranda.nl\/de\/producten\/trockene-blumenstrausse\/\"\n                                           target=\"\"><span>Weiterlesen<\/span><\/a>\n                                    <\/div>\n                                                            <\/div>\n                        <\/div>\n                                    <\/div>\n            <\/div>\n        <\/div>\n    <\/div>\n\n<div class=\"section section-image-content has-no-padding-bottom-d has-no-padding-bottom-m\">\n    <div class=\"container\">\n        <div class=\"image-content has-image-left\">\n\n                            <div class=\"image\">\n                    <img decoding=\"async\" src=\"https:\/\/jacaranda.nl\/wp-content\/uploads\/2022\/01\/img_20211215_134856__HpruL.jpg\" alt=\"\"\/>\n                <\/div>\n            \n            <div class=\"content\">\n                                    <h1>Ihr Gro\u00dfhandel f\u00fcr Innen- und Au\u00dfendekoration<\/h1>\n<p>Jacaranda der Gro\u00dfhandel f\u00fcr nat\u00fcrliche Dekoration, Trockenstr\u00e4u\u00dfe, Glas, Keramik und mehr. Wir verkaufen unsere Produkte an Gartencenter und Gro\u00dfh\u00e4ndler f\u00fcr Blumen und Pflanzen. In den Niederlanden und im Ausland. Sind Sie auf der Suche nach sch\u00f6nen Dekorationsmaterialien f\u00fcr den Innen- und Au\u00dfenbereich, um Ihre Kunden zu begeistern? Dann sind Sie bei uns an der richtigen Adresse. Wir bringen Farbe in das Leben von Tausenden von Kunden. Wir tun dies aus einer gro\u00dfen Leidenschaft f\u00fcr nat\u00fcrliche Dekorationsmaterialien, Glaswaren und Keramik und aus unserer langj\u00e4hrigen Erfahrung im Blumen- und Pflanzengesch\u00e4ft.<\/p>\n                \n                <div class=\"button-holder\">\n                                            <a class=\"button has-arrow\" href=\"https:\/\/jacaranda.nl\/de\/over-ons\/\"\n                           target=\"\">Mehr \u00fcber Jacaranda<\/a>\n                    \n                                    <\/div>\n            <\/div>\n        <\/div>\n    <\/div>\n<\/div>\n\n<div class=\"section section-image-content \">\n    <div class=\"container\">\n        <div class=\"image-content has-image-right\">\n\n                            <div class=\"image\">\n                    <img decoding=\"async\" src=\"https:\/\/jacaranda.nl\/wp-content\/uploads\/2022\/01\/20211103_094655.jpg\" alt=\"\"\/>\n                <\/div>\n            \n            <div class=\"content\">\n                                    <h2>Ein trendiges Sortiment an 365 Tagen im Jahr<\/h2>\n<p>Nat\u00fcrlich reagieren wir auf die Jahreszeiten und Themen. Fr\u00fchling, Ostern oder Herbst und Weihnachten? <strong>Wir bieten f\u00fcr jede Jahreszeit die sch\u00f6nsten Produkte an<\/strong>; unser Sortiment \u00e4ndert sich daher st\u00e4ndig. Und an Auswahl mangelt es nicht. \u00dcberzeugen Sie sich selbst. Wir haben \u00dcbert\u00f6pfe, Vasen, Glaswaren und andere sch\u00f6ne Dinge in allen Formen und Gr\u00f6\u00dfen. Und immer im Einklang mit den neuesten Trends.<\/p>\n<p>Die neuesten Nachrichten finden Sie auf unserer Nachrichtenseite. Dort erfahren Sie unter anderem mehr \u00fcber die Produkte, die in der kommenden Saison voll <em>im Trend<\/em> liegen.<\/p>\n                \n                <div class=\"button-holder\">\n                    \n                                    <\/div>\n            <\/div>\n        <\/div>\n    <\/div>\n<\/div>\n\n<div class=\"section section-full-image has-no-padding-top-d has-no-padding-bottom-d has-no-padding-top-m has-no-padding-bottom-m\">\n\n    <\/div>\n\n<div class=\"section section-content has-no-padding-bottom-d has-no-padding-bottom-m Wit\">\n    <div class=\"container\">\n                    <div class=\"content none\">\n                <h2>Hergestellt mit einem Auge f\u00fcr Qualit\u00e4t<\/h2>\n<p>Unsere Produkte sind immer von guter Qualit\u00e4t. So garantieren wir, dass die Kunden jahrelang Freude daran haben werden. Wir verkaufen eine breite Palette von Produkten, wie K\u00f6rbe, Dekorationen, Trockenstr\u00e4u\u00dfe und Keramik. Alle diese Produkte haben eines gemeinsam: Sie werden mit einem Auge f\u00fcr die Welt hergestellt. So arbeiten wir zum Beispiel bei einigen unserer Produkte mit recyceltem Glas.<\/p>\n<p>Woher kommen unsere Produkte? Aus der ganzen Welt. Immer von sorgf\u00e4ltig ausgew\u00e4hlten Lieferanten, die unter strengen Bedingungen arbeiten. Jeder von ihnen ist zertifiziert, und wir besuchen sie auch zweimal im Jahr, um uns von der <strong>guten Qualit\u00e4t und den fairen Arbeitsabl\u00e4ufen zu \u00fcberzeugen.<\/strong><\/p>\n\n                            <\/div>\n            <\/div>\n<\/div>\n\n<div class=\"section section-image-content \">\n    <div class=\"container\">\n        <div class=\"image-content has-image-left\">\n\n                            <div class=\"image\">\n                    <img decoding=\"async\" src=\"https:\/\/jacaranda.nl\/wp-content\/uploads\/2022\/01\/20220104_115548.jpg\" alt=\"\"\/>\n                <\/div>\n            \n            <div class=\"content\">\n                                    <h2>Besuchen Sie unseren Ausstellungsraum<\/h2>\n<p>M\u00f6chten Sie unsere Produkte in natura sehen? Sie sind herzlich eingeladen, unseren Ausstellungsraum zu besuchen. In unserem Ausstellungsraum in Aalsmeer k\u00f6nnen sich Gro\u00dfh\u00e4ndler, Einzelh\u00e4ndler und Floristen inspirieren lassen und unsere Produkte direkt kaufen. Mit einer Fl\u00e4che von \u00fcber 3000 m2 ist es einen Besuch wert. Die meisten Produkte sind direkt auf Lager und wir k\u00f6nnen sie schnell und effizient liefern. Bitte besuchen Sie uns. Wir w\u00fcrden uns freuen, Sie zu treffen und Ihnen unsere Produkte zu zeigen.<\/p>\n                \n                <div class=\"button-holder\">\n                                            <a class=\"button has-arrow\" href=\"https:\/\/jacaranda.nl\/de\/contact\/\"\n                           target=\"\">Vereinbaren Sie einen Termin<\/a>\n                    \n                                    <\/div>\n            <\/div>\n        <\/div>\n    <\/div>\n<\/div>\n\n<div class=\"section section-cta has-no-padding-top-d has-no-padding-bottom-d has-no-padding-top-m has-no-padding-bottom-m \">\n    <div class=\"cta\">\n        <div class=\"container\">\n            <div class=\"cta-content\">\n\n                                <div class=\"content\">\n                    <h2>Auch ein mobiler Ausstellungsraum<\/h2>\n<p>Neben unserem Ausstellungsraum in Aalsmeer haben wir auch einen mobilen Ausstellungsraum. Dieser Bus hat alle unsere Mustermodelle an Bord, damit wir sie unseren Kunden in den Niederlanden und im Ausland zeigen k\u00f6nnen. Eine sch\u00f6ne pers\u00f6nliche Art, unsere Produktpalette kennenzulernen! <strong>M\u00f6chten Sie, dass wir auch bei Ihnen vorbeifahren und eine Pr\u00e4sentation vor Ihrer Haust\u00fcr halten? Kontaktieren Sie uns, um einen Termin zu vereinbaren.<\/strong><\/p>\n                <\/div>\n                \n                                <div>\n                    <a class=\"button is-cta\" href=\"https:\/\/jacaranda.nl\/de\/contact\/\" target=\"\">Vereinbaren Sie einen Termin<\/a>\n                <\/div>\n                            <\/div>\n        <\/div>\n    <\/div>\n<\/div>","protected":false},"excerpt":{"rendered":"","protected":false},"author":1,"featured_media":0,"parent":0,"menu_order":0,"comment_status":"closed","ping_status":"closed","template":"","meta":{"_acf_changed":false,"footnotes":""},"class_list":["post-1056","page","type-page","status-publish","hentry"],"acf":[],"yoast_head":"<!-- This site is optimized with the Yoast SEO plugin v23.1 - https:\/\/yoast.com\/wordpress\/plugins\/seo\/ -->\n<title>Jacaranda B.V. - D\u00e9 groothandel voor potten, decoratie en meer<\/title>\n<meta name=\"description\" content=\"Bied via Jacaranda jouw klanten een mooi aanbod van decoratie, glas, droogbloemen, keramiek en meer. Bekijk hier ons assortiment en mogelijkheden.\" \/>\n<meta name=\"robots\" content=\"index, follow, max-snippet:-1, max-image-preview:large, max-video-preview:-1\" \/>\n<link rel=\"canonical\" href=\"https:\/\/jacaranda.nl\/de\/\" \/>\n<meta property=\"og:locale\" content=\"de_DE\" \/>\n<meta property=\"og:type\" content=\"article\" \/>\n<meta property=\"og:title\" content=\"Jacaranda B.V. - D\u00e9 groothandel voor potten, decoratie en meer\" \/>\n<meta property=\"og:description\" content=\"Bied via Jacaranda jouw klanten een mooi aanbod van decoratie, glas, droogbloemen, keramiek en meer. Bekijk hier ons assortiment en mogelijkheden.\" \/>\n<meta property=\"og:url\" content=\"https:\/\/jacaranda.nl\/de\/\" \/>\n<meta property=\"og:site_name\" content=\"Jacaranda B.V.\" \/>\n<meta property=\"article:modified_time\" content=\"2022-01-25T14:33:56+00:00\" \/>\n<meta name=\"twitter:card\" content=\"summary_large_image\" \/>\n<script type=\"application\/ld+json\" class=\"yoast-schema-graph\">{\"@context\":\"https:\/\/schema.org\",\"@graph\":[{\"@type\":\"WebPage\",\"@id\":\"https:\/\/jacaranda.nl\/de\/\",\"url\":\"https:\/\/jacaranda.nl\/de\/\",\"name\":\"Jacaranda B.V. - D\u00e9 groothandel voor potten, decoratie en meer\",\"isPartOf\":{\"@id\":\"https:\/\/jacaranda.nl\/#website\"},\"datePublished\":\"2021-11-16T13:28:50+00:00\",\"dateModified\":\"2022-01-25T14:33:56+00:00\",\"description\":\"Bied via Jacaranda jouw klanten een mooi aanbod van decoratie, glas, droogbloemen, keramiek en meer. Bekijk hier ons assortiment en mogelijkheden.\",\"breadcrumb\":{\"@id\":\"https:\/\/jacaranda.nl\/de\/#breadcrumb\"},\"inLanguage\":\"de-DE\",\"potentialAction\":[{\"@type\":\"ReadAction\",\"target\":[\"https:\/\/jacaranda.nl\/de\/\"]}]},{\"@type\":\"BreadcrumbList\",\"@id\":\"https:\/\/jacaranda.nl\/de\/#breadcrumb\",\"itemListElement\":[{\"@type\":\"ListItem\",\"position\":1,\"name\":\"Home\",\"item\":\"https:\/\/jacaranda.nl\/de\/\"},{\"@type\":\"ListItem\",\"position\":2,\"name\":\"Home\"}]},{\"@type\":\"WebSite\",\"@id\":\"https:\/\/jacaranda.nl\/#website\",\"url\":\"https:\/\/jacaranda.nl\/\",\"name\":\"Jacaranda B.V.\",\"description\":\"D\u00e9 groothandel voor potten, decoratie en meer\",\"publisher\":{\"@id\":\"https:\/\/jacaranda.nl\/#organization\"},\"potentialAction\":[{\"@type\":\"SearchAction\",\"target\":{\"@type\":\"EntryPoint\",\"urlTemplate\":\"https:\/\/jacaranda.nl\/?s={search_term_string}\"},\"query-input\":\"required name=search_term_string\"}],\"inLanguage\":\"de-DE\"},{\"@type\":\"Organization\",\"@id\":\"https:\/\/jacaranda.nl\/#organization\",\"name\":\"Jacaranda B.V.\",\"url\":\"https:\/\/jacaranda.nl\/\",\"logo\":{\"@type\":\"ImageObject\",\"inLanguage\":\"de-DE\",\"@id\":\"https:\/\/jacaranda.nl\/#\/schema\/logo\/image\/\",\"url\":\"https:\/\/jacaranda.nl\/wp-content\/uploads\/2021\/11\/social-og-image.png\",\"contentUrl\":\"https:\/\/jacaranda.nl\/wp-content\/uploads\/2021\/11\/social-og-image.png\",\"width\":1200,\"height\":627,\"caption\":\"Jacaranda B.V.\"},\"image\":{\"@id\":\"https:\/\/jacaranda.nl\/#\/schema\/logo\/image\/\"}}]}<\/script>\n<!-- \/ Yoast SEO plugin. -->","yoast_head_json":{"title":"Jacaranda B.V. - D\u00e9 groothandel voor potten, decoratie en meer","description":"Bied via Jacaranda jouw klanten een mooi aanbod van decoratie, glas, droogbloemen, keramiek en meer. Bekijk hier ons assortiment en mogelijkheden.","robots":{"index":"index","follow":"follow","max-snippet":"max-snippet:-1","max-image-preview":"max-image-preview:large","max-video-preview":"max-video-preview:-1"},"canonical":"https:\/\/jacaranda.nl\/de\/","og_locale":"de_DE","og_type":"article","og_title":"Jacaranda B.V. - D\u00e9 groothandel voor potten, decoratie en meer","og_description":"Bied via Jacaranda jouw klanten een mooi aanbod van decoratie, glas, droogbloemen, keramiek en meer. Bekijk hier ons assortiment en mogelijkheden.","og_url":"https:\/\/jacaranda.nl\/de\/","og_site_name":"Jacaranda B.V.","article_modified_time":"2022-01-25T14:33:56+00:00","twitter_card":"summary_large_image","schema":{"@context":"https:\/\/schema.org","@graph":[{"@type":"WebPage","@id":"https:\/\/jacaranda.nl\/de\/","url":"https:\/\/jacaranda.nl\/de\/","name":"Jacaranda B.V. - D\u00e9 groothandel voor potten, decoratie en meer","isPartOf":{"@id":"https:\/\/jacaranda.nl\/#website"},"datePublished":"2021-11-16T13:28:50+00:00","dateModified":"2022-01-25T14:33:56+00:00","description":"Bied via Jacaranda jouw klanten een mooi aanbod van decoratie, glas, droogbloemen, keramiek en meer. Bekijk hier ons assortiment en mogelijkheden.","breadcrumb":{"@id":"https:\/\/jacaranda.nl\/de\/#breadcrumb"},"inLanguage":"de-DE","potentialAction":[{"@type":"ReadAction","target":["https:\/\/jacaranda.nl\/de\/"]}]},{"@type":"BreadcrumbList","@id":"https:\/\/jacaranda.nl\/de\/#breadcrumb","itemListElement":[{"@type":"ListItem","position":1,"name":"Home","item":"https:\/\/jacaranda.nl\/de\/"},{"@type":"ListItem","position":2,"name":"Home"}]},{"@type":"WebSite","@id":"https:\/\/jacaranda.nl\/#website","url":"https:\/\/jacaranda.nl\/","name":"Jacaranda B.V.","description":"D\u00e9 groothandel voor potten, decoratie en meer","publisher":{"@id":"https:\/\/jacaranda.nl\/#organization"},"potentialAction":[{"@type":"SearchAction","target":{"@type":"EntryPoint","urlTemplate":"https:\/\/jacaranda.nl\/?s={search_term_string}"},"query-input":"required name=search_term_string"}],"inLanguage":"de-DE"},{"@type":"Organization","@id":"https:\/\/jacaranda.nl\/#organization","name":"Jacaranda B.V.","url":"https:\/\/jacaranda.nl\/","logo":{"@type":"ImageObject","inLanguage":"de-DE","@id":"https:\/\/jacaranda.nl\/#\/schema\/logo\/image\/","url":"https:\/\/jacaranda.nl\/wp-content\/uploads\/2021\/11\/social-og-image.png","contentUrl":"https:\/\/jacaranda.nl\/wp-content\/uploads\/2021\/11\/social-og-image.png","width":1200,"height":627,"caption":"Jacaranda B.V."},"image":{"@id":"https:\/\/jacaranda.nl\/#\/schema\/logo\/image\/"}}]}},"_links":{"self":[{"href":"https:\/\/jacaranda.nl\/de\/wp-json\/wp\/v2\/pages\/1056","targetHints":{"allow":["GET"]}}],"collection":[{"href":"https:\/\/jacaranda.nl\/de\/wp-json\/wp\/v2\/pages"}],"about":[{"href":"https:\/\/jacaranda.nl\/de\/wp-json\/wp\/v2\/types\/page"}],"author":[{"embeddable":true,"href":"https:\/\/jacaranda.nl\/de\/wp-json\/wp\/v2\/users\/1"}],"replies":[{"embeddable":true,"href":"https:\/\/jacaranda.nl\/de\/wp-json\/wp\/v2\/comments?post=1056"}],"version-history":[{"count":0,"href":"https:\/\/jacaranda.nl\/de\/wp-json\/wp\/v2\/pages\/1056\/revisions"}],"wp:attachment":[{"href":"https:\/\/jacaranda.nl\/de\/wp-json\/wp\/v2\/media?parent=1056"}],"curies":[{"name":"wp","href":"https:\/\/api.w.org\/{rel}","templated":true}]}}