{"id":1054,"date":"2021-11-16T13:29:40","date_gmt":"2021-11-16T13:29:40","guid":{"rendered":"https:\/\/jacaranda.nl\/over-ons\/"},"modified":"2026-03-12T07:14:42","modified_gmt":"2026-03-12T07:14:42","slug":"uber-uns","status":"publish","type":"page","link":"https:\/\/jacaranda.nl\/de\/uber-uns\/","title":{"rendered":"\u00dcber uns"},"content":{"rendered":"<div class=\"section section-pageheader is-small has-no-padding-top-d has-no-padding-bottom-d has-no-padding-bottom-m\">\n    <div class=\"pageheader-top\">\n                    <div class=\"pageheader-visual\">\n                                    <div class=\"image\">\n                        <img decoding=\"async\" src=\"https:\/\/jacaranda.nl\/wp-content\/uploads\/2021\/12\/dsc03036.jpg\" alt=\"\">\n                    <\/div>\n                                    <div class=\"image\">\n                        <img decoding=\"async\" src=\"https:\/\/jacaranda.nl\/wp-content\/uploads\/2021\/12\/dsc02912.jpg\" alt=\"\">\n                    <\/div>\n                                    <div class=\"image\">\n                        <img decoding=\"async\" src=\"https:\/\/jacaranda.nl\/wp-content\/uploads\/2021\/12\/dsc02919.jpg\" alt=\"\">\n                    <\/div>\n                            <\/div>\n                <div class=\"pageheader-content\">\n            <div class=\"container\">\n                                    <div class=\"inner\">\n                        <h1>\u00dcber Jacaranda<\/h1>\n<p>Unser Ziel ist es, dem Leben von Tausenden von Kunden in ganz Europa Farbe zu geben. Im Jahr 1998 begannen wir als der Gro\u00dfhandel f\u00fcr nat\u00fcrliche Dekorationen wie Str\u00e4u\u00dfe und Kr\u00e4nze. Inzwischen importieren wir auch andere Produkte, wie Glas, Keramik, K\u00f6rbe und Zinkgef\u00e4\u00dfe. Wir beziehen \u00fcber 4.000 sch\u00f6ne Produkte aus L\u00e4ndern in der ganzen Welt, z. B. aus Indien, China, der T\u00fcrkei, Polen, Deutschland und den Niederlanden. F\u00fcr drinnen und drau\u00dfen. Stets von guter Qualit\u00e4t und, soweit m\u00f6glich, nachhaltig.<\/p>\n<p>Unser Sortiment ist bei Gro\u00dfh\u00e4ndlern, G\u00e4rtnereien, Z\u00fcchtern, Gartencentern und Floristenketten in den Niederlanden und im Ausland zu finden.<\/p>\n                    <\/div>\n                            <\/div>\n        <\/div>\n    <\/div>\n<\/div>\n\n<div class=\"section section-content has-no-padding-bottom-d has-no-padding-bottom-m Wit\">\n    <div class=\"container\">\n                    <div class=\"content none\">\n                <h2>Unser Online Shop<\/h2>\n<p>M\u00f6chten Sie unsere Produkte bestellen oder sie Ihren Kunden anbieten? Das ist ganz einfach, denn Ihre Kunden k\u00f6nnen unsere Produkte direkt in Ihrem Shop bestellen. Sind Sie neugierig geworden? <strong>F<\/strong><strong>ordern Sie ein Log-in f\u00fcr unseren gut sortierten Webshop an oder kontaktieren Sie uns f\u00fcr weitere Informationen.<br \/>\n<\/strong><\/p>\n\n                                    <div class=\"button-holder\">\n                                                    <a href=\"https:\/\/shop.app4sales.net\/jacaranda\/\" target=\"_blank\"\n                               class=\"button \">Gehen Sie zum Online-Shop<\/a>\n                                                <\/div>\n                            <\/div>\n            <\/div>\n<\/div>\n\n<div class=\"section section-image-content has-no-padding-bottom-d has-no-padding-bottom-m\">\n    <div class=\"container\">\n        <div class=\"image-content has-image-left\">\n\n                            <div class=\"image\">\n                    <img decoding=\"async\" src=\"https:\/\/jacaranda.nl\/wp-content\/uploads\/2022\/01\/Webp.net-compress-image3.jpg\" alt=\"\"\/>\n                <\/div>\n            \n            <div class=\"content\">\n                                    <h2>Mehr als Blumen und Pflanzen<\/h2>\n<p>Urspr\u00fcnglich kommt unser Team aus dem Export- und Importgesch\u00e4ft f\u00fcr Pflanzen und Blumen. Unsere langj\u00e4hrige Erfahrung in diesem Bereich und unsere Liebe zu allem, was w\u00e4chst und bl\u00fcht, machten den Schritt zu nat\u00fcrlichen Dekorationsmaterialien logisch. Wo wir einst mit Trockenstr\u00e4u\u00dfen begonnen haben, liefern wir heute alles, was Sie brauchen, um Blumen und Pflanzen noch mehr zur Geltung zu bringen. Denken Sie an Keramik, K\u00f6rbe und andere dekorative Materialien.<\/p>\n                \n                <div class=\"button-holder\">\n                    \n                                    <\/div>\n            <\/div>\n        <\/div>\n    <\/div>\n<\/div>\n\n<div class=\"section section-team\">\n    <div class=\"container\">\n                <div class=\"intro\">\n            <h2>Unser Team<\/h2>\n        <\/div>\n                \n                <div class=\"team-wrapper\">\n            <div class=\"team\">\n                                <div class=\"team-member\">\n                                        <div class=\"member-image\">\n                        <img decoding=\"async\" src=\"https:\/\/jacaranda.nl\/wp-content\/uploads\/2022\/12\/team-anoniem-man.jpg\" alt=\"\"\/>\n                    <\/div>\n                                        <div class=\"member-content\">\n                                                <h3>Vincent Schouten<\/h3>\n                                                \n                                                <span class=\"function\">General Manager Vertrieb<\/span>\n                        \n                                                <a href=\"mailto:vincent@jacaranda.nl\"><span\n                                class=\"email-address\">vincent@jacaranda.nl<\/span><\/a>\n                                            <\/div>\n                <\/div>\n                                <div class=\"team-member\">\n                                        <div class=\"member-image\">\n                        <img decoding=\"async\" src=\"https:\/\/jacaranda.nl\/wp-content\/uploads\/2022\/12\/team-anoniem-vrouw.jpg\" alt=\"\"\/>\n                    <\/div>\n                                        <div class=\"member-content\">\n                                                <h3>Daniela Battaglia<\/h3>\n                                                \n                                                <span class=\"function\">Account Manager<\/span>\n                        \n                                                <a href=\"mailto:daniela@jacaranda.nl\"><span\n                                class=\"email-address\">daniela@jacaranda.nl<\/span><\/a>\n                                            <\/div>\n                <\/div>\n                                <div class=\"team-member\">\n                                        <div class=\"member-image\">\n                        <img decoding=\"async\" src=\"https:\/\/jacaranda.nl\/wp-content\/uploads\/2022\/12\/team-anoniem-man.jpg\" alt=\"\"\/>\n                    <\/div>\n                                        <div class=\"member-content\">\n                                                <h3>Erwin de Beer<\/h3>\n                                                \n                                                <span class=\"function\">Account Manager <\/span>\n                        \n                                                <a href=\"mailto:http:\/\/erwin@jacaranda.nl\"><span\n                                class=\"email-address\">erwin@jacaranda.nl<\/span><\/a>\n                                            <\/div>\n                <\/div>\n                                <div class=\"team-member\">\n                                        <div class=\"member-image\">\n                        <img decoding=\"async\" src=\"https:\/\/jacaranda.nl\/wp-content\/uploads\/2022\/12\/team-anoniem-vrouw.jpg\" alt=\"\"\/>\n                    <\/div>\n                                        <div class=\"member-content\">\n                                                <h3>Kate Kulesza<\/h3>\n                                                \n                                                <span class=\"function\">Account Manager <\/span>\n                        \n                                                <a href=\"mailto:kate@jacaranda.nl\"><span\n                                class=\"email-address\">kate@jacaranda.nl<\/span><\/a>\n                                            <\/div>\n                <\/div>\n                                <div class=\"team-member\">\n                                        <div class=\"member-image\">\n                        <img decoding=\"async\" src=\"https:\/\/jacaranda.nl\/wp-content\/uploads\/2022\/12\/team-anoniem-vrouw.jpg\" alt=\"\"\/>\n                    <\/div>\n                                        <div class=\"member-content\">\n                                                <h3>Anouk Dekkers <\/h3>\n                                                \n                                                <span class=\"function\">Junior Eink\u00e4uferin<\/span>\n                        \n                                                <a href=\"mailto:anouk@jacaranda.nl\"><span\n                                class=\"email-address\">anouk@jacaranda.nl<\/span><\/a>\n                                            <\/div>\n                <\/div>\n                                <div class=\"team-member\">\n                                        <div class=\"member-image\">\n                        <img decoding=\"async\" src=\"https:\/\/jacaranda.nl\/wp-content\/uploads\/2022\/12\/team-anoniem-vrouw.jpg\" alt=\"\"\/>\n                    <\/div>\n                                        <div class=\"member-content\">\n                                                <h3>Annette Schouten<\/h3>\n                                                \n                                                <span class=\"function\">Verwaltung<\/span>\n                        \n                                                <a href=\"mailto:annette@jacaranda.nl\"><span\n                                class=\"email-address\">annette@jacaranda.nl<\/span><\/a>\n                                            <\/div>\n                <\/div>\n                                <div class=\"team-member\">\n                                        <div class=\"member-image\">\n                        <img decoding=\"async\" src=\"https:\/\/jacaranda.nl\/wp-content\/uploads\/2022\/12\/team-anoniem-vrouw.jpg\" alt=\"\"\/>\n                    <\/div>\n                                        <div class=\"member-content\">\n                                                <h3>Aim\u00e9e Schouten<\/h3>\n                                                \n                                                <span class=\"function\">Verwaltung<\/span>\n                        \n                                                <a href=\"http:\/\/mailto.aimee@jacaranda.nl\"><span\n                                class=\"email-address\">aimee@jacaranda.nl<\/span><\/a>\n                                            <\/div>\n                <\/div>\n                                <div class=\"team-member\">\n                                        <div class=\"member-image\">\n                        <img decoding=\"async\" src=\"https:\/\/jacaranda.nl\/wp-content\/uploads\/2022\/12\/team-anoniem-man.jpg\" alt=\"\"\/>\n                    <\/div>\n                                        <div class=\"member-content\">\n                                                <h3>Zico Swaan<\/h3>\n                                                \n                                                <span class=\"function\">Logistikmitarbeiter<\/span>\n                        \n                                            <\/div>\n                <\/div>\n                                <div class=\"team-member\">\n                                        <div class=\"member-image\">\n                        <img decoding=\"async\" src=\"https:\/\/jacaranda.nl\/wp-content\/uploads\/2022\/12\/team-anoniem-man.jpg\" alt=\"\"\/>\n                    <\/div>\n                                        <div class=\"member-content\">\n                                                <h3>Arek Nelkowski<\/h3>\n                                                \n                                                <span class=\"function\">Logistikmitarbeiter<\/span>\n                        \n                                            <\/div>\n                <\/div>\n                                <div class=\"team-member\">\n                                        <div class=\"member-image\">\n                        <img decoding=\"async\" src=\"https:\/\/jacaranda.nl\/wp-content\/uploads\/2022\/12\/team-anoniem-vrouw.jpg\" alt=\"\"\/>\n                    <\/div>\n                                        <div class=\"member-content\">\n                                                <h3>Patrycja Nelkowska<\/h3>\n                                                \n                                                <span class=\"function\">Logistikmitarbeiter<\/span>\n                        \n                                            <\/div>\n                <\/div>\n                            <\/div>\n        <\/div>\n            <\/div>\n<\/div>\n\n<div class=\"section section-content has-no-padding-bottom-d has-no-padding-bottom-m Wit\">\n    <div class=\"container\">\n                    <div class=\"content none\">\n                <h2>Unsere Unternehmensziele<\/h2>\n<p>Bei Jacaranda wollen wir gemeinsam mit unseren Lieferanten st\u00e4ndig neue Trends entwickeln. Gemeinsam schaffen wir einen Mehrwert f\u00fcr Ihr Produkt. Indem wir eine vertrauensvolle Beziehung zu unseren Kunden und Lieferanten aufbauen, arbeiten wir gemeinsam an einer Zukunft, in der Nachhaltigkeit und sch\u00f6ne Produkte Hand in Hand gehen.<\/p>\n\n                            <\/div>\n            <\/div>\n<\/div>\n\n<div class=\"section section-full-image has-no-padding-bottom-d has-no-padding-bottom-m\">\n\n        <div class=\"full-image\">\n        <img decoding=\"async\" src=\"https:\/\/jacaranda.nl\/wp-content\/uploads\/2021\/12\/dsc02918.jpg\" alt=\"\" \/>\n    <\/div>\n    <\/div>\n\n<div class=\"section section-image-content has-no-padding-bottom-d has-no-padding-bottom-m\">\n    <div class=\"container\">\n        <div class=\"image-content has-image-right\">\n\n                            <div class=\"image\">\n                    <img decoding=\"async\" src=\"https:\/\/jacaranda.nl\/wp-content\/uploads\/2022\/01\/20211215_123338.jpg\" alt=\"\"\/>\n                <\/div>\n            \n            <div class=\"content\">\n                                    <h2>Die Geschichte von Jacaranda<\/h2>\n<p>Wir haben Jacaranda 1998 gegr\u00fcndet. Der Gr\u00fcnder, Herr Van Zoomeren, brachte dann die sch\u00f6nsten Trockenblumen aus Polen und Indien f\u00fcr einen gro\u00dfen Kundenkreis in die Niederlande mit. Der Name Jacaranda stammt von dem Jacaranda-Baum. Der erste Besitzer von Jacaranda war auf einer seiner Reisen von diesem sch\u00f6nen Baum und seiner violetten Farbe fasziniert. Diese Farbe findet sich auch in unserem Logo wieder.<\/p>\n<p>Seit 2009 ist Vincent Schouten der Besitzer von Jacaranda. Er erweiterte das Angebot von reinen Trockenblumen auf Dekorationsartikel f\u00fcr Haus und Garten. So hat sich Jacaranda nicht nur zu einem Spezialisten f\u00fcr Trockenblumen entwickelt, sondern auch zu einem <strong>Lieferanten f\u00fcr alle Arten von nat\u00fcrlichen Dekorationsmaterialien<\/strong> wie \u00dcbert\u00f6pfe, K\u00f6rbe und Glasvasen.<\/p>\n                \n                <div class=\"button-holder\">\n                    \n                                    <\/div>\n            <\/div>\n        <\/div>\n    <\/div>\n<\/div>\n\n<div class=\"section section-content has-no-padding-bottom-d has-no-padding-bottom-m Wit\">\n    <div class=\"container\">\n                    <div class=\"content none\">\n                <h2>Nachhaltiges und verantwortungsvolles Unternehmen<\/h2>\n<p>Nachhaltiges Unternehmen ist f\u00fcr uns sehr wichtig. <strong>Wir arbeiten nur mit zertifizierten Unternehmen zusammen, bei denen die Umwelt- und Sicherheitsanforderungen perfekt geregelt sind<\/strong> und regelm\u00e4\u00dfig \u00fcberpr\u00fcft werden. Es ist uns auch sehr wichtig, dass die Arbeitsbedingungen bei unseren Zulieferern in Ordnung sind. Deshalb besuchen wir die Fabriken unserer Lieferanten zweimal im Jahr, um dies zu \u00fcberwachen. Auf diese Weise k\u00f6nnen wir unter anderem sicherstellen, dass es keine Kinderarbeit gibt.<\/p>\n<p>Unsere Produkte werden stets mit Sorgfalt und Liebe hergestellt. Au\u00dferdem arbeiten wir gerne mit <strong>nachhaltigen Lieferanten<\/strong> zusammen. Wir bieten zum Beispiel viele Produkte aus recyceltem Glas und K\u00f6rbe aus nachhaltigen Materialien an.<\/p>\n\n                            <\/div>\n            <\/div>\n<\/div>\n\n<div class=\"section section-cta has-no-padding-bottom-d has-no-padding-bottom-m \">\n    <div class=\"cta\">\n        <div class=\"container\">\n            <div class=\"cta-content\">\n\n                                <div class=\"content\">\n                    <h2>St\u00e4ndig wechselndes Sortiment<\/h2>\n<p>In unserem Webshop wird es Ihnen an Auswahl nicht mangeln. Mit \u00fcber 4.000 Produkten k\u00f6nnen Sie viel finden. Au\u00dferdem erneuern wir st\u00e4ndig unsere Produktpalette. Wir verfolgen die Trends genau und besuchen Fachmessen, um auf dem Laufenden zu bleiben. So finden Sie in unserem breiten Sortiment immer die trendigsten Produkte.<\/p>\n                <\/div>\n                \n                                <div>\n                    <a class=\"button is-cta\" href=\"https:\/\/shop.app4sales.net\/jacaranda\" target=\"_blank\">Zum Webshop<\/a>\n                <\/div>\n                            <\/div>\n        <\/div>\n    <\/div>\n<\/div>\n\n<div class=\"section section-image-content \">\n    <div class=\"container\">\n        <div class=\"image-content has-image-left\">\n\n                            <div class=\"image\">\n                    <img decoding=\"async\" src=\"https:\/\/jacaranda.nl\/wp-content\/uploads\/2023\/09\/Afbeelding-van-WhatsApp-op-2023-09-18-om-14.42.58.jpg\" alt=\"Jacaranda sfeerfoto\"\/>\n                <\/div>\n            \n            <div class=\"content\">\n                                    <h2>Warum Jacaranda?<\/h2>\n<ul>\n<li>Mehr als 4000 Produkte direkt ab Lager<\/li>\n<li>Gut sortierter Webshop mit einem umfangreichen Sortiment<\/li>\n<li>Nachhaltige Lieferanten, die auf ehrliche Art und Weise arbeiten<\/li>\n<li>Immer auf dem Laufenden \u00fcber die neuesten Trends<\/li>\n<li>Schnelle Lieferung<\/li>\n<li>T\u00e4glicher Transport in ganz Europa<\/li>\n<li>Lieferung per Karton, Palette, Anh\u00e4nger oder Container<\/li>\n<li>Enthusiastisches und motiviertes Team<\/li>\n<\/ul>\n                \n                <div class=\"button-holder\">\n                    \n                                    <\/div>\n            <\/div>\n        <\/div>\n    <\/div>\n<\/div>","protected":false},"excerpt":{"rendered":"","protected":false},"author":1,"featured_media":0,"parent":0,"menu_order":0,"comment_status":"closed","ping_status":"closed","template":"","meta":{"_acf_changed":false,"footnotes":""},"class_list":["post-1054","page","type-page","status-publish","hentry"],"acf":[],"yoast_head":"<!-- This site is optimized with the Yoast SEO plugin v23.1 - https:\/\/yoast.com\/wordpress\/plugins\/seo\/ -->\n<title>\u00dcber uns - Jacaranda B.V.<\/title>\n<meta name=\"description\" content=\"Sinds 1998 is Jacaranda d\u00e9 groothandel voor o.a. keramiek, decoratie, glas en droogbloemen. Voor groothandel, opplanters, kwekers, tuincentra en bloemisten.\" \/>\n<meta name=\"robots\" content=\"index, follow, max-snippet:-1, max-image-preview:large, max-video-preview:-1\" \/>\n<link rel=\"canonical\" href=\"https:\/\/jacaranda.nl\/de\/uber-uns\/\" \/>\n<meta property=\"og:locale\" content=\"de_DE\" \/>\n<meta property=\"og:type\" content=\"article\" \/>\n<meta property=\"og:title\" content=\"\u00dcber uns - Jacaranda B.V.\" \/>\n<meta property=\"og:description\" content=\"Sinds 1998 is Jacaranda d\u00e9 groothandel voor o.a. keramiek, decoratie, glas en droogbloemen. Voor groothandel, opplanters, kwekers, tuincentra en bloemisten.\" \/>\n<meta property=\"og:url\" content=\"https:\/\/jacaranda.nl\/de\/uber-uns\/\" \/>\n<meta property=\"og:site_name\" content=\"Jacaranda B.V.\" \/>\n<meta property=\"article:modified_time\" content=\"2026-03-12T07:14:42+00:00\" \/>\n<meta name=\"twitter:card\" content=\"summary_large_image\" \/>\n<script type=\"application\/ld+json\" class=\"yoast-schema-graph\">{\"@context\":\"https:\/\/schema.org\",\"@graph\":[{\"@type\":\"WebPage\",\"@id\":\"https:\/\/jacaranda.nl\/de\/uber-uns\/\",\"url\":\"https:\/\/jacaranda.nl\/de\/uber-uns\/\",\"name\":\"\u00dcber uns - Jacaranda B.V.\",\"isPartOf\":{\"@id\":\"https:\/\/jacaranda.nl\/#website\"},\"datePublished\":\"2021-11-16T13:29:40+00:00\",\"dateModified\":\"2026-03-12T07:14:42+00:00\",\"description\":\"Sinds 1998 is Jacaranda d\u00e9 groothandel voor o.a. keramiek, decoratie, glas en droogbloemen. Voor groothandel, opplanters, kwekers, tuincentra en bloemisten.\",\"breadcrumb\":{\"@id\":\"https:\/\/jacaranda.nl\/de\/uber-uns\/#breadcrumb\"},\"inLanguage\":\"de-DE\",\"potentialAction\":[{\"@type\":\"ReadAction\",\"target\":[\"https:\/\/jacaranda.nl\/de\/uber-uns\/\"]}]},{\"@type\":\"BreadcrumbList\",\"@id\":\"https:\/\/jacaranda.nl\/de\/uber-uns\/#breadcrumb\",\"itemListElement\":[{\"@type\":\"ListItem\",\"position\":1,\"name\":\"Home\",\"item\":\"https:\/\/jacaranda.nl\/de\/\"},{\"@type\":\"ListItem\",\"position\":2,\"name\":\"\u00dcber uns\"}]},{\"@type\":\"WebSite\",\"@id\":\"https:\/\/jacaranda.nl\/#website\",\"url\":\"https:\/\/jacaranda.nl\/\",\"name\":\"Jacaranda B.V.\",\"description\":\"D\u00e9 groothandel voor potten, decoratie en meer\",\"publisher\":{\"@id\":\"https:\/\/jacaranda.nl\/#organization\"},\"potentialAction\":[{\"@type\":\"SearchAction\",\"target\":{\"@type\":\"EntryPoint\",\"urlTemplate\":\"https:\/\/jacaranda.nl\/?s={search_term_string}\"},\"query-input\":\"required name=search_term_string\"}],\"inLanguage\":\"de-DE\"},{\"@type\":\"Organization\",\"@id\":\"https:\/\/jacaranda.nl\/#organization\",\"name\":\"Jacaranda B.V.\",\"url\":\"https:\/\/jacaranda.nl\/\",\"logo\":{\"@type\":\"ImageObject\",\"inLanguage\":\"de-DE\",\"@id\":\"https:\/\/jacaranda.nl\/#\/schema\/logo\/image\/\",\"url\":\"https:\/\/jacaranda.nl\/wp-content\/uploads\/2021\/11\/social-og-image.png\",\"contentUrl\":\"https:\/\/jacaranda.nl\/wp-content\/uploads\/2021\/11\/social-og-image.png\",\"width\":1200,\"height\":627,\"caption\":\"Jacaranda B.V.\"},\"image\":{\"@id\":\"https:\/\/jacaranda.nl\/#\/schema\/logo\/image\/\"}}]}<\/script>\n<!-- \/ Yoast SEO plugin. -->","yoast_head_json":{"title":"\u00dcber uns - Jacaranda B.V.","description":"Sinds 1998 is Jacaranda d\u00e9 groothandel voor o.a. keramiek, decoratie, glas en droogbloemen. Voor groothandel, opplanters, kwekers, tuincentra en bloemisten.","robots":{"index":"index","follow":"follow","max-snippet":"max-snippet:-1","max-image-preview":"max-image-preview:large","max-video-preview":"max-video-preview:-1"},"canonical":"https:\/\/jacaranda.nl\/de\/uber-uns\/","og_locale":"de_DE","og_type":"article","og_title":"\u00dcber uns - Jacaranda B.V.","og_description":"Sinds 1998 is Jacaranda d\u00e9 groothandel voor o.a. keramiek, decoratie, glas en droogbloemen. Voor groothandel, opplanters, kwekers, tuincentra en bloemisten.","og_url":"https:\/\/jacaranda.nl\/de\/uber-uns\/","og_site_name":"Jacaranda B.V.","article_modified_time":"2026-03-12T07:14:42+00:00","twitter_card":"summary_large_image","schema":{"@context":"https:\/\/schema.org","@graph":[{"@type":"WebPage","@id":"https:\/\/jacaranda.nl\/de\/uber-uns\/","url":"https:\/\/jacaranda.nl\/de\/uber-uns\/","name":"\u00dcber uns - Jacaranda B.V.","isPartOf":{"@id":"https:\/\/jacaranda.nl\/#website"},"datePublished":"2021-11-16T13:29:40+00:00","dateModified":"2026-03-12T07:14:42+00:00","description":"Sinds 1998 is Jacaranda d\u00e9 groothandel voor o.a. keramiek, decoratie, glas en droogbloemen. Voor groothandel, opplanters, kwekers, tuincentra en bloemisten.","breadcrumb":{"@id":"https:\/\/jacaranda.nl\/de\/uber-uns\/#breadcrumb"},"inLanguage":"de-DE","potentialAction":[{"@type":"ReadAction","target":["https:\/\/jacaranda.nl\/de\/uber-uns\/"]}]},{"@type":"BreadcrumbList","@id":"https:\/\/jacaranda.nl\/de\/uber-uns\/#breadcrumb","itemListElement":[{"@type":"ListItem","position":1,"name":"Home","item":"https:\/\/jacaranda.nl\/de\/"},{"@type":"ListItem","position":2,"name":"\u00dcber uns"}]},{"@type":"WebSite","@id":"https:\/\/jacaranda.nl\/#website","url":"https:\/\/jacaranda.nl\/","name":"Jacaranda B.V.","description":"D\u00e9 groothandel voor potten, decoratie en meer","publisher":{"@id":"https:\/\/jacaranda.nl\/#organization"},"potentialAction":[{"@type":"SearchAction","target":{"@type":"EntryPoint","urlTemplate":"https:\/\/jacaranda.nl\/?s={search_term_string}"},"query-input":"required name=search_term_string"}],"inLanguage":"de-DE"},{"@type":"Organization","@id":"https:\/\/jacaranda.nl\/#organization","name":"Jacaranda B.V.","url":"https:\/\/jacaranda.nl\/","logo":{"@type":"ImageObject","inLanguage":"de-DE","@id":"https:\/\/jacaranda.nl\/#\/schema\/logo\/image\/","url":"https:\/\/jacaranda.nl\/wp-content\/uploads\/2021\/11\/social-og-image.png","contentUrl":"https:\/\/jacaranda.nl\/wp-content\/uploads\/2021\/11\/social-og-image.png","width":1200,"height":627,"caption":"Jacaranda B.V."},"image":{"@id":"https:\/\/jacaranda.nl\/#\/schema\/logo\/image\/"}}]}},"_links":{"self":[{"href":"https:\/\/jacaranda.nl\/de\/wp-json\/wp\/v2\/pages\/1054","targetHints":{"allow":["GET"]}}],"collection":[{"href":"https:\/\/jacaranda.nl\/de\/wp-json\/wp\/v2\/pages"}],"about":[{"href":"https:\/\/jacaranda.nl\/de\/wp-json\/wp\/v2\/types\/page"}],"author":[{"embeddable":true,"href":"https:\/\/jacaranda.nl\/de\/wp-json\/wp\/v2\/users\/1"}],"replies":[{"embeddable":true,"href":"https:\/\/jacaranda.nl\/de\/wp-json\/wp\/v2\/comments?post=1054"}],"version-history":[{"count":10,"href":"https:\/\/jacaranda.nl\/de\/wp-json\/wp\/v2\/pages\/1054\/revisions"}],"predecessor-version":[{"id":2302,"href":"https:\/\/jacaranda.nl\/de\/wp-json\/wp\/v2\/pages\/1054\/revisions\/2302"}],"wp:attachment":[{"href":"https:\/\/jacaranda.nl\/de\/wp-json\/wp\/v2\/media?parent=1054"}],"curies":[{"name":"wp","href":"https:\/\/api.w.org\/{rel}","templated":true}]}}