{"id":1053,"date":"2021-11-16T13:29:52","date_gmt":"2021-11-16T13:29:52","guid":{"rendered":"https:\/\/jacaranda.nl\/nieuws\/"},"modified":"2024-09-24T13:00:47","modified_gmt":"2024-09-24T13:00:47","slug":"nachrichten","status":"publish","type":"page","link":"https:\/\/jacaranda.nl\/de\/nachrichten\/","title":{"rendered":"Nachrichten"},"content":{"rendered":"<div class=\"section section-pageheader is-small has-no-padding-top-d has-no-padding-bottom-d has-no-padding-top-m has-no-padding-bottom-m\">\n    <div class=\"pageheader-top\">\n                    <div class=\"pageheader-visual\">\n                                    <div class=\"image\">\n                        <img decoding=\"async\" src=\"https:\/\/jacaranda.nl\/wp-content\/uploads\/2024\/09\/Afbeelding-van-WhatsApp-op-2024-09-24-om-12.22.08_d9756b92.jpg\" alt=\"\">\n                    <\/div>\n                                    <div class=\"image\">\n                        <img decoding=\"async\" src=\"https:\/\/jacaranda.nl\/wp-content\/uploads\/2024\/09\/Afbeelding-van-WhatsApp-op-2024-09-24-om-12.10.10_ba1dfd0e.jpg\" alt=\"\">\n                    <\/div>\n                                    <div class=\"image\">\n                        <img decoding=\"async\" src=\"https:\/\/jacaranda.nl\/wp-content\/uploads\/2024\/09\/Afbeelding-van-WhatsApp-op-2024-09-24-om-12.21.36_33d10cd7.jpg\" alt=\"\">\n                    <\/div>\n                            <\/div>\n                <div class=\"pageheader-content\">\n            <div class=\"container\">\n                                    <div class=\"inner\">\n                        <h1>Nachrichten<\/h1>\n<p>Bleiben Sie \u00fcber die neuesten Entwicklungen von Jacaranda auf dem Laufenden.<\/p>\n                    <\/div>\n                            <\/div>\n        <\/div>\n    <\/div>\n<\/div>\n\n\n<div class=\"section section-columns  \"> \n    <div class=\"container\">\n        <div class=\"blog-overview-grid\">\n                        <div class=\"blog-item\">\n                                <div class=\"image\">\n                    <img decoding=\"async\" src=\"https:\/\/jacaranda.nl\/wp-content\/uploads\/2024\/09\/Afbeelding-van-WhatsApp-op-2024-09-24-om-14.11.35_c8988e30.jpg\">\n                <\/div>\n                                <div class=\"content\">\n                    <div class=\"inner\">\n                        <span class=\"date\">24 September 2024<\/span>\n                        <h2>Trade Fair Aalsmeer 2024<\/h2>\n                        <p>Vom 5. bis 7. November 2024 werden wir auf der Messe in Aalsmeer vertreten sein.<br \/>\nWir w\u00fcrden Sie gerne an unserem Stand 1.74 begr\u00fc\u00dfen.<\/p>\n                    <\/div>\n                    <div class=\"link-holder\">\n                        <a href=\"https:\/\/jacaranda.nl\/de\/nieuws\/trade-fair-aalsmeer-2024\/\">Weiterlesen<\/a>\n                    <\/div>\n                <\/div>\n            <\/div>\n                        <div class=\"blog-item\">\n                                <div class=\"image\">\n                    <img decoding=\"async\" src=\"https:\/\/jacaranda.nl\/wp-content\/uploads\/2024\/09\/Afbeelding-van-WhatsApp-op-2024-09-24-om-14.12.55_916363c3.jpg\">\n                <\/div>\n                                <div class=\"content\">\n                    <div class=\"inner\">\n                        <span class=\"date\">24 September 2024<\/span>\n                        <h2>Iberflora Valencia 2024<\/h2>\n                        <p>Vom 1. bis 3. Oktober 2024 werden wir auf der Iberflora-Messe in Valencia vertreten sein.<br \/>\nUnser Stand befindet sich auf Ebene 2, Halle 6, Standort G179<\/p>\n                    <\/div>\n                    <div class=\"link-holder\">\n                        <a href=\"https:\/\/jacaranda.nl\/de\/nieuws\/iberflora-valencia-2024\/\">Weiterlesen<\/a>\n                    <\/div>\n                <\/div>\n            <\/div>\n                        <div class=\"blog-item\">\n                                <div class=\"image\">\n                    <img decoding=\"async\" src=\"https:\/\/jacaranda.nl\/wp-content\/uploads\/2022\/04\/2-2.png\">\n                <\/div>\n                                <div class=\"content\">\n                    <div class=\"inner\">\n                        <span class=\"date\">13 April 2022<\/span>\n                        <h2>Neu im webshop<\/h2>\n                        <p>Neues Sortiment an Zinkeimern mit verschiedenen sommerlichen Motiven.<\/p>\n                    <\/div>\n                    <div class=\"link-holder\">\n                        <a href=\"https:\/\/jacaranda.nl\/de\/nieuws\/nieuw-assortiment-zinken-emmers-in-diverse-zomerse-prints\/\">Weiterlesen<\/a>\n                    <\/div>\n                <\/div>\n            <\/div>\n                        <div class=\"blog-item\">\n                                <div class=\"image\">\n                    <img decoding=\"async\" src=\"https:\/\/jacaranda.nl\/wp-content\/uploads\/2022\/03\/Seasonal-market-NL.png\">\n                <\/div>\n                                <div class=\"content\">\n                    <div class=\"inner\">\n                        <span class=\"date\">7 M\u00e4rz 2022<\/span>\n                        <h2>Seasonal Market in Naaldwijk<\/h2>\n                        <p>Op 9 en 10 maart zijn wij aanwezig op de Seasonal Market in Naaldwijk.<\/p>\n                    <\/div>\n                    <div class=\"link-holder\">\n                        <a href=\"https:\/\/jacaranda.nl\/de\/nieuws\/seasonal-market-in-naaldwijk\/\">Weiterlesen<\/a>\n                    <\/div>\n                <\/div>\n            <\/div>\n                    <\/div>\n    <\/div>\n<\/div>\n\n","protected":false},"excerpt":{"rendered":"","protected":false},"author":1,"featured_media":0,"parent":0,"menu_order":0,"comment_status":"closed","ping_status":"closed","template":"","meta":{"_acf_changed":false,"footnotes":""},"class_list":["post-1053","page","type-page","status-publish","hentry"],"acf":[],"yoast_head":"<!-- This site is optimized with the Yoast SEO plugin v23.1 - https:\/\/yoast.com\/wordpress\/plugins\/seo\/ -->\n<title>Nachrichten - Jacaranda B.V.<\/title>\n<meta name=\"robots\" content=\"index, follow, max-snippet:-1, max-image-preview:large, max-video-preview:-1\" \/>\n<link rel=\"canonical\" href=\"https:\/\/jacaranda.nl\/de\/nachrichten\/\" \/>\n<meta property=\"og:locale\" content=\"de_DE\" \/>\n<meta property=\"og:type\" content=\"article\" \/>\n<meta property=\"og:title\" content=\"Nachrichten - Jacaranda B.V.\" \/>\n<meta property=\"og:url\" content=\"https:\/\/jacaranda.nl\/de\/nachrichten\/\" \/>\n<meta property=\"og:site_name\" content=\"Jacaranda B.V.\" \/>\n<meta property=\"article:modified_time\" content=\"2024-09-24T13:00:47+00:00\" \/>\n<meta name=\"twitter:card\" content=\"summary_large_image\" \/>\n<script type=\"application\/ld+json\" class=\"yoast-schema-graph\">{\"@context\":\"https:\/\/schema.org\",\"@graph\":[{\"@type\":\"WebPage\",\"@id\":\"https:\/\/jacaranda.nl\/de\/nachrichten\/\",\"url\":\"https:\/\/jacaranda.nl\/de\/nachrichten\/\",\"name\":\"Nachrichten - Jacaranda B.V.\",\"isPartOf\":{\"@id\":\"https:\/\/jacaranda.nl\/#website\"},\"datePublished\":\"2021-11-16T13:29:52+00:00\",\"dateModified\":\"2024-09-24T13:00:47+00:00\",\"breadcrumb\":{\"@id\":\"https:\/\/jacaranda.nl\/de\/nachrichten\/#breadcrumb\"},\"inLanguage\":\"de-DE\",\"potentialAction\":[{\"@type\":\"ReadAction\",\"target\":[\"https:\/\/jacaranda.nl\/de\/nachrichten\/\"]}]},{\"@type\":\"BreadcrumbList\",\"@id\":\"https:\/\/jacaranda.nl\/de\/nachrichten\/#breadcrumb\",\"itemListElement\":[{\"@type\":\"ListItem\",\"position\":1,\"name\":\"Home\",\"item\":\"https:\/\/jacaranda.nl\/de\/\"},{\"@type\":\"ListItem\",\"position\":2,\"name\":\"Nachrichten\"}]},{\"@type\":\"WebSite\",\"@id\":\"https:\/\/jacaranda.nl\/#website\",\"url\":\"https:\/\/jacaranda.nl\/\",\"name\":\"Jacaranda B.V.\",\"description\":\"D\u00e9 groothandel voor potten, decoratie en meer\",\"publisher\":{\"@id\":\"https:\/\/jacaranda.nl\/#organization\"},\"potentialAction\":[{\"@type\":\"SearchAction\",\"target\":{\"@type\":\"EntryPoint\",\"urlTemplate\":\"https:\/\/jacaranda.nl\/?s={search_term_string}\"},\"query-input\":\"required name=search_term_string\"}],\"inLanguage\":\"de-DE\"},{\"@type\":\"Organization\",\"@id\":\"https:\/\/jacaranda.nl\/#organization\",\"name\":\"Jacaranda B.V.\",\"url\":\"https:\/\/jacaranda.nl\/\",\"logo\":{\"@type\":\"ImageObject\",\"inLanguage\":\"de-DE\",\"@id\":\"https:\/\/jacaranda.nl\/#\/schema\/logo\/image\/\",\"url\":\"https:\/\/jacaranda.nl\/wp-content\/uploads\/2021\/11\/social-og-image.png\",\"contentUrl\":\"https:\/\/jacaranda.nl\/wp-content\/uploads\/2021\/11\/social-og-image.png\",\"width\":1200,\"height\":627,\"caption\":\"Jacaranda B.V.\"},\"image\":{\"@id\":\"https:\/\/jacaranda.nl\/#\/schema\/logo\/image\/\"}}]}<\/script>\n<!-- \/ Yoast SEO plugin. -->","yoast_head_json":{"title":"Nachrichten - Jacaranda B.V.","robots":{"index":"index","follow":"follow","max-snippet":"max-snippet:-1","max-image-preview":"max-image-preview:large","max-video-preview":"max-video-preview:-1"},"canonical":"https:\/\/jacaranda.nl\/de\/nachrichten\/","og_locale":"de_DE","og_type":"article","og_title":"Nachrichten - Jacaranda B.V.","og_url":"https:\/\/jacaranda.nl\/de\/nachrichten\/","og_site_name":"Jacaranda B.V.","article_modified_time":"2024-09-24T13:00:47+00:00","twitter_card":"summary_large_image","schema":{"@context":"https:\/\/schema.org","@graph":[{"@type":"WebPage","@id":"https:\/\/jacaranda.nl\/de\/nachrichten\/","url":"https:\/\/jacaranda.nl\/de\/nachrichten\/","name":"Nachrichten - Jacaranda B.V.","isPartOf":{"@id":"https:\/\/jacaranda.nl\/#website"},"datePublished":"2021-11-16T13:29:52+00:00","dateModified":"2024-09-24T13:00:47+00:00","breadcrumb":{"@id":"https:\/\/jacaranda.nl\/de\/nachrichten\/#breadcrumb"},"inLanguage":"de-DE","potentialAction":[{"@type":"ReadAction","target":["https:\/\/jacaranda.nl\/de\/nachrichten\/"]}]},{"@type":"BreadcrumbList","@id":"https:\/\/jacaranda.nl\/de\/nachrichten\/#breadcrumb","itemListElement":[{"@type":"ListItem","position":1,"name":"Home","item":"https:\/\/jacaranda.nl\/de\/"},{"@type":"ListItem","position":2,"name":"Nachrichten"}]},{"@type":"WebSite","@id":"https:\/\/jacaranda.nl\/#website","url":"https:\/\/jacaranda.nl\/","name":"Jacaranda B.V.","description":"D\u00e9 groothandel voor potten, decoratie en meer","publisher":{"@id":"https:\/\/jacaranda.nl\/#organization"},"potentialAction":[{"@type":"SearchAction","target":{"@type":"EntryPoint","urlTemplate":"https:\/\/jacaranda.nl\/?s={search_term_string}"},"query-input":"required name=search_term_string"}],"inLanguage":"de-DE"},{"@type":"Organization","@id":"https:\/\/jacaranda.nl\/#organization","name":"Jacaranda B.V.","url":"https:\/\/jacaranda.nl\/","logo":{"@type":"ImageObject","inLanguage":"de-DE","@id":"https:\/\/jacaranda.nl\/#\/schema\/logo\/image\/","url":"https:\/\/jacaranda.nl\/wp-content\/uploads\/2021\/11\/social-og-image.png","contentUrl":"https:\/\/jacaranda.nl\/wp-content\/uploads\/2021\/11\/social-og-image.png","width":1200,"height":627,"caption":"Jacaranda B.V."},"image":{"@id":"https:\/\/jacaranda.nl\/#\/schema\/logo\/image\/"}}]}},"_links":{"self":[{"href":"https:\/\/jacaranda.nl\/de\/wp-json\/wp\/v2\/pages\/1053","targetHints":{"allow":["GET"]}}],"collection":[{"href":"https:\/\/jacaranda.nl\/de\/wp-json\/wp\/v2\/pages"}],"about":[{"href":"https:\/\/jacaranda.nl\/de\/wp-json\/wp\/v2\/types\/page"}],"author":[{"embeddable":true,"href":"https:\/\/jacaranda.nl\/de\/wp-json\/wp\/v2\/users\/1"}],"replies":[{"embeddable":true,"href":"https:\/\/jacaranda.nl\/de\/wp-json\/wp\/v2\/comments?post=1053"}],"version-history":[{"count":3,"href":"https:\/\/jacaranda.nl\/de\/wp-json\/wp\/v2\/pages\/1053\/revisions"}],"predecessor-version":[{"id":2230,"href":"https:\/\/jacaranda.nl\/de\/wp-json\/wp\/v2\/pages\/1053\/revisions\/2230"}],"wp:attachment":[{"href":"https:\/\/jacaranda.nl\/de\/wp-json\/wp\/v2\/media?parent=1053"}],"curies":[{"name":"wp","href":"https:\/\/api.w.org\/{rel}","templated":true}]}}