{"id":1043,"date":"2021-12-06T10:55:20","date_gmt":"2021-12-06T10:55:20","guid":{"rendered":"https:\/\/jacaranda.nl\/manden-hout-zink\/"},"modified":"2022-01-13T14:58:14","modified_gmt":"2022-01-13T14:58:14","slug":"korbe-holz-und-zink","status":"publish","type":"page","link":"https:\/\/jacaranda.nl\/de\/producten\/korbe-holz-und-zink\/","title":{"rendered":"K\u00f6rbe, Holz und Zink"},"content":{"rendered":"<div class=\"section section-pageheader is-small has-no-padding-top-d has-no-padding-bottom-d has-no-padding-top-m has-no-padding-bottom-m\">\n    <div class=\"pageheader-top\">\n                    <div class=\"pageheader-visual\">\n                                    <div class=\"image\">\n                        <img decoding=\"async\" src=\"https:\/\/jacaranda.nl\/wp-content\/uploads\/2021\/12\/img_83558552.jpg\" alt=\"\">\n                    <\/div>\n                            <\/div>\n                <div class=\"pageheader-content\">\n            <div class=\"container\">\n                                    <div class=\"inner\">\n                        <h1>Bestellung beim Gro\u00dfh\u00e4ndler in Blument\u00f6pfen (mit nachhaltiger Note)<\/h1>\n                    <\/div>\n                            <\/div>\n        <\/div>\n    <\/div>\n<\/div>\n\n<div class=\"section section-content has-no-padding-bottom-d has-no-padding-bottom-m Wit\">\n    <div class=\"container\">\n                    <div class=\"content aligned-full\">\n                <h2>Der Gro\u00dfhandel f\u00fcr Blument\u00f6pfe<\/h2>\n<p>Jacaranda ist der Gro\u00dfh\u00e4ndler f\u00fcr Blument\u00f6pfe, K\u00f6rbe und K\u00e4sten. Wir haben eine umfangreiche und vielf\u00e4ltige Produktpalette. Als Gro\u00dfhandel f\u00fcr \u00dcbert\u00f6pfe finden Sie bei uns nat\u00fcrlich Keramik-\u00dcbert\u00f6pfe in allen Gr\u00f6\u00dfen. Denken Sie aber auch an Weidenk\u00f6rbe oder Zink- und Holz\u00fcbert\u00f6pfe und -k\u00e4sten. Wir verfolgen die Trends genau und bieten ein zeitgem\u00e4\u00dfes Sortiment, das allen Bed\u00fcrfnissen Ihrer Kunden gerecht wird. Und das auch noch unter fairen Bedingungen und auf nachhaltige Weise produziert wird.<\/p>\n\n                                    <div class=\"button-holder\">\n                                                    <a href=\"https:\/\/shop.app4sales.net\/jacaranda\/\" target=\"\"\n                               class=\"button \">Werfen Sie einen Blick in den Shop<\/a>\n                                                <\/div>\n                            <\/div>\n            <\/div>\n<\/div>\n\n<div class=\"section section-image-content has-no-padding-bottom-d has-no-padding-bottom-m\">\n    <div class=\"container\">\n        <div class=\"image-content has-image-left\">\n\n                            <div class=\"image\">\n                    <img decoding=\"async\" src=\"https:\/\/jacaranda.nl\/wp-content\/uploads\/2022\/01\/img_83558135-1.jpg\" alt=\"\"\/>\n                <\/div>\n            \n            <div class=\"content\">\n                                    <h2>Der Gro\u00dfhandel f\u00fcr Blument\u00f6pfe seit 1998<\/h2>\n<p>Als Gro\u00dfhandel f\u00fcr Blument\u00f6pfe sind wir seit 1998 in der Blumen- und Pflanzenbranche t\u00e4tig. Wir verstehen unser Handwerk und wissen, was sch\u00f6n und qualitativ hochwertig ist. Das erkennen Sie an <strong>unserem umfangreichen und vielf\u00e4ltigen Angebot an Produkten<\/strong>, die mit Sorgfalt in L\u00e4ndern wie Indien, China, der T\u00fcrkei, Polen und Deutschland hergestellt werden. Immer unter fairen Arbeitsbedingungen &#8211; die wir streng \u00fcberwachen.<\/p>\n<p>Als Gro\u00dfh\u00e4ndler f\u00fcr Blument\u00f6pfe beliefern wir vor allem Blumen- und Pflanzengro\u00dfhandel sowie verschiedene Gartencenter. Im In- und Ausland. Auch f\u00fcr Sie? Fordern Sie ein Log-in f\u00fcr unseren Online-Shop an, damit auch Sie Ihre Kunden mit hochwertigen \u00dcbert\u00f6pfen begeistern k\u00f6nnen.<\/p>\n                \n                <div class=\"button-holder\">\n                    \n                                    <\/div>\n            <\/div>\n        <\/div>\n    <\/div>\n<\/div>\n\n<div class=\"section section-content has-no-padding-bottom-d has-no-padding-bottom-m Wit\">\n    <div class=\"container\">\n                    <div class=\"content aligned-full\">\n                <h2>Gro\u00dfe Auswahl an Weidenk\u00f6rben<\/h2>\n<p>Wir sind nicht nur ein leidenschaftlicher Gro\u00dfh\u00e4ndler f\u00fcr Blument\u00f6pfe, wir verkaufen auch Weidenk\u00f6rbe. Wir haben eine<strong> gro\u00dfe Auswahl an Weidenk\u00f6rben in allen Formen und Gr\u00f6\u00dfen<\/strong>. K\u00f6rbe\u00a0sorgen f\u00fcr Komfort und Gem\u00fctlichkeit in einer l\u00e4ndlichen Einrichtung und bringen W\u00e4rme und Behaglichkeit in Haus und Garten. Weidenk\u00f6rbe sind dekorativ und k\u00f6nnen als Vasen f\u00fcr Trockenblumen verwendet werden.<\/p>\n<p>Dieses geflochtene Material ist zeitlos und verleiht ein nat\u00fcrliches Aussehen, das zu verschiedenen Einrichtungsstilen passt. Inspirieren Sie die Verbraucher, indem Sie im Fr\u00fchjahr einen (gef\u00fctterten) Korb mit Blumenzwiebeln wie Narzissen, Hyazinthen oder blauen Weintrauben f\u00fcllen. Oder stellen Sie eine sch\u00f6ne gro\u00dfe Zimmerpflanze hinein. Ein echter Blickfang in jeder Wohnung und in jedem Schlafzimmer!<\/p>\n<p>Wir haben verschiedene Arten von K\u00f6rben aus Rattan, Schilf und Bambus:<\/p>\n<ul>\n<li><strong>Rattan<\/strong> stammt von der Rattanpalme und ist eine Art harte, feste Rebe (im Gegensatz zu Bambus, der hohl ist). Dieses Material eignet sich hervorragend f\u00fcr die Herstellung der sch\u00f6nsten Innenraumprodukte.<\/li>\n<li><strong>Schilf<\/strong> ist eine Wasserpflanze und wird oft zu K\u00f6rben, St\u00fchlen oder Taschen geflochten. Er passt zu einer zeitlosen und nat\u00fcrlichen Einrichtung und l\u00e4sst sich leicht in einer Farbe Ihrer Wahl streichen.<\/li>\n<li><strong>Bambus<\/strong> ist ein schnell wachsendes Gras, dessen St\u00e4ngel aush\u00e4rten. Bambus hat ein charakteristisches Aussehen und eine H\u00e4rte, die mit der von Eiche vergleichbar ist. Ein weiterer Vorteil ist, dass sich Bambus von Natur aus kaum ausdehnt oder schrumpft.<\/li>\n<\/ul>\n<p>Unsere K\u00f6rbe werden in zertifizierten Fabriken in China hergestellt, in denen es keine Kinderarbeit gibt. Die Produkte werden aus <strong>nachhaltigen Materialien<\/strong> hergestellt. Wir besuchen die Fabriken, mit denen wir zusammenarbeiten, zweimal im Jahr, um die Arbeitsabl\u00e4ufe, die Qualit\u00e4t und die Nachhaltigkeit unserer Produkte zu \u00fcberpr\u00fcfen.<\/p>\n\n                                    <div class=\"button-holder\">\n                                                    <a href=\"https:\/\/shop.app4sales.net\/jacaranda\/#catalog?edition=35\" target=\"_blank\"\n                               class=\"button \">Schauen Sie sich die K\u00f6rbe an<\/a>\n                                                <\/div>\n                            <\/div>\n            <\/div>\n<\/div>\n\n<div class=\"section section-image-content \">\n    <div class=\"container\">\n        <div class=\"image-content has-image-left\">\n\n                            <div class=\"image\">\n                    <img decoding=\"async\" src=\"https:\/\/jacaranda.nl\/wp-content\/uploads\/2022\/01\/img_83558533.jpg\" alt=\"\"\/>\n                <\/div>\n            \n            <div class=\"content\">\n                                    <h2>Zinkeimer<\/h2>\n<p>In der Vergangenheit wurden viele Gegenst\u00e4nde im und am Haus aus Zink hergestellt. Und das nicht ohne Grund: Zink ist ein robustes Material, das nicht rostet. Wenn man an Zink denkt, denkt man vielleicht an die altmodischen Abfalleimer aus Zink. Aber Zink ist vielseitiger als das. Wir von Jacaranda zeigen es Ihnen gerne. Wir sind der Gro\u00dfh\u00e4ndler f\u00fcr Blument\u00f6pfe aus Zink und haben auch eine gro\u00dfe Auswahl an Dekorationsartikeln aus Zink, wie z. B. Zinkeimer, Gie\u00dfkannen und Windlichter.<\/p>\n<p>Zink hat viele Vorteile:<\/p>\n<ul>\n<li>Zinkprodukte sind besonders langlebig.<\/li>\n<li>Zink ist leicht zu schmelzen und damit wiederverwendbar.<\/li>\n<li>Zink ist witterungsbest\u00e4ndig und rostet nicht, so dass Sie es sowohl drau\u00dfen als auch drinnen verwenden k\u00f6nnen.<\/li>\n<li>Zink erfordert praktisch keine Wartung.<\/li>\n<li>Zink kann sehr gut bemalt werden.<\/li>\n<li>Zink wird mit der Zeit nur noch sch\u00f6ner.<\/li>\n<\/ul>\n                \n                <div class=\"button-holder\">\n                                            <a class=\"button has-arrow\" href=\"https:\/\/shop.app4sales.net\/jacaranda\/#catalog?edition=29\"\n                           target=\"_blank\">Schauen Sie sich die Zinkprodukte an<\/a>\n                    \n                                    <\/div>\n            <\/div>\n        <\/div>\n    <\/div>\n<\/div>\n\n<div class=\"section section-image-content \">\n    <div class=\"container\">\n        <div class=\"image-content has-image-right\">\n\n                            <div class=\"image\">\n                    <img decoding=\"async\" src=\"https:\/\/jacaranda.nl\/wp-content\/uploads\/2022\/01\/1C394FF3243BE42401ED098B6CB3BD2012594EB9.jpg\" alt=\"\"\/>\n                <\/div>\n            \n            <div class=\"content\">\n                                    <h2>Holzk\u00e4sten<\/h2>\n<p>Ein Pflanzenkasten aus Holz ist zeitlos und kann f\u00fcr viele Pflanzen sowohl im Innen- als auch im Au\u00dfenbereich verwendet werden. Setzen Sie sch\u00f6ne Kr\u00e4uterpflanzen hinein, verwenden Sie sie drau\u00dfen als Beh\u00e4lter f\u00fcr eine gro\u00dfe Pflanze oder stellen Sie eine Reihe von Holzt\u00f6pfen auf die Fensterbank. Es verleiht der Pflanze darin ein besonderes Aussehen. Ein weiterer Pluspunkt: Holzk\u00e4sten sind pflegeleicht und langlebig. Sie werden lange Freude daran haben.<\/p>\n                \n                <div class=\"button-holder\">\n                    \n                                    <\/div>\n            <\/div>\n        <\/div>\n    <\/div>\n<\/div>\n\n<div class=\"section section-cta has-no-padding-bottom-d has-no-padding-bottom-m \">\n    <div class=\"cta\">\n        <div class=\"container\">\n            <div class=\"cta-content\">\n\n                                <div class=\"content\">\n                    <h2>Schauen Sie sich unser Angebot an Blument\u00f6pfen an<\/h2>\n<p>Sind Sie neugierig auf unsere Produkte, um sie selbst zu verkaufen oder um Ihre Kunden zu begeistern? Als Gro\u00dfhandel f\u00fcr Blument\u00f6pfe bieten wir eine gro\u00dfe Auswahl an. Entdecken Sie unsere vielseitige Kollektion von Blument\u00f6pfen, K\u00f6rben und K\u00e4sten in unserem Online-Shop an. Fordern Sie Ihr Log-in an und stellen Sie selbst Ihr eigenes Sortiment zusammen.<\/p>\n<p>Nat\u00fcrlich sind Sie auch in unserem <strong>Ausstellungsraum<\/strong> in Aalsmeer herzlich willkommen oder wir besuchen Sie gerne mit unserem mobilen Ausstellungsraum. Ein gro\u00dfer Teil unserer Kollektion f\u00fcr den Gro\u00dfhandel ist hier zu sehen. Wir freuen uns darauf, Sie zu inspirieren und zu informieren.<\/p>\n                <\/div>\n                \n                                <div>\n                    <a class=\"button is-cta\" href=\"https:\/\/jacaranda.nl\/de\/contact\/\" target=\"\">Nehmen Sie Kontakt auf<\/a>\n                <\/div>\n                            <\/div>\n        <\/div>\n    <\/div>\n<\/div>","protected":false},"excerpt":{"rendered":"","protected":false},"author":1,"featured_media":0,"parent":1055,"menu_order":0,"comment_status":"closed","ping_status":"closed","template":"","meta":{"_acf_changed":false,"footnotes":""},"class_list":["post-1043","page","type-page","status-publish","hentry"],"acf":[],"yoast_head":"<!-- This site is optimized with the Yoast SEO plugin v23.1 - https:\/\/yoast.com\/wordpress\/plugins\/seo\/ -->\n<title>K\u00f6rbe, Holz und Zink - Jacaranda B.V.<\/title>\n<meta name=\"description\" content=\"Wil je bloempotten aanbieden die duurzaam zijn en van goede kwaliteit? Jacaranda is d\u00e9 groothandel in bloempotten van keramiek, glas, hout, zink en meer.\" \/>\n<meta name=\"robots\" content=\"index, follow, max-snippet:-1, max-image-preview:large, max-video-preview:-1\" \/>\n<link rel=\"canonical\" href=\"https:\/\/jacaranda.nl\/de\/producten\/korbe-holz-und-zink\/\" \/>\n<meta property=\"og:locale\" content=\"de_DE\" \/>\n<meta property=\"og:type\" content=\"article\" \/>\n<meta property=\"og:title\" content=\"K\u00f6rbe, Holz und Zink - Jacaranda B.V.\" \/>\n<meta property=\"og:description\" content=\"Wil je bloempotten aanbieden die duurzaam zijn en van goede kwaliteit? Jacaranda is d\u00e9 groothandel in bloempotten van keramiek, glas, hout, zink en meer.\" \/>\n<meta property=\"og:url\" content=\"https:\/\/jacaranda.nl\/de\/producten\/korbe-holz-und-zink\/\" \/>\n<meta property=\"og:site_name\" content=\"Jacaranda B.V.\" \/>\n<meta property=\"article:modified_time\" content=\"2022-01-13T14:58:14+00:00\" \/>\n<meta name=\"twitter:card\" content=\"summary_large_image\" \/>\n<script type=\"application\/ld+json\" class=\"yoast-schema-graph\">{\"@context\":\"https:\/\/schema.org\",\"@graph\":[{\"@type\":\"WebPage\",\"@id\":\"https:\/\/jacaranda.nl\/de\/producten\/korbe-holz-und-zink\/\",\"url\":\"https:\/\/jacaranda.nl\/de\/producten\/korbe-holz-und-zink\/\",\"name\":\"K\u00f6rbe, Holz und Zink - Jacaranda B.V.\",\"isPartOf\":{\"@id\":\"https:\/\/jacaranda.nl\/#website\"},\"datePublished\":\"2021-12-06T10:55:20+00:00\",\"dateModified\":\"2022-01-13T14:58:14+00:00\",\"description\":\"Wil je bloempotten aanbieden die duurzaam zijn en van goede kwaliteit? Jacaranda is d\u00e9 groothandel in bloempotten van keramiek, glas, hout, zink en meer.\",\"breadcrumb\":{\"@id\":\"https:\/\/jacaranda.nl\/de\/producten\/korbe-holz-und-zink\/#breadcrumb\"},\"inLanguage\":\"de-DE\",\"potentialAction\":[{\"@type\":\"ReadAction\",\"target\":[\"https:\/\/jacaranda.nl\/de\/producten\/korbe-holz-und-zink\/\"]}]},{\"@type\":\"BreadcrumbList\",\"@id\":\"https:\/\/jacaranda.nl\/de\/producten\/korbe-holz-und-zink\/#breadcrumb\",\"itemListElement\":[{\"@type\":\"ListItem\",\"position\":1,\"name\":\"Home\",\"item\":\"https:\/\/jacaranda.nl\/de\/\"},{\"@type\":\"ListItem\",\"position\":2,\"name\":\"Produkte\",\"item\":\"https:\/\/jacaranda.nl\/de\/producten\/\"},{\"@type\":\"ListItem\",\"position\":3,\"name\":\"K\u00f6rbe, Holz und Zink\"}]},{\"@type\":\"WebSite\",\"@id\":\"https:\/\/jacaranda.nl\/#website\",\"url\":\"https:\/\/jacaranda.nl\/\",\"name\":\"Jacaranda B.V.\",\"description\":\"D\u00e9 groothandel voor potten, decoratie en meer\",\"publisher\":{\"@id\":\"https:\/\/jacaranda.nl\/#organization\"},\"potentialAction\":[{\"@type\":\"SearchAction\",\"target\":{\"@type\":\"EntryPoint\",\"urlTemplate\":\"https:\/\/jacaranda.nl\/?s={search_term_string}\"},\"query-input\":\"required name=search_term_string\"}],\"inLanguage\":\"de-DE\"},{\"@type\":\"Organization\",\"@id\":\"https:\/\/jacaranda.nl\/#organization\",\"name\":\"Jacaranda B.V.\",\"url\":\"https:\/\/jacaranda.nl\/\",\"logo\":{\"@type\":\"ImageObject\",\"inLanguage\":\"de-DE\",\"@id\":\"https:\/\/jacaranda.nl\/#\/schema\/logo\/image\/\",\"url\":\"https:\/\/jacaranda.nl\/wp-content\/uploads\/2021\/11\/social-og-image.png\",\"contentUrl\":\"https:\/\/jacaranda.nl\/wp-content\/uploads\/2021\/11\/social-og-image.png\",\"width\":1200,\"height\":627,\"caption\":\"Jacaranda B.V.\"},\"image\":{\"@id\":\"https:\/\/jacaranda.nl\/#\/schema\/logo\/image\/\"}}]}<\/script>\n<!-- \/ Yoast SEO plugin. -->","yoast_head_json":{"title":"K\u00f6rbe, Holz und Zink - Jacaranda B.V.","description":"Wil je bloempotten aanbieden die duurzaam zijn en van goede kwaliteit? Jacaranda is d\u00e9 groothandel in bloempotten van keramiek, glas, hout, zink en meer.","robots":{"index":"index","follow":"follow","max-snippet":"max-snippet:-1","max-image-preview":"max-image-preview:large","max-video-preview":"max-video-preview:-1"},"canonical":"https:\/\/jacaranda.nl\/de\/producten\/korbe-holz-und-zink\/","og_locale":"de_DE","og_type":"article","og_title":"K\u00f6rbe, Holz und Zink - Jacaranda B.V.","og_description":"Wil je bloempotten aanbieden die duurzaam zijn en van goede kwaliteit? Jacaranda is d\u00e9 groothandel in bloempotten van keramiek, glas, hout, zink en meer.","og_url":"https:\/\/jacaranda.nl\/de\/producten\/korbe-holz-und-zink\/","og_site_name":"Jacaranda B.V.","article_modified_time":"2022-01-13T14:58:14+00:00","twitter_card":"summary_large_image","schema":{"@context":"https:\/\/schema.org","@graph":[{"@type":"WebPage","@id":"https:\/\/jacaranda.nl\/de\/producten\/korbe-holz-und-zink\/","url":"https:\/\/jacaranda.nl\/de\/producten\/korbe-holz-und-zink\/","name":"K\u00f6rbe, Holz und Zink - Jacaranda B.V.","isPartOf":{"@id":"https:\/\/jacaranda.nl\/#website"},"datePublished":"2021-12-06T10:55:20+00:00","dateModified":"2022-01-13T14:58:14+00:00","description":"Wil je bloempotten aanbieden die duurzaam zijn en van goede kwaliteit? Jacaranda is d\u00e9 groothandel in bloempotten van keramiek, glas, hout, zink en meer.","breadcrumb":{"@id":"https:\/\/jacaranda.nl\/de\/producten\/korbe-holz-und-zink\/#breadcrumb"},"inLanguage":"de-DE","potentialAction":[{"@type":"ReadAction","target":["https:\/\/jacaranda.nl\/de\/producten\/korbe-holz-und-zink\/"]}]},{"@type":"BreadcrumbList","@id":"https:\/\/jacaranda.nl\/de\/producten\/korbe-holz-und-zink\/#breadcrumb","itemListElement":[{"@type":"ListItem","position":1,"name":"Home","item":"https:\/\/jacaranda.nl\/de\/"},{"@type":"ListItem","position":2,"name":"Produkte","item":"https:\/\/jacaranda.nl\/de\/producten\/"},{"@type":"ListItem","position":3,"name":"K\u00f6rbe, Holz und Zink"}]},{"@type":"WebSite","@id":"https:\/\/jacaranda.nl\/#website","url":"https:\/\/jacaranda.nl\/","name":"Jacaranda B.V.","description":"D\u00e9 groothandel voor potten, decoratie en meer","publisher":{"@id":"https:\/\/jacaranda.nl\/#organization"},"potentialAction":[{"@type":"SearchAction","target":{"@type":"EntryPoint","urlTemplate":"https:\/\/jacaranda.nl\/?s={search_term_string}"},"query-input":"required name=search_term_string"}],"inLanguage":"de-DE"},{"@type":"Organization","@id":"https:\/\/jacaranda.nl\/#organization","name":"Jacaranda B.V.","url":"https:\/\/jacaranda.nl\/","logo":{"@type":"ImageObject","inLanguage":"de-DE","@id":"https:\/\/jacaranda.nl\/#\/schema\/logo\/image\/","url":"https:\/\/jacaranda.nl\/wp-content\/uploads\/2021\/11\/social-og-image.png","contentUrl":"https:\/\/jacaranda.nl\/wp-content\/uploads\/2021\/11\/social-og-image.png","width":1200,"height":627,"caption":"Jacaranda B.V."},"image":{"@id":"https:\/\/jacaranda.nl\/#\/schema\/logo\/image\/"}}]}},"_links":{"self":[{"href":"https:\/\/jacaranda.nl\/de\/wp-json\/wp\/v2\/pages\/1043","targetHints":{"allow":["GET"]}}],"collection":[{"href":"https:\/\/jacaranda.nl\/de\/wp-json\/wp\/v2\/pages"}],"about":[{"href":"https:\/\/jacaranda.nl\/de\/wp-json\/wp\/v2\/types\/page"}],"author":[{"embeddable":true,"href":"https:\/\/jacaranda.nl\/de\/wp-json\/wp\/v2\/users\/1"}],"replies":[{"embeddable":true,"href":"https:\/\/jacaranda.nl\/de\/wp-json\/wp\/v2\/comments?post=1043"}],"version-history":[{"count":0,"href":"https:\/\/jacaranda.nl\/de\/wp-json\/wp\/v2\/pages\/1043\/revisions"}],"up":[{"embeddable":true,"href":"https:\/\/jacaranda.nl\/de\/wp-json\/wp\/v2\/pages\/1055"}],"wp:attachment":[{"href":"https:\/\/jacaranda.nl\/de\/wp-json\/wp\/v2\/media?parent=1043"}],"curies":[{"name":"wp","href":"https:\/\/api.w.org\/{rel}","templated":true}]}}