{"id":1038,"date":"2021-12-06T10:55:54","date_gmt":"2021-12-06T10:55:54","guid":{"rendered":"https:\/\/jacaranda.nl\/droogbloemen\/"},"modified":"2022-01-13T15:16:53","modified_gmt":"2022-01-13T15:16:53","slug":"trockene-blumenstrausse","status":"publish","type":"page","link":"https:\/\/jacaranda.nl\/de\/producten\/trockene-blumenstrausse\/","title":{"rendered":"Trockene Blumenstr\u00e4u\u00dfe"},"content":{"rendered":"<div class=\"section section-pageheader is-small has-no-padding-top-d has-no-padding-bottom-d has-no-padding-top-m has-no-padding-bottom-m\">\n    <div class=\"pageheader-top\">\n                    <div class=\"pageheader-visual\">\n                                    <div class=\"image\">\n                        <img decoding=\"async\" src=\"https:\/\/jacaranda.nl\/wp-content\/uploads\/2022\/01\/20220103_112019.jpg\" alt=\"\">\n                    <\/div>\n                            <\/div>\n                <div class=\"pageheader-content\">\n            <div class=\"container\">\n                                    <div class=\"inner\">\n                        <h1>Trockenblumengro\u00dfhandel f\u00fcr Str\u00e4u\u00dfe, Kr\u00e4nze und mehr<\/h1>\n                    <\/div>\n                            <\/div>\n        <\/div>\n    <\/div>\n<\/div>\n\n<div class=\"section section-content has-no-padding-bottom-d has-no-padding-bottom-m Wit\">\n    <div class=\"container\">\n                    <div class=\"content aligned-full\">\n                <h2>Trockenblumen-Gro\u00dfhandel f\u00fcr Str\u00e4u\u00dfe, Kr\u00e4nze &amp; mehr<\/h2>\n<p>Sie m\u00f6chten das ganze Jahr \u00fcber sch\u00f6ne Blumen genie\u00dfen? Das ist durchaus m\u00f6glich. Mit unseren sch\u00f6nen Trockenblumen, Trockenstr\u00e4u\u00dfen und anderen Trockenprodukten haben Ihre Kunden 365 Tage im Jahr etwas Blumiges auf ihrem Tisch. Seit 1998 ist Jacaranda der Trockenblumengro\u00dfhandel mit einem umfangreichen Sortiment an sch\u00f6nen Str\u00e4u\u00dfen, Kr\u00e4nzen, Pampasgras und mehr. \u00dcberraschen Sie Ihre Kunden mit diesem sch\u00f6nen Trend und bestellen Sie bei uns als Lieferant von Trockenblumen.<\/p>\n\n                                    <div class=\"button-holder\">\n                                                    <a href=\"https:\/\/shop.app4sales.net\/jacaranda\/#catalog?edition=34\" target=\"_blank\"\n                               class=\"button \">Schauen Sie sich unsere Trockenblumen an<\/a>\n                                                <\/div>\n                            <\/div>\n            <\/div>\n<\/div>\n\n<div class=\"section section-image-content has-no-padding-bottom-d has-no-padding-bottom-m\">\n    <div class=\"container\">\n        <div class=\"image-content has-image-left\">\n\n                            <div class=\"image\">\n                    <img decoding=\"async\" src=\"https:\/\/jacaranda.nl\/wp-content\/uploads\/2022\/01\/20220103_114050__2_-e1641222258939.jpg\" alt=\"\"\/>\n                <\/div>\n            \n            <div class=\"content\">\n                                    <h2>Warum Trockenblumen bestellen?<\/h2>\n<p>Trockenblumen sind sehr beliebt. Sie erfordern kaum Pflege und sind aufgrund ihrer langen Lebensdauer auch sehr nachhaltig. In unserem Sortiment als Trockenblumen-Gro\u00dfhandel sollten Sie sicherlich nicht nur an Trockenblumen denken. Es umfasst auch nat\u00fcrliche Dekorationen aus Blumen, Gr\u00e4sern und Getreidearten.<\/p>\n<p>Als Lieferant von Trockenblumen wissen wir besser als jeder andere, wie gut sich Trockenblumen f\u00fcr Str\u00e4u\u00dfe und andere Kreationen eignen. <strong>Von Anfang an waren Trockenblumen das Produkt, das wir gerne an Gro\u00dfh\u00e4ndler, Gartencenter und andere Liebhaber<\/strong> von Gr\u00fcn und Dekoration liefern. Wir m\u00f6chten Sie auch mit unserer breiten Produktpalette \u00fcberraschen. Bestellen Sie direkt online!<\/p>\n                \n                <div class=\"button-holder\">\n                                            <a class=\"button has-arrow\" href=\"https:\/\/shop.app4sales.net\/jacaranda\/#catalog?edition=34\"\n                           target=\"_blank\">Gehen Sie zum Shop<\/a>\n                    \n                                    <\/div>\n            <\/div>\n        <\/div>\n    <\/div>\n<\/div>\n\n<div class=\"section section-content has-no-padding-bottom-d has-no-padding-bottom-m Wit\">\n    <div class=\"container\">\n                    <div class=\"content aligned-full\">\n                <h2>Trockenblumen ab Lager bestellen<\/h2>\n<p>In unserem Gro\u00dfhandel k\u00f6nnen Sie ein <strong>gro\u00dfes Sortiment an Trockenblumen ab Lager bestellen<\/strong>. Bei Jacaranda begann alles mit Trockenblumen. Inzwischen haben wir uns zu einem Gro\u00dfh\u00e4ndler f\u00fcr viele Arten von Dekorationsmaterial entwickelt, darunter ungew\u00f6hnliche Keramik, Glaswaren und nat\u00fcrliche Dekorationen. Sie k\u00f6nnen all diese sch\u00f6nen Produkte direkt in unserem Online-Gro\u00dfhandel bestellen.<\/p>\n<p>Wie w\u00e4re es mit sch\u00f6n gebundenen Trockenstr\u00e4u\u00dfen? Wir haben auch eine gro\u00dfe Auswahl an Steckern. Wir haben f\u00fcr jede Jahreszeit und jedes Fest (nat\u00fcrliche) Stecker. Unser Angebot an dekorativen Materialien umfasst zum Beispiel:<\/p>\n<ul>\n<li>Str\u00e4u\u00dfe mit Trockenblumen;<\/li>\n<li>Kr\u00e4nze;<\/li>\n<li>Stecker in Form von z. B. getrockneten N\u00fcssen, Schalen, Tannenzapfen, Oster- oder Muttertagsartikeln.<\/li>\n<\/ul>\n\n                                    <div class=\"button-holder\">\n                                                    <a href=\"https:\/\/shop.app4sales.net\/jacaranda\/#catalog?edition=34\" target=\"_blank\"\n                               class=\"button \">Sehen Sie sich unser Sortiment an<\/a>\n                                                <\/div>\n                            <\/div>\n            <\/div>\n<\/div>\n\n<div class=\"section section-full-image has-no-padding-bottom-d has-no-padding-bottom-m\">\n\n        <div class=\"full-image\">\n        <img decoding=\"async\" src=\"https:\/\/jacaranda.nl\/wp-content\/uploads\/2022\/01\/20220103_111958.jpg\" alt=\"\" \/>\n    <\/div>\n    <\/div>\n\n<div class=\"section section-content has-no-padding-bottom-d has-no-padding-bottom-m Wit\">\n    <div class=\"container\">\n                    <div class=\"content aligned-full\">\n                <h2>Trockenblumengro\u00dfhandel mit einem Auge f\u00fcr Nachhaltigkeit<\/h2>\n<p>Bei Jacaranda lieben wir alles, was w\u00e4chst und bl\u00fcht. Das ist auch der Grund, warum wir als Trockenblumengro\u00dfhandel begonnen haben. Unter anderem wegen dieser Vorliebe halten wir es f\u00fcr sehr wichtig, Mutter Erde etwas zur\u00fcckzugeben. <strong>Indem wir unser Handeln so nachhaltig wie m\u00f6glich gestalten.<\/strong><\/p>\n<p>Unsere nachhaltigen Materialien und fairen Arbeitsbedingungen machen unsere Trockenblumen noch fr\u00f6hlicher. Sie sind zufrieden, Ihr Kunde ist zufrieden und die Produzenten sind zufrieden.<\/p>\n\n                            <\/div>\n            <\/div>\n<\/div>\n\n<div class=\"section section-content has-no-padding-bottom-d has-no-padding-bottom-m Wit\">\n    <div class=\"container\">\n                    <div class=\"content aligned-full\">\n                <h2>Suchen Sie auch nach einem Topf oder einer Vase?<\/h2>\n<p>Ein sch\u00f6ner Trockenblumenstrau\u00df verdient nat\u00fcrlich eine besondere Vase oder einen sch\u00f6nen \u00dcbertopf, um darin zu gl\u00e4nzen. Deshalb finden Sie in unserem Gro\u00dfhandel f\u00fcr Trockenblumen auch eine passende Vase aus Glas oder Keramik. Wussten Sie, dass alle unsere Vasen von sehr guter Qualit\u00e4t sind und dass ein Teil unseres Sortiments aus nachhaltigem, recyceltem Glas hergestellt wird? Auf diese Weise hat Ihr Kunde jahrelang Freude an ihnen.<\/p>\n\n                            <\/div>\n            <\/div>\n<\/div>\n\n<div class=\"section section-cta has-no-padding-bottom-d has-no-padding-bottom-m \">\n    <div class=\"cta\">\n        <div class=\"container\">\n            <div class=\"cta-content\">\n\n                                <div class=\"content\">\n                    <h2>Schauen Sie sich unserem Sortiment an Trockenblumen an<\/h2>\n<p>Sind Sie auf der Suche nach getrockneten Blumenstr\u00e4u\u00dfen, die Ihre Kunden begeistern? Sehen Sie sich unsere umfangreiche Kollektion getrockneter Blumenstr\u00e4u\u00dfe im Online-Shop an. <strong>Fordern Sie Ihr Login an und stellen Sie Ihr eigenes Sortiment zusammen<\/strong>.<\/p>\n                <\/div>\n                \n                                <div>\n                    <a class=\"button is-cta\" href=\"https:\/\/shop.app4sales.net\/jacaranda\/#catalog?edition=34\" target=\"_blank\">Gehen Sie zum Shop<\/a>\n                <\/div>\n                            <\/div>\n        <\/div>\n    <\/div>\n<\/div>\n\n<div class=\"section section-content  Wit\">\n    <div class=\"container\">\n                    <div class=\"content none\">\n                <h2>Besuchen Sie unseren Ausstellungsraum<\/h2>\n<p>Nat\u00fcrlich sind Sie auch in <strong>unserem Ausstellungsraum in Aalsmeer willkommen<\/strong>. Oder Sie besuchen unseren mobilen Ausstellungsraum, mit dem wir durch das ganze Land reisen. Ein gro\u00dfer Teil unserer Trockenblumen aus dem Gro\u00dfhandel ist hier zu sehen. Bitte mailen oder rufen Sie uns an, um einen Termin zu vereinbaren.<\/p>\n\n                                    <div class=\"button-holder\">\n                                                    <a href=\"https:\/\/jacaranda.nl\/de\/contact\/\" target=\"\"\n                               class=\"button \">Vereinbaren Sie einen Termin<\/a>\n                                                <\/div>\n                            <\/div>\n            <\/div>\n<\/div>","protected":false},"excerpt":{"rendered":"","protected":false},"author":1,"featured_media":0,"parent":1055,"menu_order":0,"comment_status":"closed","ping_status":"closed","template":"","meta":{"_acf_changed":false,"footnotes":""},"class_list":["post-1038","page","type-page","status-publish","hentry"],"acf":[],"yoast_head":"<!-- This site is optimized with the Yoast SEO plugin v23.1 - https:\/\/yoast.com\/wordpress\/plugins\/seo\/ -->\n<title>Trockene Blumenstr\u00e4u\u00dfe - Jacaranda B.V.<\/title>\n<meta name=\"description\" content=\"Wil jij duurzame droogbloemen aanbieden? Bestel bij Jacaranda: d\u00e9 droogbloemen-groothandel. Voor boeketten, kransen en meer. Oog voor duurzaamheid!\" \/>\n<meta name=\"robots\" content=\"index, follow, max-snippet:-1, max-image-preview:large, max-video-preview:-1\" \/>\n<link rel=\"canonical\" href=\"https:\/\/jacaranda.nl\/de\/producten\/trockene-blumenstrausse\/\" \/>\n<meta property=\"og:locale\" content=\"de_DE\" \/>\n<meta property=\"og:type\" content=\"article\" \/>\n<meta property=\"og:title\" content=\"Trockene Blumenstr\u00e4u\u00dfe - Jacaranda B.V.\" \/>\n<meta property=\"og:description\" content=\"Wil jij duurzame droogbloemen aanbieden? Bestel bij Jacaranda: d\u00e9 droogbloemen-groothandel. Voor boeketten, kransen en meer. Oog voor duurzaamheid!\" \/>\n<meta property=\"og:url\" content=\"https:\/\/jacaranda.nl\/de\/producten\/trockene-blumenstrausse\/\" \/>\n<meta property=\"og:site_name\" content=\"Jacaranda B.V.\" \/>\n<meta property=\"article:modified_time\" content=\"2022-01-13T15:16:53+00:00\" \/>\n<meta name=\"twitter:card\" content=\"summary_large_image\" \/>\n<script type=\"application\/ld+json\" class=\"yoast-schema-graph\">{\"@context\":\"https:\/\/schema.org\",\"@graph\":[{\"@type\":\"WebPage\",\"@id\":\"https:\/\/jacaranda.nl\/de\/producten\/trockene-blumenstrausse\/\",\"url\":\"https:\/\/jacaranda.nl\/de\/producten\/trockene-blumenstrausse\/\",\"name\":\"Trockene Blumenstr\u00e4u\u00dfe - Jacaranda B.V.\",\"isPartOf\":{\"@id\":\"https:\/\/jacaranda.nl\/#website\"},\"datePublished\":\"2021-12-06T10:55:54+00:00\",\"dateModified\":\"2022-01-13T15:16:53+00:00\",\"description\":\"Wil jij duurzame droogbloemen aanbieden? Bestel bij Jacaranda: d\u00e9 droogbloemen-groothandel. Voor boeketten, kransen en meer. Oog voor duurzaamheid!\",\"breadcrumb\":{\"@id\":\"https:\/\/jacaranda.nl\/de\/producten\/trockene-blumenstrausse\/#breadcrumb\"},\"inLanguage\":\"de-DE\",\"potentialAction\":[{\"@type\":\"ReadAction\",\"target\":[\"https:\/\/jacaranda.nl\/de\/producten\/trockene-blumenstrausse\/\"]}]},{\"@type\":\"BreadcrumbList\",\"@id\":\"https:\/\/jacaranda.nl\/de\/producten\/trockene-blumenstrausse\/#breadcrumb\",\"itemListElement\":[{\"@type\":\"ListItem\",\"position\":1,\"name\":\"Home\",\"item\":\"https:\/\/jacaranda.nl\/de\/\"},{\"@type\":\"ListItem\",\"position\":2,\"name\":\"Produkte\",\"item\":\"https:\/\/jacaranda.nl\/de\/producten\/\"},{\"@type\":\"ListItem\",\"position\":3,\"name\":\"Trockene Blumenstr\u00e4u\u00dfe\"}]},{\"@type\":\"WebSite\",\"@id\":\"https:\/\/jacaranda.nl\/#website\",\"url\":\"https:\/\/jacaranda.nl\/\",\"name\":\"Jacaranda B.V.\",\"description\":\"D\u00e9 groothandel voor potten, decoratie en meer\",\"publisher\":{\"@id\":\"https:\/\/jacaranda.nl\/#organization\"},\"potentialAction\":[{\"@type\":\"SearchAction\",\"target\":{\"@type\":\"EntryPoint\",\"urlTemplate\":\"https:\/\/jacaranda.nl\/?s={search_term_string}\"},\"query-input\":\"required name=search_term_string\"}],\"inLanguage\":\"de-DE\"},{\"@type\":\"Organization\",\"@id\":\"https:\/\/jacaranda.nl\/#organization\",\"name\":\"Jacaranda B.V.\",\"url\":\"https:\/\/jacaranda.nl\/\",\"logo\":{\"@type\":\"ImageObject\",\"inLanguage\":\"de-DE\",\"@id\":\"https:\/\/jacaranda.nl\/#\/schema\/logo\/image\/\",\"url\":\"https:\/\/jacaranda.nl\/wp-content\/uploads\/2021\/11\/social-og-image.png\",\"contentUrl\":\"https:\/\/jacaranda.nl\/wp-content\/uploads\/2021\/11\/social-og-image.png\",\"width\":1200,\"height\":627,\"caption\":\"Jacaranda B.V.\"},\"image\":{\"@id\":\"https:\/\/jacaranda.nl\/#\/schema\/logo\/image\/\"}}]}<\/script>\n<!-- \/ Yoast SEO plugin. -->","yoast_head_json":{"title":"Trockene Blumenstr\u00e4u\u00dfe - Jacaranda B.V.","description":"Wil jij duurzame droogbloemen aanbieden? Bestel bij Jacaranda: d\u00e9 droogbloemen-groothandel. Voor boeketten, kransen en meer. Oog voor duurzaamheid!","robots":{"index":"index","follow":"follow","max-snippet":"max-snippet:-1","max-image-preview":"max-image-preview:large","max-video-preview":"max-video-preview:-1"},"canonical":"https:\/\/jacaranda.nl\/de\/producten\/trockene-blumenstrausse\/","og_locale":"de_DE","og_type":"article","og_title":"Trockene Blumenstr\u00e4u\u00dfe - Jacaranda B.V.","og_description":"Wil jij duurzame droogbloemen aanbieden? Bestel bij Jacaranda: d\u00e9 droogbloemen-groothandel. Voor boeketten, kransen en meer. Oog voor duurzaamheid!","og_url":"https:\/\/jacaranda.nl\/de\/producten\/trockene-blumenstrausse\/","og_site_name":"Jacaranda B.V.","article_modified_time":"2022-01-13T15:16:53+00:00","twitter_card":"summary_large_image","schema":{"@context":"https:\/\/schema.org","@graph":[{"@type":"WebPage","@id":"https:\/\/jacaranda.nl\/de\/producten\/trockene-blumenstrausse\/","url":"https:\/\/jacaranda.nl\/de\/producten\/trockene-blumenstrausse\/","name":"Trockene Blumenstr\u00e4u\u00dfe - Jacaranda B.V.","isPartOf":{"@id":"https:\/\/jacaranda.nl\/#website"},"datePublished":"2021-12-06T10:55:54+00:00","dateModified":"2022-01-13T15:16:53+00:00","description":"Wil jij duurzame droogbloemen aanbieden? Bestel bij Jacaranda: d\u00e9 droogbloemen-groothandel. Voor boeketten, kransen en meer. Oog voor duurzaamheid!","breadcrumb":{"@id":"https:\/\/jacaranda.nl\/de\/producten\/trockene-blumenstrausse\/#breadcrumb"},"inLanguage":"de-DE","potentialAction":[{"@type":"ReadAction","target":["https:\/\/jacaranda.nl\/de\/producten\/trockene-blumenstrausse\/"]}]},{"@type":"BreadcrumbList","@id":"https:\/\/jacaranda.nl\/de\/producten\/trockene-blumenstrausse\/#breadcrumb","itemListElement":[{"@type":"ListItem","position":1,"name":"Home","item":"https:\/\/jacaranda.nl\/de\/"},{"@type":"ListItem","position":2,"name":"Produkte","item":"https:\/\/jacaranda.nl\/de\/producten\/"},{"@type":"ListItem","position":3,"name":"Trockene Blumenstr\u00e4u\u00dfe"}]},{"@type":"WebSite","@id":"https:\/\/jacaranda.nl\/#website","url":"https:\/\/jacaranda.nl\/","name":"Jacaranda B.V.","description":"D\u00e9 groothandel voor potten, decoratie en meer","publisher":{"@id":"https:\/\/jacaranda.nl\/#organization"},"potentialAction":[{"@type":"SearchAction","target":{"@type":"EntryPoint","urlTemplate":"https:\/\/jacaranda.nl\/?s={search_term_string}"},"query-input":"required name=search_term_string"}],"inLanguage":"de-DE"},{"@type":"Organization","@id":"https:\/\/jacaranda.nl\/#organization","name":"Jacaranda B.V.","url":"https:\/\/jacaranda.nl\/","logo":{"@type":"ImageObject","inLanguage":"de-DE","@id":"https:\/\/jacaranda.nl\/#\/schema\/logo\/image\/","url":"https:\/\/jacaranda.nl\/wp-content\/uploads\/2021\/11\/social-og-image.png","contentUrl":"https:\/\/jacaranda.nl\/wp-content\/uploads\/2021\/11\/social-og-image.png","width":1200,"height":627,"caption":"Jacaranda B.V."},"image":{"@id":"https:\/\/jacaranda.nl\/#\/schema\/logo\/image\/"}}]}},"_links":{"self":[{"href":"https:\/\/jacaranda.nl\/de\/wp-json\/wp\/v2\/pages\/1038","targetHints":{"allow":["GET"]}}],"collection":[{"href":"https:\/\/jacaranda.nl\/de\/wp-json\/wp\/v2\/pages"}],"about":[{"href":"https:\/\/jacaranda.nl\/de\/wp-json\/wp\/v2\/types\/page"}],"author":[{"embeddable":true,"href":"https:\/\/jacaranda.nl\/de\/wp-json\/wp\/v2\/users\/1"}],"replies":[{"embeddable":true,"href":"https:\/\/jacaranda.nl\/de\/wp-json\/wp\/v2\/comments?post=1038"}],"version-history":[{"count":0,"href":"https:\/\/jacaranda.nl\/de\/wp-json\/wp\/v2\/pages\/1038\/revisions"}],"up":[{"embeddable":true,"href":"https:\/\/jacaranda.nl\/de\/wp-json\/wp\/v2\/pages\/1055"}],"wp:attachment":[{"href":"https:\/\/jacaranda.nl\/de\/wp-json\/wp\/v2\/media?parent=1038"}],"curies":[{"name":"wp","href":"https:\/\/api.w.org\/{rel}","templated":true}]}}