{"id":1032,"date":"2021-12-06T13:44:44","date_gmt":"2021-12-06T13:44:44","guid":{"rendered":"https:\/\/jacaranda.nl\/decoratie\/"},"modified":"2022-01-13T15:12:41","modified_gmt":"2022-01-13T15:12:41","slug":"dekorationsartikel","status":"publish","type":"page","link":"https:\/\/jacaranda.nl\/de\/producten\/dekorationsartikel\/","title":{"rendered":"Dekorationsartikel"},"content":{"rendered":"<div class=\"section section-pageheader is-small has-no-padding-top-d has-no-padding-bottom-d has-no-padding-top-m has-no-padding-bottom-m\">\n    <div class=\"pageheader-top\">\n                    <div class=\"pageheader-visual\">\n                                    <div class=\"image\">\n                        <img decoding=\"async\" src=\"https:\/\/jacaranda.nl\/wp-content\/uploads\/2021\/12\/dsc02946.jpg\" alt=\"\">\n                    <\/div>\n                            <\/div>\n                <div class=\"pageheader-content\">\n            <div class=\"container\">\n                                    <div class=\"inner\">\n                        <h1>Der Gro\u00dfhandel f\u00fcr Innen- und Au\u00dfendekoration<\/h1>\n                    <\/div>\n                            <\/div>\n        <\/div>\n    <\/div>\n<\/div>\n\n<div class=\"section section-content has-no-padding-bottom-d has-no-padding-bottom-m Wit\">\n    <div class=\"container\">\n                    <div class=\"content aligned-full\">\n                <h2>Der Gro\u00dfhandel f\u00fcr Innen- und Au\u00dfendekoration<\/h2>\n<p><em>Es kommt auf die Details an.<\/em> Wir von Jacaranda wissen das ganz genau. Deshalb verkaufen wir als Gro\u00dfhandel f\u00fcr Dekoration sch\u00f6ne Dekorationsmaterialien f\u00fcr drinnen und drau\u00dfen. Bei uns finden Sie genau den einen Artikel, mit dem Ihr Kunde seine Einrichtung vervollst\u00e4ndigen kann oder mit dem Sie Ihre eigene Ladeneinrichtung aufwerten k\u00f6nnen. In unserem umfangreichen Sortiment an Dekorationsmaterialien finden Sie f\u00fcr jeden Anlass und jede Jahreszeit das richtige Produkt. Denken Sie an Spiegel, Uhren, Holztabletts und auch an thematische Produkte wie Weihnachtsschmuck.<\/p>\n\n                                    <div class=\"button-holder\">\n                                                    <a href=\"https:\/\/shop.app4sales.net\/jacaranda\/#catalog?edition=28\" target=\"_blank\"\n                               class=\"button \">Schauen Sie sich unsere Dekoration an<\/a>\n                                                <\/div>\n                            <\/div>\n            <\/div>\n<\/div>\n\n<div class=\"section section-image-content has-no-padding-bottom-d has-no-padding-bottom-m\">\n    <div class=\"container\">\n        <div class=\"image-content has-image-left\">\n\n                            <div class=\"image\">\n                    <img decoding=\"async\" src=\"https:\/\/jacaranda.nl\/wp-content\/uploads\/2021\/12\/img_83558340_jpg_1.jpg\" alt=\"\"\/>\n                <\/div>\n            \n            <div class=\"content\">\n                                    <h2>Gro\u00dfhandel mit Dekoration f\u00fcr jeden Wohnstil<\/h2>\n<p>Wir sind nicht nur Gro\u00dfh\u00e4ndler f\u00fcr Dekorationen, sondern verkaufen auch Keramik, K\u00f6rbe und Vasen aus verschiedenen Materialien. Bei uns, als Gro\u00dfhandel f\u00fcr Wohndekoration, finden Sie also alles unter einem Dach. Auf den vielen Produktseiten finden Sie immer das, was Sie suchen, um Ihr Sortiment zu erweitern.<\/p>\n                \n                <div class=\"button-holder\">\n                                            <a class=\"button has-arrow\" href=\"https:\/\/shop.app4sales.net\/jacaranda\/#catalog?edition=28\"\n                           target=\"_blank\">Zum Shop gehen<\/a>\n                    \n                                    <\/div>\n            <\/div>\n        <\/div>\n    <\/div>\n<\/div>\n\n<div class=\"section section-content has-no-padding-bottom-d has-no-padding-bottom-m Wit\">\n    <div class=\"container\">\n                    <div class=\"content aligned-full\">\n                <h2>Uhren und Accessoires f\u00fcr jedes Interieur<\/h2>\n<p>Eine Uhr sollte nicht nur praktisch sein, sie sollte auch gefallen. Deshalb verkaufen wir gro\u00dfe und kleine Uhren in verschiedenen Ausf\u00fchrungen. Von industriell \u00fcber vintage bis modern. Es gibt sogar lebensgro\u00dfe Uhren im Steampunk-Stil. Ein Blickfang an jeder Wand!<\/p>\n<p><strong>Jacaranda ist auch die richtige Adresse f\u00fcr kleinere Accessoires<\/strong>. Denken Sie an einen kleinen Globus, eine Laterne, Weihnachtsschmuck oder einen dezenten Blumentopf. All diese sch\u00f6nen Accessoires k\u00f6nnen Sie f\u00fcr Ihre Kunden direkt bei uns als Gro\u00dfhandel f\u00fcr Dekoration bestellen. Mit einem sich st\u00e4ndig erneuernden Sortiment m\u00f6chten wir Sie und Ihre Kunden dazu inspirieren, alles aus einer Einrichtung herauszuholen.<\/p>\n<p>&nbsp;<\/p>\n\n                            <\/div>\n            <\/div>\n<\/div>\n\n<div class=\"section section-full-image has-no-padding-bottom-d has-no-padding-bottom-m\">\n\n        <div class=\"full-image\">\n        <img decoding=\"async\" src=\"https:\/\/jacaranda.nl\/wp-content\/uploads\/2021\/12\/img_83558544.jpg\" alt=\"\" \/>\n    <\/div>\n    <\/div>\n\n<div class=\"section section-content has-no-padding-bottom-d has-no-padding-bottom-m Wit\">\n    <div class=\"container\">\n                    <div class=\"content aligned-full\">\n                <h2>Nat\u00fcrliche Materialien<\/h2>\n<p>Als Gro\u00dfhandel f\u00fcr Dekoration haben wir uns auf <strong>nat\u00fcrliche Materialien spezialisiert.<\/strong> Unsere Produkte sind auch nachhaltig. Sie werden meist aus recycelten Materialien und immer unter fairen Bedingungen hergestellt.<\/p>\n<p>Wir m\u00f6chten Sie einladen, unser Angebot im Online-Shop zu bewundern. Dort werden Sie schnell die sch\u00f6ne Mischung von Materialien wie Keramik, Holz und Korbwaren sehen. Wir verkaufen zum Beispiel viele verschiedene Arten von Blument\u00f6pfen. Blumen und Pflanzen sind ein wichtiger Bestandteil der heutigen Inneneinrichtung. Mit unserem breiten Angebot k\u00f6nnen die Verbraucher immer den Topf w\u00e4hlen, der zu ihrer Einrichtung passt. Sie k\u00f6nnen bei uns auch tolle Blumentopff\u00fcllungen in Form von sch\u00f6nen Trockenblumen bekommen. Wir verkaufen sie in vielen Sorten, gebunden zu sch\u00f6nen Str\u00e4u\u00dfen, als Kranz oder als besonderes Arrangement.<\/p>\n\n                            <\/div>\n            <\/div>\n<\/div>\n\n<div class=\"section section-content has-no-padding-bottom-d has-no-padding-bottom-m Wit\">\n    <div class=\"container\">\n                    <div class=\"content aligned-full\">\n                <h2>Gro\u00dfhandel f\u00fcr alle Arten von Zubeh\u00f6r<\/h2>\n<p>Von unserem Gro\u00dfhandel f\u00fcr Dekoration aus erfreuen wir unsere Kunden<strong> seit 1998 mit sch\u00f6nen Accessoires<\/strong>, die den neuesten Trends entsprechen. Wir wissen, dass Ihre Kunden gezielt nach trendigen Accessoires suchen. Accessoires, wie sie in Wohnzeitschriften und auf Instagram zu sehen sind.<\/p>\n<p>Als Gro\u00dfhandel f\u00fcr Dekorationen, K\u00f6rbe, Trockenstr\u00e4u\u00dfe, Glas und Keramik reagieren wir auf die neuesten Trends. So entspricht unser Angebot immer dem, was die Menschen heute sch\u00f6n finden. Und nat\u00fcrlich reagieren wir auch auf die Jahreszeit und das Thema der jeweiligen Saison. Ostern, Weihnachten oder Herbst? <strong>Wir haben eine gro\u00dfe Auswahl f\u00fcr jeden Anlass.<\/strong><\/p>\n\n                            <\/div>\n            <\/div>\n<\/div>\n\n<div class=\"section section-cta has-no-padding-bottom-d has-no-padding-bottom-m \">\n    <div class=\"cta\">\n        <div class=\"container\">\n            <div class=\"cta-content\">\n\n                                <div class=\"content\">\n                    <h2>Stellen Sie Ihr Sortiment zusammen<\/h2>\n<p>Sind Sie neugierig auf unser gro\u00dfes Angebot und m\u00f6chten Sie es Ihren Kunden anbieten? Beantragen Sie ein Log-in f\u00fcr unseren Online-Shop und w\u00e4hlen Sie die Produkte, die Sie verkaufen m\u00f6chten.<\/p>\n<p>M\u00f6chten Sie unser Angebot zuerst in natura sehen? Auch das ist m\u00f6glich. Wir freuen uns darauf, Sie in unserem <strong>Ausstellungsraum in Aalsmeer oder in unserem mobilen Ausstellungsraum<\/strong> in Ihrer N\u00e4he zu begr\u00fc\u00dfen. Kontaktieren Sie uns, um einen Termin zu vereinbaren.<\/p>\n                <\/div>\n                \n                                <div>\n                    <a class=\"button is-cta\" href=\"https:\/\/jacaranda.nl\/de\/contact\/\" target=\"\">Nehmen Sie Kontakt auf<\/a>\n                <\/div>\n                            <\/div>\n        <\/div>\n    <\/div>\n<\/div>","protected":false},"excerpt":{"rendered":"","protected":false},"author":1,"featured_media":0,"parent":1055,"menu_order":0,"comment_status":"closed","ping_status":"closed","template":"","meta":{"_acf_changed":false,"footnotes":""},"class_list":["post-1032","page","type-page","status-publish","hentry"],"acf":[],"yoast_head":"<!-- This site is optimized with the Yoast SEO plugin v23.1 - https:\/\/yoast.com\/wordpress\/plugins\/seo\/ -->\n<title>Dekorationsartikel - Jacaranda B.V.<\/title>\n<meta name=\"description\" content=\"Van klokken tot spiegels. Van kerstdecoratie tot houten trays. Koop bij ons als groothandel in decoratie jouw producten. Duurzaam en kwalitatief!\" \/>\n<meta name=\"robots\" content=\"index, follow, max-snippet:-1, max-image-preview:large, max-video-preview:-1\" \/>\n<link rel=\"canonical\" href=\"https:\/\/jacaranda.nl\/de\/producten\/dekorationsartikel\/\" \/>\n<meta property=\"og:locale\" content=\"de_DE\" \/>\n<meta property=\"og:type\" content=\"article\" \/>\n<meta property=\"og:title\" content=\"Dekorationsartikel - Jacaranda B.V.\" \/>\n<meta property=\"og:description\" content=\"Van klokken tot spiegels. Van kerstdecoratie tot houten trays. Koop bij ons als groothandel in decoratie jouw producten. Duurzaam en kwalitatief!\" \/>\n<meta property=\"og:url\" content=\"https:\/\/jacaranda.nl\/de\/producten\/dekorationsartikel\/\" \/>\n<meta property=\"og:site_name\" content=\"Jacaranda B.V.\" \/>\n<meta property=\"article:modified_time\" content=\"2022-01-13T15:12:41+00:00\" \/>\n<meta name=\"twitter:card\" content=\"summary_large_image\" \/>\n<script type=\"application\/ld+json\" class=\"yoast-schema-graph\">{\"@context\":\"https:\/\/schema.org\",\"@graph\":[{\"@type\":\"WebPage\",\"@id\":\"https:\/\/jacaranda.nl\/de\/producten\/dekorationsartikel\/\",\"url\":\"https:\/\/jacaranda.nl\/de\/producten\/dekorationsartikel\/\",\"name\":\"Dekorationsartikel - Jacaranda B.V.\",\"isPartOf\":{\"@id\":\"https:\/\/jacaranda.nl\/#website\"},\"datePublished\":\"2021-12-06T13:44:44+00:00\",\"dateModified\":\"2022-01-13T15:12:41+00:00\",\"description\":\"Van klokken tot spiegels. Van kerstdecoratie tot houten trays. Koop bij ons als groothandel in decoratie jouw producten. Duurzaam en kwalitatief!\",\"breadcrumb\":{\"@id\":\"https:\/\/jacaranda.nl\/de\/producten\/dekorationsartikel\/#breadcrumb\"},\"inLanguage\":\"de-DE\",\"potentialAction\":[{\"@type\":\"ReadAction\",\"target\":[\"https:\/\/jacaranda.nl\/de\/producten\/dekorationsartikel\/\"]}]},{\"@type\":\"BreadcrumbList\",\"@id\":\"https:\/\/jacaranda.nl\/de\/producten\/dekorationsartikel\/#breadcrumb\",\"itemListElement\":[{\"@type\":\"ListItem\",\"position\":1,\"name\":\"Home\",\"item\":\"https:\/\/jacaranda.nl\/de\/\"},{\"@type\":\"ListItem\",\"position\":2,\"name\":\"Produkte\",\"item\":\"https:\/\/jacaranda.nl\/de\/producten\/\"},{\"@type\":\"ListItem\",\"position\":3,\"name\":\"Dekorationsartikel\"}]},{\"@type\":\"WebSite\",\"@id\":\"https:\/\/jacaranda.nl\/#website\",\"url\":\"https:\/\/jacaranda.nl\/\",\"name\":\"Jacaranda B.V.\",\"description\":\"D\u00e9 groothandel voor potten, decoratie en meer\",\"publisher\":{\"@id\":\"https:\/\/jacaranda.nl\/#organization\"},\"potentialAction\":[{\"@type\":\"SearchAction\",\"target\":{\"@type\":\"EntryPoint\",\"urlTemplate\":\"https:\/\/jacaranda.nl\/?s={search_term_string}\"},\"query-input\":\"required name=search_term_string\"}],\"inLanguage\":\"de-DE\"},{\"@type\":\"Organization\",\"@id\":\"https:\/\/jacaranda.nl\/#organization\",\"name\":\"Jacaranda B.V.\",\"url\":\"https:\/\/jacaranda.nl\/\",\"logo\":{\"@type\":\"ImageObject\",\"inLanguage\":\"de-DE\",\"@id\":\"https:\/\/jacaranda.nl\/#\/schema\/logo\/image\/\",\"url\":\"https:\/\/jacaranda.nl\/wp-content\/uploads\/2021\/11\/social-og-image.png\",\"contentUrl\":\"https:\/\/jacaranda.nl\/wp-content\/uploads\/2021\/11\/social-og-image.png\",\"width\":1200,\"height\":627,\"caption\":\"Jacaranda B.V.\"},\"image\":{\"@id\":\"https:\/\/jacaranda.nl\/#\/schema\/logo\/image\/\"}}]}<\/script>\n<!-- \/ Yoast SEO plugin. -->","yoast_head_json":{"title":"Dekorationsartikel - Jacaranda B.V.","description":"Van klokken tot spiegels. Van kerstdecoratie tot houten trays. Koop bij ons als groothandel in decoratie jouw producten. Duurzaam en kwalitatief!","robots":{"index":"index","follow":"follow","max-snippet":"max-snippet:-1","max-image-preview":"max-image-preview:large","max-video-preview":"max-video-preview:-1"},"canonical":"https:\/\/jacaranda.nl\/de\/producten\/dekorationsartikel\/","og_locale":"de_DE","og_type":"article","og_title":"Dekorationsartikel - Jacaranda B.V.","og_description":"Van klokken tot spiegels. Van kerstdecoratie tot houten trays. Koop bij ons als groothandel in decoratie jouw producten. Duurzaam en kwalitatief!","og_url":"https:\/\/jacaranda.nl\/de\/producten\/dekorationsartikel\/","og_site_name":"Jacaranda B.V.","article_modified_time":"2022-01-13T15:12:41+00:00","twitter_card":"summary_large_image","schema":{"@context":"https:\/\/schema.org","@graph":[{"@type":"WebPage","@id":"https:\/\/jacaranda.nl\/de\/producten\/dekorationsartikel\/","url":"https:\/\/jacaranda.nl\/de\/producten\/dekorationsartikel\/","name":"Dekorationsartikel - Jacaranda B.V.","isPartOf":{"@id":"https:\/\/jacaranda.nl\/#website"},"datePublished":"2021-12-06T13:44:44+00:00","dateModified":"2022-01-13T15:12:41+00:00","description":"Van klokken tot spiegels. Van kerstdecoratie tot houten trays. Koop bij ons als groothandel in decoratie jouw producten. Duurzaam en kwalitatief!","breadcrumb":{"@id":"https:\/\/jacaranda.nl\/de\/producten\/dekorationsartikel\/#breadcrumb"},"inLanguage":"de-DE","potentialAction":[{"@type":"ReadAction","target":["https:\/\/jacaranda.nl\/de\/producten\/dekorationsartikel\/"]}]},{"@type":"BreadcrumbList","@id":"https:\/\/jacaranda.nl\/de\/producten\/dekorationsartikel\/#breadcrumb","itemListElement":[{"@type":"ListItem","position":1,"name":"Home","item":"https:\/\/jacaranda.nl\/de\/"},{"@type":"ListItem","position":2,"name":"Produkte","item":"https:\/\/jacaranda.nl\/de\/producten\/"},{"@type":"ListItem","position":3,"name":"Dekorationsartikel"}]},{"@type":"WebSite","@id":"https:\/\/jacaranda.nl\/#website","url":"https:\/\/jacaranda.nl\/","name":"Jacaranda B.V.","description":"D\u00e9 groothandel voor potten, decoratie en meer","publisher":{"@id":"https:\/\/jacaranda.nl\/#organization"},"potentialAction":[{"@type":"SearchAction","target":{"@type":"EntryPoint","urlTemplate":"https:\/\/jacaranda.nl\/?s={search_term_string}"},"query-input":"required name=search_term_string"}],"inLanguage":"de-DE"},{"@type":"Organization","@id":"https:\/\/jacaranda.nl\/#organization","name":"Jacaranda B.V.","url":"https:\/\/jacaranda.nl\/","logo":{"@type":"ImageObject","inLanguage":"de-DE","@id":"https:\/\/jacaranda.nl\/#\/schema\/logo\/image\/","url":"https:\/\/jacaranda.nl\/wp-content\/uploads\/2021\/11\/social-og-image.png","contentUrl":"https:\/\/jacaranda.nl\/wp-content\/uploads\/2021\/11\/social-og-image.png","width":1200,"height":627,"caption":"Jacaranda B.V."},"image":{"@id":"https:\/\/jacaranda.nl\/#\/schema\/logo\/image\/"}}]}},"_links":{"self":[{"href":"https:\/\/jacaranda.nl\/de\/wp-json\/wp\/v2\/pages\/1032","targetHints":{"allow":["GET"]}}],"collection":[{"href":"https:\/\/jacaranda.nl\/de\/wp-json\/wp\/v2\/pages"}],"about":[{"href":"https:\/\/jacaranda.nl\/de\/wp-json\/wp\/v2\/types\/page"}],"author":[{"embeddable":true,"href":"https:\/\/jacaranda.nl\/de\/wp-json\/wp\/v2\/users\/1"}],"replies":[{"embeddable":true,"href":"https:\/\/jacaranda.nl\/de\/wp-json\/wp\/v2\/comments?post=1032"}],"version-history":[{"count":0,"href":"https:\/\/jacaranda.nl\/de\/wp-json\/wp\/v2\/pages\/1032\/revisions"}],"up":[{"embeddable":true,"href":"https:\/\/jacaranda.nl\/de\/wp-json\/wp\/v2\/pages\/1055"}],"wp:attachment":[{"href":"https:\/\/jacaranda.nl\/de\/wp-json\/wp\/v2\/media?parent=1032"}],"curies":[{"name":"wp","href":"https:\/\/api.w.org\/{rel}","templated":true}]}}