{"id":1030,"date":"2022-01-03T12:26:05","date_gmt":"2022-01-03T12:26:05","guid":{"rendered":"https:\/\/jacaranda.nl\/privacyverklaring\/"},"modified":"2022-02-08T11:56:23","modified_gmt":"2022-02-08T11:56:23","slug":"datenschutzerklarung","status":"publish","type":"page","link":"https:\/\/jacaranda.nl\/de\/datenschutzerklarung\/","title":{"rendered":"Datenschutzerkl\u00e4rung"},"content":{"rendered":"<div class=\"section section-pageheader is-small has-no-padding-top-d has-no-padding-bottom-d has-no-padding-top-m has-no-padding-bottom-m\">\n    <div class=\"pageheader-top\">\n                    <div class=\"pageheader-visual\">\n                                    <div class=\"image\">\n                        <img decoding=\"async\" src=\"https:\/\/jacaranda.nl\/wp-content\/uploads\/2022\/01\/img_83558306.jpg\" alt=\"\">\n                    <\/div>\n                            <\/div>\n                <div class=\"pageheader-content\">\n            <div class=\"container\">\n                                    <div class=\"inner\">\n                        <h1>Datenschutzerkl\u00e4rung<\/h1>\n<p>Auf dieser Seite finden Sie unsere Datenschutzerkl\u00e4rung.<\/p>\n                    <\/div>\n                            <\/div>\n        <\/div>\n    <\/div>\n<\/div>\n\n<div class=\"section section-content  Wit\">\n    <div class=\"container\">\n                    <div class=\"content aligned-full\">\n                <h2>Datenschutzerkl\u00e4rung der Website<\/h2>\n<p>Jacaranda B.V. mit Sitz in Rietwijkeroordweg 45A 1432 JG Aalsmeer ist f\u00fcr die Verarbeitung personenbezogener Daten gem\u00e4\u00df dieser Datenschutzerkl\u00e4rung verantwortlich.<\/p>\n<h3>Personenbezogene Daten, die wir verarbeiten<\/h3>\n<p>Jacaranda B.V. verarbeitet Ihre personenbezogenen Daten, weil Sie unsere Dienste nutzen und\/oder weil Sie uns diese Daten selbst zur Verf\u00fcgung stellen.<\/p>\n<p>Nachfolgend finden Sie eine \u00dcbersicht \u00fcber die von uns verarbeiteten personenbezogenen Daten:<\/p>\n<ul>\n<li>Vor-und Nachname<\/li>\n<li>Telefonnummer<\/li>\n<li>E-Mail-Addresse<\/li>\n<li>IP Adresse<\/li>\n<li>Informationen \u00fcber Ihre Aktivit\u00e4ten auf unserer Website<\/li>\n<li>Besondere und\/oder sensible personenbezogene Daten, die wir verarbeiten<\/li>\n<\/ul>\n<p>Unsere Website und\/oder unser Dienst beabsichtigen nicht, Daten \u00fcber Website-Besucher zu sammeln, die j\u00fcnger als 16 Jahre sind. Es sei denn, sie haben die Erlaubnis der Eltern oder Erziehungsberechtigten. Wir k\u00f6nnen jedoch nicht \u00fcberpr\u00fcfen, ob ein Besucher \u00e4lter als 16 Jahre ist. Wir raten Eltern daher, sich an den Online-Aktivit\u00e4ten ihrer Kinder zu beteiligen, um zu verhindern, dass Daten \u00fcber Kinder ohne Zustimmung der Eltern gesammelt werden. Wenn Sie \u00fcberzeugt sind, dass wir ohne diese Erlaubnis personenbezogene Daten \u00fcber einen Minderj\u00e4hrigen gesammelt haben, kontaktieren Sie uns bitte \u00fcber info@jacaranda.nl und wir werden diese Informationen l\u00f6schen.<\/p>\n<p>Zu welchem \u200b\u200bZweck und auf welcher Grundlage verarbeiten wir personenbezogene Daten<\/p>\n<h3>Jacaranda B.V. verarbeitet Ihre personenbezogenen Daten zu folgenden Zwecken:<\/h3>\n<ul>\n<li>Um Sie anrufen oder per E-Mail kontaktieren zu k\u00f6nnen, wenn dies f\u00fcr die Erbringung unserer Dienstleistungen erforderlich ist<\/li>\n<li>Um Sie \u00fcber \u00c4nderungen an unseren Dienstleistungen und Produkten zu informieren<\/li>\n<li>Wie lange wir personenbezogene Daten aufbewahren<\/li>\n<\/ul>\n<p>Jacaranda B.V. speichert Ihre personenbezogenen Daten nicht l\u00e4nger als unbedingt erforderlich, um die Zwecke zu erf\u00fcllen, f\u00fcr die Ihre Daten erhoben werden.<\/p>\n<h3>Weitergabe personenbezogener Daten an Dritte<\/h3>\n<p>Jacaranda B.V. werden nur an Dritte weitergegeben und nur dann, wenn dies f\u00fcr die Ausf\u00fchrung unserer Vereinbarung mit Ihnen oder zur Erf\u00fcllung einer gesetzlichen Verpflichtung erforderlich ist.<\/p>\n<h3>Cookies oder \u00e4hnliche Techniken, die wir verwenden<\/h3>\n<p>Jacaranda B.V. verwendet nur technische und funktionale Cookies. Und analytische Cookies, die Ihre Privatsph\u00e4re nicht verletzen. Ein Cookie ist eine kleine Textdatei, die auf Ihrem Computer, Tablet oder Smartphone gespeichert wird, wenn Sie diese Website zum ersten Mal besuchen. Die von uns verwendeten Cookies sind f\u00fcr das technische Funktionieren der Website und Ihre Benutzerfreundlichkeit erforderlich. Sie stellen sicher, dass die Website ordnungsgem\u00e4\u00df funktioniert und merken sich beispielsweise Ihre bevorzugten Einstellungen. Auch k\u00f6nnen wir damit unsere Website optimieren. Sie k\u00f6nnen Cookies ablehnen, indem Sie Ihren Internetbrowser so einstellen, dass er keine Cookies mehr speichert. Dar\u00fcber hinaus k\u00f6nnen Sie auch alle zuvor gespeicherten Informationen \u00fcber die Einstellungen Ihres Browsers l\u00f6schen.<\/p>\n<h3>Daten anzeigen, \u00e4ndern oder l\u00f6schen<\/h3>\n<p>Sie haben das Recht, Ihre personenbezogenen Daten einzusehen, zu korrigieren oder zu l\u00f6schen. Dar\u00fcber hinaus haben Sie das Recht, Ihre Einwilligung zur Datenverarbeitung zu widerrufen oder der Verarbeitung Ihrer personenbezogenen Daten durch Jacaranda B.V. zu widersprechen. und Sie haben das Recht auf Daten\u00fcbertragbarkeit. Das bedeutet, dass Sie uns bitten k\u00f6nnen, die personenbezogenen Daten, die wir \u00fcber Sie haben, in einer Computerdatei an Sie oder eine andere von Ihnen genannte Organisation zu senden.<\/p>\n<p>Sie k\u00f6nnen einen Antrag auf Zugang, Korrektur, L\u00f6schung, Daten\u00fcbertragung Ihrer personenbezogenen Daten oder einen Antrag auf Widerruf Ihrer Einwilligung oder Widerspruch gegen die Verarbeitung Ihrer personenbezogenen Daten an info@jacaranda.nl senden.<\/p>\n<p>Um sicherzustellen, dass der Zugangsantrag von Ihnen gestellt wurde, bitten wir Sie, dem Antrag eine Kopie Ihres Identit\u00e4tsnachweises beizuf\u00fcgen. Machen Sie in dieser Kopie Ihr Passfoto, die MRZ (maschinenlesbare Zone, der Nummernstreifen am unteren Rand des Passes), die Passnummer und die B\u00fcrgerservicenummer (BSN) schwarz. Dies dient dem Schutz Ihrer Privatsph\u00e4re. Wir werden Ihre Anfrage so schnell wie m\u00f6glich beantworten, jedoch innerhalb von vier Wochen.<\/p>\n<p>Jacaranda B.V. m\u00f6chten Sie auch darauf hinweisen, dass Sie die M\u00f6glichkeit haben, eine Beschwerde bei der nationalen Aufsichtsbeh\u00f6rde, der niederl\u00e4ndischen Datenschutzbeh\u00f6rde, einzureichen. Sie k\u00f6nnen dies \u00fcber den folgenden Link tun: https:\/\/autoriteitpersoonsgegevens.nl\/nl\/contact-met-de-autoriteit-persoonsgegevens\/tip-ons<\/p>\n<h3>Wie wir personenbezogene Daten sch\u00fctzen<\/h3>\n<p>Jacaranda B.V. nimmt den Schutz Ihrer Daten ernst und ergreift geeignete Ma\u00dfnahmen, um Missbrauch, Verlust, unbefugten Zugriff, unerw\u00fcnschte Offenlegung und unbefugte \u00c4nderung zu verhindern. Wenn Sie der Meinung sind, dass Ihre Daten nicht ausreichend gesichert sind oder Hinweise auf Missbrauch vorliegen, wenden Sie sich bitte an unseren Kundenservice oder \u00fcber info@jacaranda.nl.<\/p>\n\n                            <\/div>\n            <\/div>\n<\/div>","protected":false},"excerpt":{"rendered":"","protected":false},"author":1,"featured_media":0,"parent":0,"menu_order":0,"comment_status":"closed","ping_status":"closed","template":"","meta":{"_acf_changed":false,"footnotes":""},"class_list":["post-1030","page","type-page","status-publish","hentry"],"acf":[],"yoast_head":"<!-- This site is optimized with the Yoast SEO plugin v23.1 - https:\/\/yoast.com\/wordpress\/plugins\/seo\/ -->\n<title>Datenschutzerkl\u00e4rung - Jacaranda B.V.<\/title>\n<meta name=\"robots\" content=\"index, follow, max-snippet:-1, max-image-preview:large, max-video-preview:-1\" \/>\n<link rel=\"canonical\" href=\"https:\/\/jacaranda.nl\/de\/datenschutzerklarung\/\" \/>\n<meta property=\"og:locale\" content=\"de_DE\" \/>\n<meta property=\"og:type\" content=\"article\" \/>\n<meta property=\"og:title\" content=\"Datenschutzerkl\u00e4rung - Jacaranda B.V.\" \/>\n<meta property=\"og:url\" content=\"https:\/\/jacaranda.nl\/de\/datenschutzerklarung\/\" \/>\n<meta property=\"og:site_name\" content=\"Jacaranda B.V.\" \/>\n<meta property=\"article:modified_time\" content=\"2022-02-08T11:56:23+00:00\" \/>\n<meta name=\"twitter:card\" content=\"summary_large_image\" \/>\n<script type=\"application\/ld+json\" class=\"yoast-schema-graph\">{\"@context\":\"https:\/\/schema.org\",\"@graph\":[{\"@type\":\"WebPage\",\"@id\":\"https:\/\/jacaranda.nl\/de\/datenschutzerklarung\/\",\"url\":\"https:\/\/jacaranda.nl\/de\/datenschutzerklarung\/\",\"name\":\"Datenschutzerkl\u00e4rung - Jacaranda B.V.\",\"isPartOf\":{\"@id\":\"https:\/\/jacaranda.nl\/#website\"},\"datePublished\":\"2022-01-03T12:26:05+00:00\",\"dateModified\":\"2022-02-08T11:56:23+00:00\",\"breadcrumb\":{\"@id\":\"https:\/\/jacaranda.nl\/de\/datenschutzerklarung\/#breadcrumb\"},\"inLanguage\":\"de-DE\",\"potentialAction\":[{\"@type\":\"ReadAction\",\"target\":[\"https:\/\/jacaranda.nl\/de\/datenschutzerklarung\/\"]}]},{\"@type\":\"BreadcrumbList\",\"@id\":\"https:\/\/jacaranda.nl\/de\/datenschutzerklarung\/#breadcrumb\",\"itemListElement\":[{\"@type\":\"ListItem\",\"position\":1,\"name\":\"Home\",\"item\":\"https:\/\/jacaranda.nl\/de\/\"},{\"@type\":\"ListItem\",\"position\":2,\"name\":\"Datenschutzerkl\u00e4rung\"}]},{\"@type\":\"WebSite\",\"@id\":\"https:\/\/jacaranda.nl\/#website\",\"url\":\"https:\/\/jacaranda.nl\/\",\"name\":\"Jacaranda B.V.\",\"description\":\"D\u00e9 groothandel voor potten, decoratie en meer\",\"publisher\":{\"@id\":\"https:\/\/jacaranda.nl\/#organization\"},\"potentialAction\":[{\"@type\":\"SearchAction\",\"target\":{\"@type\":\"EntryPoint\",\"urlTemplate\":\"https:\/\/jacaranda.nl\/?s={search_term_string}\"},\"query-input\":\"required name=search_term_string\"}],\"inLanguage\":\"de-DE\"},{\"@type\":\"Organization\",\"@id\":\"https:\/\/jacaranda.nl\/#organization\",\"name\":\"Jacaranda B.V.\",\"url\":\"https:\/\/jacaranda.nl\/\",\"logo\":{\"@type\":\"ImageObject\",\"inLanguage\":\"de-DE\",\"@id\":\"https:\/\/jacaranda.nl\/#\/schema\/logo\/image\/\",\"url\":\"https:\/\/jacaranda.nl\/wp-content\/uploads\/2021\/11\/social-og-image.png\",\"contentUrl\":\"https:\/\/jacaranda.nl\/wp-content\/uploads\/2021\/11\/social-og-image.png\",\"width\":1200,\"height\":627,\"caption\":\"Jacaranda B.V.\"},\"image\":{\"@id\":\"https:\/\/jacaranda.nl\/#\/schema\/logo\/image\/\"}}]}<\/script>\n<!-- \/ Yoast SEO plugin. -->","yoast_head_json":{"title":"Datenschutzerkl\u00e4rung - Jacaranda B.V.","robots":{"index":"index","follow":"follow","max-snippet":"max-snippet:-1","max-image-preview":"max-image-preview:large","max-video-preview":"max-video-preview:-1"},"canonical":"https:\/\/jacaranda.nl\/de\/datenschutzerklarung\/","og_locale":"de_DE","og_type":"article","og_title":"Datenschutzerkl\u00e4rung - Jacaranda B.V.","og_url":"https:\/\/jacaranda.nl\/de\/datenschutzerklarung\/","og_site_name":"Jacaranda B.V.","article_modified_time":"2022-02-08T11:56:23+00:00","twitter_card":"summary_large_image","schema":{"@context":"https:\/\/schema.org","@graph":[{"@type":"WebPage","@id":"https:\/\/jacaranda.nl\/de\/datenschutzerklarung\/","url":"https:\/\/jacaranda.nl\/de\/datenschutzerklarung\/","name":"Datenschutzerkl\u00e4rung - Jacaranda B.V.","isPartOf":{"@id":"https:\/\/jacaranda.nl\/#website"},"datePublished":"2022-01-03T12:26:05+00:00","dateModified":"2022-02-08T11:56:23+00:00","breadcrumb":{"@id":"https:\/\/jacaranda.nl\/de\/datenschutzerklarung\/#breadcrumb"},"inLanguage":"de-DE","potentialAction":[{"@type":"ReadAction","target":["https:\/\/jacaranda.nl\/de\/datenschutzerklarung\/"]}]},{"@type":"BreadcrumbList","@id":"https:\/\/jacaranda.nl\/de\/datenschutzerklarung\/#breadcrumb","itemListElement":[{"@type":"ListItem","position":1,"name":"Home","item":"https:\/\/jacaranda.nl\/de\/"},{"@type":"ListItem","position":2,"name":"Datenschutzerkl\u00e4rung"}]},{"@type":"WebSite","@id":"https:\/\/jacaranda.nl\/#website","url":"https:\/\/jacaranda.nl\/","name":"Jacaranda B.V.","description":"D\u00e9 groothandel voor potten, decoratie en meer","publisher":{"@id":"https:\/\/jacaranda.nl\/#organization"},"potentialAction":[{"@type":"SearchAction","target":{"@type":"EntryPoint","urlTemplate":"https:\/\/jacaranda.nl\/?s={search_term_string}"},"query-input":"required name=search_term_string"}],"inLanguage":"de-DE"},{"@type":"Organization","@id":"https:\/\/jacaranda.nl\/#organization","name":"Jacaranda B.V.","url":"https:\/\/jacaranda.nl\/","logo":{"@type":"ImageObject","inLanguage":"de-DE","@id":"https:\/\/jacaranda.nl\/#\/schema\/logo\/image\/","url":"https:\/\/jacaranda.nl\/wp-content\/uploads\/2021\/11\/social-og-image.png","contentUrl":"https:\/\/jacaranda.nl\/wp-content\/uploads\/2021\/11\/social-og-image.png","width":1200,"height":627,"caption":"Jacaranda B.V."},"image":{"@id":"https:\/\/jacaranda.nl\/#\/schema\/logo\/image\/"}}]}},"_links":{"self":[{"href":"https:\/\/jacaranda.nl\/de\/wp-json\/wp\/v2\/pages\/1030","targetHints":{"allow":["GET"]}}],"collection":[{"href":"https:\/\/jacaranda.nl\/de\/wp-json\/wp\/v2\/pages"}],"about":[{"href":"https:\/\/jacaranda.nl\/de\/wp-json\/wp\/v2\/types\/page"}],"author":[{"embeddable":true,"href":"https:\/\/jacaranda.nl\/de\/wp-json\/wp\/v2\/users\/1"}],"replies":[{"embeddable":true,"href":"https:\/\/jacaranda.nl\/de\/wp-json\/wp\/v2\/comments?post=1030"}],"version-history":[{"count":0,"href":"https:\/\/jacaranda.nl\/de\/wp-json\/wp\/v2\/pages\/1030\/revisions"}],"wp:attachment":[{"href":"https:\/\/jacaranda.nl\/de\/wp-json\/wp\/v2\/media?parent=1030"}],"curies":[{"name":"wp","href":"https:\/\/api.w.org\/{rel}","templated":true}]}}